{"id":1488,"date":"2019-11-18T12:23:03","date_gmt":"2019-11-18T08:23:03","guid":{"rendered":"https:\/\/setap.az\/?page_id=1488"},"modified":"2026-02-06T14:46:10","modified_gmt":"2026-02-06T10:46:10","slug":"%c9%99laq%c9%99","status":"publish","type":"page","link":"https:\/\/setap.az\/?page_id=1488","title":{"rendered":"\u018flaq\u0259"},"content":{"rendered":"\t\t<div data-elementor-type=\"wp-page\" data-elementor-id=\"1488\" class=\"elementor elementor-1488\">\n\t\t\t\t\t\t<section class=\"elementor-section elementor-top-section elementor-element elementor-element-3ea9876e elementor-section-boxed elementor-section-height-default elementor-section-height-default\" data-id=\"3ea9876e\" data-element_type=\"section\">\n\t\t\t\t\t\t<div class=\"elementor-container elementor-column-gap-default\">\n\t\t\t\t\t<div class=\"elementor-column elementor-col-100 elementor-top-column elementor-element elementor-element-2894a2e2\" data-id=\"2894a2e2\" data-element_type=\"column\">\n\t\t\t<div class=\"elementor-widget-wrap elementor-element-populated\">\n\t\t\t\t\t\t<div class=\"elementor-element elementor-element-4a168dbb elementor-widget__width-initial elementor-widget elementor-widget-text-editor\" data-id=\"4a168dbb\" data-element_type=\"widget\" data-widget_type=\"text-editor.default\">\n\t\t\t\t<div class=\"elementor-widget-container\">\n\t\t\t\t\t\t\t\t\t<p><strong><\/strong><\/p>\n<p><strong><\/strong><\/p>\n<p><strong><\/strong><\/p><strong>\n<p>[vc_row full_width=&#8221;stretch_row&#8221; equal_height=&#8221;yes&#8221; bg_type=&#8221;bg_color&#8221; type=&#8221;vc_default&#8221; margin_top=&#8221;75&#8243; margin_bottom=&#8221;-20&#8243; css=&#8221;.vc_custom_1491379839707{padding-top: 70px !important;padding-bottom: 70px !important;background-color: #ffffff !important;}&#8221; bg_color_value=&#8221;#ffffff&#8221;][vc_column css=&#8221;.vc_custom_1479032696835{padding-bottom: 40px !important;}&#8221; offset=&#8221;vc_col-lg-offset-1 vc_col-lg-10 vc_col-md-offset-0 vc_col-md-12 vc_col-sm-offset-0&#8243;][vc_row_inner equal_height=&#8221;yes&#8221;][vc_column_inner width=&#8221;1\/3&#8243; css=&#8221;.vc_custom_1479032888299{padding-bottom: 35px !important;}&#8221;]<div id=\"ultimate-heading-763169f4deadd3d8d\" class=\"uvc-heading ult-adjust-bottom-margin ultimate-heading-763169f4deadd3d8d uvc-3553 color-title accent-icon-color\" data-hspacer=\"icon_only\"  data-halign=\"center\" style=\"text-align:center\"><div class=\"uvc-heading-spacer icon_only\" style=\"margin-bottom:20px;\"><div class=\"ult-just-icon-wrapper  \"><div class=\"align-icon\" style=\"text-align:center;\">\n<div class=\"aio-icon none \"  style=\"font-size:48px;display:inline-block;\">\n\t<i class=\"icomoon-font-awesome-14x14-map-o\"><\/i>\n<\/div><\/div><\/div><\/div><div class=\"uvc-main-heading ult-responsive\"  data-ultimate-target='.uvc-heading.ultimate-heading-763169f4deadd3d8d h2'  data-responsive-json-new='{\"font-size\":\"desktop:12px;\",\"line-height\":\"desktop:24px;\"}' ><h2 style=\"font-weight:bold;color:#bbbbbb;margin-bottom:4px;\">\u00dcNVAN<\/h2><\/div><div class=\"uvc-sub-heading ult-responsive\"  data-ultimate-target='.uvc-heading.ultimate-heading-763169f4deadd3d8d .uvc-sub-heading '  data-responsive-json-new='{\"font-size\":\"\",\"line-height\":\"\"}'  style=\"font-weight:bold;margin-bottom:0px;\">&nbsp;&nbsp;<a href=\"https:\/\/goo.gl\/maps\/tfpXxAH37Xgqdy3J7\" target=\"_blank\" rel=\"noopener\" style=\"word-spacing: normal;\">Ma\u011faza: 1<\/a>&nbsp;<b><font face=\"Calibri, sans-serif\"><span style=\"font-size: 14.6667px;\"><font color=\"#ed7d31\">&#8220;<\/font><\/span><\/font><\/b><a href=\"https:\/\/goo.gl\/maps\/tfpXxAH37Xgqdy3J7\" target=\"_blank\" rel=\"noopener\" style=\"word-spacing: normal; outline: 0px;\">Setap Elektronika<\/a><b style=\"word-spacing: normal;\"><a href=\"https:\/\/goo.gl\/maps\/tfpXxAH37Xgqdy3J7\" target=\"_blank\" rel=\"noopener\" style=\"word-spacing: normal;\">&#8221;&nbsp;<\/a><\/b><\/p>\n<\/strong><p><strong><\/strong><strong><\/strong><\/p><strong>\n<p><b><a href=\"https:\/\/goo.gl\/maps\/tfpXxAH37Xgqdy3J7\" target=\"_blank\" rel=\"noopener\" style=\"word-spacing: normal;\">Sumqay\u0131t \u015f.<\/a>&nbsp;<\/b><a href=\"https:\/\/goo.gl\/maps\/tfpXxAH37Xgqdy3J7\" target=\"_blank\" rel=\"noopener\" style=\"word-spacing: normal;\"><b>17-ci mkr, \u0130.Qay\u0131bov 20 k\u00fc\u00e7.<\/b><\/a><\/p>\n<p><b><span lang=\"AZ-LATIN\" style=\"color:#ED7D31;mso-themecolor: accent2;mso-ansi-language:AZ-LATIN\">&nbsp;\u018flaq\u0259: +994 70 648 00 15<o:p><\/o:p><\/span><\/b><\/p>\n<p><b><font color=\"#ed7d31\" face=\"Times New Roman, serif\"><span style=\"font-size: 14.6667px;\">Ma\u011faza: 2&nbsp; &#8220;S<\/span><\/font><a href=\"https:\/\/goo.gl\/maps\/yuCGKFQVVKCbbRzD8\" target=\"_blank\" rel=\"noopener\">adiq Komp\u00fcter M\u0259rk\u0259zi&#8221;<\/a><\/b><\/p>\n<p><b><a href=\"https:\/\/goo.gl\/maps\/yuCGKFQVVKCbbRzD8\" target=\"_blank\" rel=\"noopener\">Sumqay\u0131t \u015f. 9-cu mkr, \u00dc.Hac\u0131b\u0259yov k\u00fc\u00e7<\/a><\/b><b style=\"word-spacing: normal;\">&nbsp;<\/b><\/p>\n<p><b>&nbsp;<\/b><span style=\"word-spacing: normal;\"><span lang=\"AZ-LATIN\" style=\"font-size: 12pt; line-height: 107%; font-family: &quot;Times New Roman&quot;, serif; color: rgb(237, 125, 49);\"><b>\u018flaq\u0259:&nbsp;<\/b><\/span><\/span><span style=\"word-spacing: normal;\"><span lang=\"AZ-LATIN\" style=\"font-size: 11pt; line-height: 107%; font-family: &quot;Times New Roman&quot;, serif; color: rgb(237, 125, 49);\"><b>+994 77 340 55 55<\/b><\/span><\/span><\/p>\n<p><b><span style=\"word-spacing: normal;\"><span lang=\"AZ-LATIN\" style=\"font-size: 12pt; line-height: 107%; font-family: &quot;Times New Roman&quot;, serif; color: rgb(237, 125, 49);\">Ma\u011faza: 3&nbsp; &#8220;<\/span><\/span><span style=\"word-spacing: normal;\"><span lang=\"AZ-LATIN\" style=\"font-size:12.0pt; line-height:107%;font-family:&quot;Times New Roman&quot;,serif;mso-fareast-font-family: Calibri;mso-fareast-theme-font:minor-latin;color:#ED7D31;mso-themecolor:accent2; mso-ansi-language:AZ-LATIN;mso-fareast-language:EN-US;mso-bidi-language:AR-SA\">Sadiq 21<\/span><\/span><span style=\"word-spacing: normal; color: rgb(237, 125, 49); font-family: &quot;Times New Roman&quot;, serif; font-size: 12pt;\">&#8220;<\/span><\/b><\/p>\n<p><b><span style=\"word-spacing: normal; color: rgb(237, 125, 49); font-family: &quot;Times New Roman&quot;, serif; font-size: 12pt;\">&nbsp;Sumqay\u0131t \u015f.&nbsp;<\/span><\/b><b style=\"color: rgb(237, 125, 49); font-family: &quot;Times New Roman&quot;, serif; font-size: 12pt; word-spacing: normal;\">21 &#8211; ci m\u0259h\u0259ll\u0259 \u0130. Qay\u0131bov k\u00fc\u00e7\u0259si<\/b><\/p>\n<p><span style=\"word-spacing: normal;\"><span lang=\"AZ-LATIN\" style=\"font-size: 12pt; line-height: 107%; font-family: &quot;Times New Roman&quot;, serif; color: rgb(237, 125, 49);\"><b>&nbsp;\u018flaq\u0259: +994 10 526 84 44<\/b><\/span><\/span><\/p>\n<p><\/div><\/div>[\/vc_column_inner][vc_column_inner width=&#8221;1\/3&#8243; css=&#8221;.vc_custom_1479032922138{padding-bottom: 35px !important;}&#8221;]<\/p>\n<p><b><span lang=\"AZ-LATIN\" style=\"font-size:12.0pt;line-height: 107%;font-family:&quot;Times New Roman&quot;,serif;color:#ED7D31;mso-themecolor:accent2; mso-ansi-language:AZ-LATIN\"><o:p><\/o:p><\/span><\/b><\/p>\n<p><b><span lang=\"AZ-LATIN\" style=\"font-size:14.0pt;line-height: 107%;font-family:&quot;Times New Roman&quot;,serif;color:#ED7D31;mso-themecolor:accent2; mso-ansi-language:AZ-LATIN\"><o:p><\/o:p><\/span><\/b><\/p>\n<div id=\"ultimate-heading-749769f4deadd3e1d\" class=\"uvc-heading ult-adjust-bottom-margin ultimate-heading-749769f4deadd3e1d uvc-9536 color-title accent-icon-color\" data-hspacer=\"icon_only\"  data-halign=\"center\" style=\"text-align:center\"><div class=\"uvc-heading-spacer icon_only\" style=\"margin-bottom:20px;\"><div class=\"ult-just-icon-wrapper  \"><div class=\"align-icon\" style=\"text-align:center;\">\n<div class=\"aio-icon none \"  style=\"font-size:48px;display:inline-block;\">\n\t<i class=\"icomoon-font-awesome-14x14-phone\"><\/i>\n<\/div><\/div><\/div><\/div><div class=\"uvc-main-heading ult-responsive\"  data-ultimate-target='.uvc-heading.ultimate-heading-749769f4deadd3e1d h2'  data-responsive-json-new='{\"font-size\":\"desktop:12px;\",\"line-height\":\"desktop:24px;\"}' ><h2 style=\"font-weight:bold;color:#bbbbbb;margin-bottom:4px;\">\u018fLAQ\u018f N\u00d6MR\u018fL\u018fR\u0130<\/h2><\/div><div class=\"uvc-sub-heading ult-responsive\"  data-ultimate-target='.uvc-heading.ultimate-heading-749769f4deadd3e1d .uvc-sub-heading '  data-responsive-json-new='{\"font-size\":\"\",\"line-height\":\"\"}'  style=\"font-weight:bold;margin-bottom:0px;\"><span style=\"font-weight: 700;\" sat\u0131\u015f=\"\" meneceri:+994=\"\" 70=\"\" 222=\"\" 84=\"\" 44&nbsp;<=\"\" span=\"\"><\/span><\/p>\n<p>S<b>at\u0131\u015f meneceri:+994 70 222 84 44<\/b><\/p>\n<p><span style=\"font-weight: 700;\">M\u0259rk\u0259z:+994 70 648 00 15<\/span><\/p>\n<p><span style=\"font-weight: 700;\">Usta:+994 77 340 55 55<\/span><\/p>\n<p><\/div><\/div>[\/vc_column_inner][vc_column_inner width=&#8221;1\/3&#8243; css=&#8221;.vc_custom_1479032922138{padding-bottom: 35px !important;}&#8221;]<div id=\"ultimate-heading-983369f4deadd3e71\" class=\"uvc-heading ult-adjust-bottom-margin ultimate-heading-983369f4deadd3e71 uvc-9478 color-title accent-icon-color\" data-hspacer=\"icon_only\"  data-halign=\"center\" style=\"text-align:center\"><div class=\"uvc-heading-spacer icon_only\" style=\"margin-bottom:20px;\"><div class=\"ult-just-icon-wrapper  \"><div class=\"align-icon\" style=\"text-align:center;\">\n<div class=\"aio-icon none \"  style=\"font-size:48px;display:inline-block;\">\n\t<i class=\"icomoon-font-awesome-14x14-envelope-o\"><\/i>\n<\/div><\/div><\/div><\/div><div class=\"uvc-main-heading ult-responsive\"  data-ultimate-target='.uvc-heading.ultimate-heading-983369f4deadd3e71 h2'  data-responsive-json-new='{\"font-size\":\"desktop:12px;\",\"line-height\":\"desktop:24px;\"}' ><h2 style=\"font-weight:bold;color:#bbbbbb;margin-bottom:4px;\">E-PO\u00c7T<\/h2><\/div><div class=\"uvc-sub-heading ult-responsive\"  data-ultimate-target='.uvc-heading.ultimate-heading-983369f4deadd3e71 .uvc-sub-heading '  data-responsive-json-new='{\"font-size\":\"\",\"line-height\":\"\"}'  style=\"font-weight:bold;margin-bottom:0px;\">cahangirovelshad@gmail.com<\/p>\n<p>jahangirlimuhammed@gmail.com<\/p>\n<p><\/div><\/div>[\/vc_column_inner][\/vc_row_inner][\/vc_column][vc_column offset=&#8221;vc_col-lg-offset-2 vc_col-lg-8 vc_col-md-offset-1 vc_col-md-11 vc_col-sm-offset-0&#8243;]<div id=\"ultimate-heading-41969f4deadd3e9d\" class=\"uvc-heading ult-adjust-bottom-margin ultimate-heading-41969f4deadd3e9d uvc-94 \" data-hspacer=\"no_spacer\"  data-halign=\"center\" style=\"text-align:center\"><div class=\"uvc-heading-spacer no_spacer\" style=\"top\"><\/div><div class=\"uvc-main-heading ult-responsive\"  data-ultimate-target='.uvc-heading.ultimate-heading-41969f4deadd3e9d h2'  data-responsive-json-new='{\"font-size\":\"desktop:24px;\",\"line-height\":\"desktop:34px;\"}' ><h2 style=\"font-weight:bold;margin-bottom:25px;\">Biz\u0259 yaz\u0131n<\/h2><\/div><\/div>\n<div class=\"wpcf7 no-js\" id=\"wpcf7-f1448-o1\" lang=\"az\" dir=\"ltr\" data-wpcf7-id=\"1448\">\n<div class=\"screen-reader-response\"><p role=\"status\" aria-live=\"polite\" aria-atomic=\"true\"><\/p> <ul><\/ul><\/div>\n<form action=\"\/index.php?rest_route=%2Fwp%2Fv2%2Fpages%2F1488#wpcf7-f1448-o1\" method=\"post\" class=\"wpcf7-form init\" aria-label=\"Contact form\" novalidate=\"novalidate\" data-status=\"init\">\n<fieldset class=\"hidden-fields-container\"><input type=\"hidden\" name=\"_wpcf7\" value=\"1448\" \/><input type=\"hidden\" name=\"_wpcf7_version\" value=\"6.1.2\" \/><input type=\"hidden\" name=\"_wpcf7_locale\" value=\"az\" \/><input type=\"hidden\" name=\"_wpcf7_unit_tag\" value=\"wpcf7-f1448-o1\" \/><input type=\"hidden\" name=\"_wpcf7_container_post\" value=\"0\" \/><input type=\"hidden\" name=\"_wpcf7_posted_data_hash\" value=\"\" \/>\n<\/fieldset>\n<p><label> Ad\u0131n\u0131z<br \/>\n<span class=\"wpcf7-form-control-wrap\" data-name=\"your-name\"><input size=\"40\" maxlength=\"400\" class=\"wpcf7-form-control wpcf7-text wpcf7-validates-as-required\" aria-required=\"true\" aria-invalid=\"false\" value=\"\" type=\"text\" name=\"your-name\" \/><\/span> <\/label>\n<\/p>\n<p><label> E-po\u00e7tunuz<br \/>\n<span class=\"wpcf7-form-control-wrap\" data-name=\"your-email\"><input size=\"40\" maxlength=\"400\" class=\"wpcf7-form-control wpcf7-email wpcf7-validates-as-required wpcf7-text wpcf7-validates-as-email\" aria-required=\"true\" aria-invalid=\"false\" value=\"\" type=\"email\" name=\"your-email\" \/><\/span> <\/label>\n<\/p>\n<p><label> M\u00f6vzu<br \/>\n<span class=\"wpcf7-form-control-wrap\" data-name=\"your-subject\"><input size=\"40\" maxlength=\"400\" class=\"wpcf7-form-control wpcf7-text\" aria-invalid=\"false\" value=\"\" type=\"text\" name=\"your-subject\" \/><\/span> <\/label>\n<\/p>\n<p><label> Mesaj\u0131n\u0131z<br \/>\n<span class=\"wpcf7-form-control-wrap\" data-name=\"your-message\"><textarea cols=\"40\" rows=\"10\" maxlength=\"2000\" class=\"wpcf7-form-control wpcf7-textarea\" aria-invalid=\"false\" name=\"your-message\"><\/textarea><\/span> <\/label>\n<\/p>\n<p><input class=\"wpcf7-form-control wpcf7-submit has-spinner\" type=\"submit\" value=\"G\u00f6nd\u0259r\" \/>\n<\/p><p style=\"display: none !important;\" class=\"akismet-fields-container\" data-prefix=\"_wpcf7_ak_\"><label>&#916;<textarea name=\"_wpcf7_ak_hp_textarea\" cols=\"45\" rows=\"8\" maxlength=\"100\"><\/textarea><\/label><input type=\"hidden\" id=\"ak_js_1\" name=\"_wpcf7_ak_js\" value=\"178\"\/><script>document.getElementById( \"ak_js_1\" ).setAttribute( \"value\", ( new Date() ).getTime() );<\/script><\/p><div class=\"wpcf7-response-output\" aria-hidden=\"true\"><\/div>\n<\/form>\n<\/div>\n[\/vc_column][\/vc_row][vc_row bg_type=&#8221;bg_color&#8221; bg_override=&#8221;ex-full&#8221; type=&#8221;vc_default&#8221; css=&#8221;.vc_custom_1501164240550{padding-top: 10px !important;padding-bottom: 10px !important;}&#8221; bg_color_value=&#8221;#f4f4f4&#8243;][vc_column offset=&#8221;vc_col-lg-offset-1 vc_col-lg-10 vc_col-md-offset-0 vc_col-md-12 vc_col-sm-offset-0 vc_col-xs-12&#8243;][vc_row_inner css=&#8221;.vc_custom_1479056947997{padding-top: 50px !important;}&#8221;][vc_column_inner width=&#8221;1\/3&#8243; css=&#8221;.vc_custom_1689422769934{margin-left: 100px !important;padding-bottom: 50px !important;}&#8221; offset=&#8221;vc_col-lg-4 vc_col-md-4&#8243;]<div class=\"ult-just-icon-wrapper accent-icon-color accent-border-color  vc_custom_1573655572403\"><div class=\"align-icon\" style=\"text-align:center;\">\n<a class=\"aio-tooltip 69f4deadd6a92\" href=\"http:\/\/instagram.com\/setap.elektronika?igshid=ZDc4ODBmNjlmNQ==\" target=\"_blank\" rel=\"noopener\"  data-toggle=\"tooltip\" data-placement=\"\"><div class=\"aio-icon advanced \"  style=\"border-style:solid;border-color:;border-width:3px;width:60px;height:60px;line-height:60px;border-radius:500px;font-size:28px;display:inline-block;\">\n\t<i class=\"Defaults-instagram\"><\/i>\n<\/div><\/a><\/div><\/div><div id=\"ultimate-heading-834169f4deadd6ad7\" class=\"uvc-heading ult-adjust-bottom-margin ultimate-heading-834169f4deadd6ad7 uvc-8400 accent-subtitle-color\" data-hspacer=\"no_spacer\"  data-halign=\"center\" style=\"text-align:center\"><div class=\"uvc-heading-spacer no_spacer\" style=\"top\"><\/div><div class=\"uvc-main-heading ult-responsive\"  data-ultimate-target='.uvc-heading.ultimate-heading-834169f4deadd6ad7 h2'  data-responsive-json-new='{\"font-size\":\"desktop:25px;\",\"line-height\":\"desktop:24px;\"}' ><h2 style=\"font-weight:bold;margin-top:10px;margin-bottom:4px;\">\u0130NSTAGRAM<\/h2><\/div><\/div>[\/vc_column_inner][vc_column_inner width=&#8221;1\/3&#8243; css=&#8221;.vc_custom_1689422790965{margin-left: 250px !important;padding-bottom: 50px !important;}&#8221; offset=&#8221;vc_col-lg-4 vc_col-md-4&#8243;]<div class=\"ult-just-icon-wrapper accent-icon-color accent-border-color  vc_custom_1491380387156\"><div class=\"align-icon\" style=\"text-align:center;\">\n<a class=\"aio-tooltip 69f4deadd6b15\" href=\"http:\/\/facebook.com\/profile.php?id=100091387983467&amp;mibextid=ZbWKwL\" target=\"_blank\" rel=\"noopener\"  data-toggle=\"tooltip\" data-placement=\"\"><div class=\"aio-icon advanced \"  style=\"border-style:solid;border-color:;border-width:3px;width:60px;height:60px;line-height:60px;border-radius:500px;font-size:28px;display:inline-block;\">\n\t<i class=\"icomoon-font-awesome-14x14-facebook facebook-f\"><\/i>\n<\/div><\/a><\/div><\/div><div id=\"ultimate-heading-923869f4deadd6b40\" class=\"uvc-heading ult-adjust-bottom-margin ultimate-heading-923869f4deadd6b40 uvc-5946 accent-subtitle-color\" data-hspacer=\"no_spacer\"  data-halign=\"center\" style=\"text-align:center\"><div class=\"uvc-heading-spacer no_spacer\" style=\"top\"><\/div><div class=\"uvc-main-heading ult-responsive\"  data-ultimate-target='.uvc-heading.ultimate-heading-923869f4deadd6b40 h2'  data-responsive-json-new='{\"font-size\":\"desktop:25px;\",\"line-height\":\"desktop:24px;\"}' ><h2 style=\"font-weight:bold;margin-bottom:4px;\">FACEBOOK<\/h2><\/div><\/div>[\/vc_column_inner][\/vc_row_inner][\/vc_column][\/vc_row]<!-- Created with Elementor --><\/p>\n<\/strong><p><strong><\/strong><\/p>\n<p><strong><\/strong><\/p>\t\t\t\t\t\t\t\t<\/div>\n\t\t\t\t<\/div>\n\t\t\t\t\t<\/div>\n\t\t<\/div>\n\t\t\t\t\t<\/div>\n\t\t<\/section>\n\t\t\t\t<\/div>\n\t\t","protected":false},"excerpt":{"rendered":"<p>[vc_row full_width=&#8221;stretch_row&#8221; equal_height=&#8221;yes&#8221; bg_type=&#8221;bg_color&#8221; type=&#8221;vc_default&#8221; margin_top=&#8221;75&#8243; margin_bottom=&#8221;-20&#8243; css=&#8221;.vc_custom_1491379839707{padding-top: 70px !important;padding-bottom: 70px !important;background-color: #ffffff !important;}&#8221; bg_color_value=&#8221;#ffffff&#8221;][vc_column css=&#8221;.vc_custom_1479032696835{padding-bottom: 40px !important;}&#8221; offset=&#8221;vc_col-lg-offset-1 vc_col-lg-10 vc_col-md-offset-0 vc_col-md-12 vc_col-sm-offset-0&#8243;][vc_row_inner equal_height=&#8221;yes&#8221;][vc_column_inner width=&#8221;1\/3&#8243; css=&#8221;.vc_custom_1479032888299{padding-bottom: 35px !important;}&#8221;][\/vc_column_inner][vc_column_inner width=&#8221;1\/3&#8243; css=&#8221;.vc_custom_1479032922138{padding-bottom: 35px !important;}&#8221;] [\/vc_column_inner][vc_column_inner width=&#8221;1\/3&#8243; css=&#8221;.vc_custom_1479032922138{padding-bottom: 35px !important;}&#8221;][\/vc_column_inner][\/vc_row_inner][\/vc_column][vc_column offset=&#8221;vc_col-lg-offset-2 vc_col-lg-8 vc_col-md-offset-1 vc_col-md-11 vc_col-sm-offset-0&#8243;][\/vc_column][\/vc_row][vc_row bg_type=&#8221;bg_color&#8221; bg_override=&#8221;ex-full&#8221; type=&#8221;vc_default&#8221; css=&#8221;.vc_custom_1501164240550{padding-top: 10px !important;padding-bottom: 10px !important;}&#8221; bg_color_value=&#8221;#f4f4f4&#8243;][vc_column offset=&#8221;vc_col-lg-offset-1 vc_col-lg-10 vc_col-md-offset-0 vc_col-md-12&hellip;<\/p>\n","protected":false},"author":1,"featured_media":0,"parent":0,"menu_order":0,"comment_status":"closed","ping_status":"closed","template":"","meta":[],"class_list":["post-1488","page","type-page","status-publish","hentry","description-off"],"_links":{"self":[{"href":"https:\/\/setap.az\/index.php?rest_route=\/wp\/v2\/pages\/1488","targetHints":{"allow":["GET"]}}],"collection":[{"href":"https:\/\/setap.az\/index.php?rest_route=\/wp\/v2\/pages"}],"about":[{"href":"https:\/\/setap.az\/index.php?rest_route=\/wp\/v2\/types\/page"}],"author":[{"embeddable":true,"href":"https:\/\/setap.az\/index.php?rest_route=\/wp\/v2\/users\/1"}],"replies":[{"embeddable":true,"href":"https:\/\/setap.az\/index.php?rest_route=%2Fwp%2Fv2%2Fcomments&post=1488"}],"version-history":[{"count":67,"href":"https:\/\/setap.az\/index.php?rest_route=\/wp\/v2\/pages\/1488\/revisions"}],"predecessor-version":[{"id":20710,"href":"https:\/\/setap.az\/index.php?rest_route=\/wp\/v2\/pages\/1488\/revisions\/20710"}],"wp:attachment":[{"href":"https:\/\/setap.az\/index.php?rest_route=%2Fwp%2Fv2%2Fmedia&parent=1488"}],"curies":[{"name":"wp","href":"https:\/\/api.w.org\/{rel}","templated":true}]}}