{"id":1493,"date":"2019-11-18T12:24:58","date_gmt":"2019-11-18T08:24:58","guid":{"rendered":"https:\/\/setap.az\/?page_id=1493"},"modified":"2023-07-21T11:37:44","modified_gmt":"2023-07-21T07:37:44","slug":"contact-2","status":"publish","type":"page","link":"https:\/\/setap.az\/?page_id=1493&lang=en","title":{"rendered":"Contact"},"content":{"rendered":"<p>[vc_row][vc_column][vc_column_text]<p>[\/vc_column_text][\/vc_column][\/vc_row][vc_row full_width=&#8221;stretch_row&#8221; equal_height=&#8221;yes&#8221; bg_type=&#8221;bg_color&#8221; type=&#8221;vc_default&#8221; margin_top=&#8221;75&#8243; margin_bottom=&#8221;-20&#8243; css=&#8221;.vc_custom_1491379839707{padding-top: 70px !important;padding-bottom: 70px !important;background-color: #ffffff !important;}&#8221; bg_color_value=&#8221;#ffffff&#8221;][vc_column css=&#8221;.vc_custom_1479032696835{padding-bottom: 40px !important;}&#8221; offset=&#8221;vc_col-lg-offset-1 vc_col-lg-10 vc_col-md-offset-0 vc_col-md-12 vc_col-sm-offset-0&#8243;][vc_row_inner equal_height=&#8221;yes&#8221;][vc_column_inner width=&#8221;1\/3&#8243; css=&#8221;.vc_custom_1479032888299{padding-bottom: 35px !important;}&#8221;]<div id=\"ultimate-heading-562369f4f0389ca84\" class=\"uvc-heading ult-adjust-bottom-margin ultimate-heading-562369f4f0389ca84 uvc-6256 color-title accent-icon-color\" data-hspacer=\"icon_only\"  data-halign=\"center\" style=\"text-align:center\"><div class=\"uvc-heading-spacer icon_only\" style=\"margin-bottom:20px;\"><div class=\"ult-just-icon-wrapper  \"><div class=\"align-icon\" style=\"text-align:center;\">\n<div class=\"aio-icon none \"  style=\"font-size:48px;display:inline-block;\">\n\t<i class=\"icomoon-font-awesome-14x14-map-o\"><\/i>\n<\/div><\/div><\/div><\/div><div class=\"uvc-main-heading ult-responsive\"  data-ultimate-target='.uvc-heading.ultimate-heading-562369f4f0389ca84 h2'  data-responsive-json-new='{\"font-size\":\"desktop:12px;\",\"line-height\":\"desktop:24px;\"}' ><h2 style=\"font-weight:bold;color:#bbbbbb;margin-bottom:4px;\">ADRESS<\/h2><\/div><div class=\"uvc-sub-heading ult-responsive\"  data-ultimate-target='.uvc-heading.ultimate-heading-562369f4f0389ca84 .uvc-sub-heading '  data-responsive-json-new='{\"font-size\":\"\",\"line-height\":\"\"}'  style=\"font-weight:bold;margin-bottom:0px;\"><a href=\"https:\/\/goo.gl\/maps\/tfpXxAH37Xgqdy3J7\" target=\"_blank\" rel=\"noopener\">Setap Elektronika &#8211; Sumqay\u0131t \u015f.<br \/>\n17-ci mkr, \u0130.Qay\u0131bov 20 k\u00fc\u00e7.<\/a><\/p>\n<p><a href=\"https:\/\/goo.gl\/maps\/yuCGKFQVVKCbbRzD8\" target=\"_blank\" rel=\"noopener\">Sadiq Computer Center &#8211; Sumgayit s.<br \/>\n9th mkr, U. Hajibeyov street<a><\/div><\/div>[\/vc_column_inner][vc_column_inner width=&#8221;1\/3&#8243; css=&#8221;.vc_custom_1479032916919{padding-bottom: 35px !important;}&#8221;]<div id=\"ultimate-heading-129869f4f0389cb02\" class=\"uvc-heading ult-adjust-bottom-margin ultimate-heading-129869f4f0389cb02 uvc-8132 color-title accent-icon-color\" data-hspacer=\"icon_only\"  data-halign=\"center\" style=\"text-align:center\"><div class=\"uvc-heading-spacer icon_only\" style=\"margin-bottom:20px;\"><div class=\"ult-just-icon-wrapper  \"><div class=\"align-icon\" style=\"text-align:center;\">\n<div class=\"aio-icon none \"  style=\"font-size:48px;display:inline-block;\">\n\t<i class=\"icomoon-font-awesome-14x14-phone\"><\/i>\n<\/div><\/div><\/div><\/div><div class=\"uvc-main-heading ult-responsive\"  data-ultimate-target='.uvc-heading.ultimate-heading-129869f4f0389cb02 h2'  data-responsive-json-new='{\"font-size\":\"desktop:12px;\",\"line-height\":\"desktop:24px;\"}' ><h2 style=\"font-weight:bold;color:#bbbbbb;margin-bottom:4px;\">PHONE<\/h2><\/div><div class=\"uvc-sub-heading ult-responsive\"  data-ultimate-target='.uvc-heading.ultimate-heading-129869f4f0389cb02 .uvc-sub-heading '  data-responsive-json-new='{\"font-size\":\"\",\"line-height\":\"\"}'  style=\"font-weight:bold;margin-bottom:0px;\">+994 70-222-84-44<br \/>\nSetap Elektronics:<br \/>\n+994 70-648-00-15<br \/>\nSadiq Computer Center:<br \/>\n+994 70-508-44-44<\/p>\n<p><\/div><\/div>[\/vc_column_inner][vc_column_inner width=&#8221;1\/3&#8243; css=&#8221;.vc_custom_1479032922138{padding-bottom: 35px !important;}&#8221;]<div id=\"ultimate-heading-482169f4f0389cb58\" class=\"uvc-heading ult-adjust-bottom-margin ultimate-heading-482169f4f0389cb58 uvc-9257 color-title accent-icon-color\" data-hspacer=\"icon_only\"  data-halign=\"center\" style=\"text-align:center\"><div class=\"uvc-heading-spacer icon_only\" style=\"margin-bottom:20px;\"><div class=\"ult-just-icon-wrapper  \"><div class=\"align-icon\" style=\"text-align:center;\">\n<div class=\"aio-icon none \"  style=\"font-size:48px;display:inline-block;\">\n\t<i class=\"icomoon-font-awesome-14x14-envelope-o\"><\/i>\n<\/div><\/div><\/div><\/div><div class=\"uvc-main-heading ult-responsive\"  data-ultimate-target='.uvc-heading.ultimate-heading-482169f4f0389cb58 h2'  data-responsive-json-new='{\"font-size\":\"desktop:12px;\",\"line-height\":\"desktop:24px;\"}' ><h2 style=\"font-weight:bold;color:#bbbbbb;margin-bottom:4px;\">EMA\u0130L<\/h2><\/div><div class=\"uvc-sub-heading ult-responsive\"  data-ultimate-target='.uvc-heading.ultimate-heading-482169f4f0389cb58 .uvc-sub-heading '  data-responsive-json-new='{\"font-size\":\"\",\"line-height\":\"\"}'  style=\"font-weight:bold;margin-bottom:0px;\"><\/p>\n<p>cahangirovelshad@gmail.com<br \/>\nsetapmektebli@gmail.com<\/p>\n<p><\/div><\/div>[\/vc_column_inner][\/vc_row_inner][\/vc_column][vc_column offset=&#8221;vc_col-lg-offset-2 vc_col-lg-8 vc_col-md-offset-1 vc_col-md-11 vc_col-sm-offset-0&#8243;]<div id=\"ultimate-heading-297069f4f0389cb70\" class=\"uvc-heading ult-adjust-bottom-margin ultimate-heading-297069f4f0389cb70 uvc-1996 \" data-hspacer=\"no_spacer\"  data-halign=\"center\" style=\"text-align:center\"><div class=\"uvc-heading-spacer no_spacer\" style=\"top\"><\/div><div class=\"uvc-main-heading ult-responsive\"  data-ultimate-target='.uvc-heading.ultimate-heading-297069f4f0389cb70 h2'  data-responsive-json-new='{\"font-size\":\"desktop:24px;\",\"line-height\":\"desktop:34px;\"}' ><h2 style=\"font-weight:bold;margin-bottom:25px;\">CONTACT US<\/h2><\/div><\/div>\n<div class=\"wpcf7 no-js\" id=\"wpcf7-f1498-o1\" lang=\"az\" dir=\"ltr\" data-wpcf7-id=\"1498\">\n<div class=\"screen-reader-response\"><p role=\"status\" aria-live=\"polite\" aria-atomic=\"true\"><\/p> <ul><\/ul><\/div>\n<form action=\"\/index.php?rest_route=%2Fwp%2Fv2%2Fpages%2F1493#wpcf7-f1498-o1\" method=\"post\" class=\"wpcf7-form init\" aria-label=\"Contact form\" novalidate=\"novalidate\" data-status=\"init\">\n<fieldset class=\"hidden-fields-container\"><input type=\"hidden\" name=\"_wpcf7\" value=\"1498\" \/><input type=\"hidden\" name=\"_wpcf7_version\" value=\"6.1.2\" \/><input type=\"hidden\" name=\"_wpcf7_locale\" value=\"az\" \/><input type=\"hidden\" name=\"_wpcf7_unit_tag\" value=\"wpcf7-f1498-o1\" \/><input type=\"hidden\" name=\"_wpcf7_container_post\" value=\"0\" \/><input type=\"hidden\" name=\"_wpcf7_posted_data_hash\" value=\"\" \/>\n<\/fieldset>\n<p><label> Name *<br \/>\n<span class=\"wpcf7-form-control-wrap\" data-name=\"your-name\"><input size=\"40\" maxlength=\"400\" class=\"wpcf7-form-control wpcf7-text wpcf7-validates-as-required\" aria-required=\"true\" aria-invalid=\"false\" value=\"\" type=\"text\" name=\"your-name\" \/><\/span> <\/label>\n<\/p>\n<p><label> Email *<br \/>\n<span class=\"wpcf7-form-control-wrap\" data-name=\"your-email\"><input size=\"40\" maxlength=\"400\" class=\"wpcf7-form-control wpcf7-email wpcf7-validates-as-required wpcf7-text wpcf7-validates-as-email\" aria-required=\"true\" aria-invalid=\"false\" value=\"\" type=\"email\" name=\"your-email\" \/><\/span> <\/label>\n<\/p>\n<p><label> Theme<br \/>\n<span class=\"wpcf7-form-control-wrap\" data-name=\"your-subject\"><input size=\"40\" maxlength=\"400\" class=\"wpcf7-form-control wpcf7-text\" aria-invalid=\"false\" value=\"\" type=\"text\" name=\"your-subject\" \/><\/span> <\/label>\n<\/p>\n<p><label> Text<br \/>\n<span class=\"wpcf7-form-control-wrap\" data-name=\"your-message\"><textarea cols=\"40\" rows=\"10\" maxlength=\"2000\" class=\"wpcf7-form-control wpcf7-textarea\" aria-invalid=\"false\" name=\"your-message\"><\/textarea><\/span> <\/label>\n<\/p>\n<p><input class=\"wpcf7-form-control wpcf7-submit has-spinner\" type=\"submit\" value=\"Send\" \/>\n<\/p><p style=\"display: none !important;\" class=\"akismet-fields-container\" data-prefix=\"_wpcf7_ak_\"><label>&#916;<textarea name=\"_wpcf7_ak_hp_textarea\" cols=\"45\" rows=\"8\" maxlength=\"100\"><\/textarea><\/label><input type=\"hidden\" id=\"ak_js_1\" name=\"_wpcf7_ak_js\" value=\"81\"\/><script>document.getElementById( \"ak_js_1\" ).setAttribute( \"value\", ( new Date() ).getTime() );<\/script><\/p><div class=\"wpcf7-response-output\" aria-hidden=\"true\"><\/div>\n<\/form>\n<\/div>\n[\/vc_column][\/vc_row][vc_row][vc_column][vc_column_text]<\/p>\n<p>[\/vc_column_text][\/vc_column][\/vc_row][vc_row][vc_column][vc_column_text]<\/p>\n<\/p>\n<p>[\/vc_column_text][\/vc_column][\/vc_row][vc_row bg_type=&#8221;bg_color&#8221; bg_override=&#8221;ex-full&#8221; type=&#8221;vc_default&#8221; css=&#8221;.vc_custom_1501164240550{padding-top: 10px !important;padding-bottom: 10px !important;}&#8221; bg_color_value=&#8221;#f4f4f4&#8243;][vc_column offset=&#8221;vc_col-lg-offset-1 vc_col-lg-10 vc_col-md-offset-0 vc_col-md-12 vc_col-sm-offset-0 vc_col-xs-12&#8243;][vc_row_inner css=&#8221;.vc_custom_1479056947997{padding-top: 50px !important;}&#8221;][vc_column_inner width=&#8221;1\/3&#8243; css=&#8221;.vc_custom_1491380326495{padding-bottom: 50px !important;}&#8221; offset=&#8221;vc_col-lg-4 vc_col-md-4&#8243;]<div class=\"ult-just-icon-wrapper accent-icon-color accent-border-color  vc_custom_1573655492020\"><div class=\"align-icon\" style=\"text-align:center;\">\n<a class=\"aio-tooltip 69f4f0389f21d\" href=\"http:\/\/themeforest.net\/item\/the7-responsive-multipurpose-wordpress-theme\/5556590\" target=\"_blank\" rel=\"noopener\"  data-toggle=\"tooltip\" data-placement=\"\"><div class=\"aio-icon advanced \"  style=\"border-style:solid;border-color:;border-width:3px;width:60px;height:60px;line-height:60px;border-radius:500px;font-size:28px;display:inline-block;\">\n\t<i class=\"Defaults-youtube\"><\/i>\n<\/div><\/a><\/div><\/div><div id=\"ultimate-heading-641169f4f0389f25a\" class=\"uvc-heading ult-adjust-bottom-margin ultimate-heading-641169f4f0389f25a uvc-1834 accent-subtitle-color\" data-hspacer=\"no_spacer\"  data-halign=\"center\" style=\"text-align:center\"><div class=\"uvc-heading-spacer no_spacer\" style=\"top\"><\/div><div class=\"uvc-main-heading ult-responsive\"  data-ultimate-target='.uvc-heading.ultimate-heading-641169f4f0389f25a h2'  data-responsive-json-new='{\"font-size\":\"desktop:12px;\",\"line-height\":\"desktop:24px;\"}' ><h2 style=\"font-weight:bold;margin-bottom:4px;\">YOUTUBE<\/h2><\/div><\/div>[\/vc_column_inner][vc_column_inner width=&#8221;1\/3&#8243; css=&#8221;.vc_custom_1491380320678{padding-bottom: 50px !important;}&#8221; offset=&#8221;vc_col-lg-4 vc_col-md-4&#8243;]<div class=\"ult-just-icon-wrapper accent-icon-color accent-border-color  vc_custom_1573655572403\"><div class=\"align-icon\" style=\"text-align:center;\">\n<a class=\"aio-tooltip 69f4f0389f28e\" href=\"http:\/\/themeforest.net\/item\/the7-responsive-multipurpose-wordpress-theme\/5556590\" target=\"_blank\" rel=\"noopener\"  data-toggle=\"tooltip\" data-placement=\"\"><div class=\"aio-icon advanced \"  style=\"border-style:solid;border-color:;border-width:3px;width:60px;height:60px;line-height:60px;border-radius:500px;font-size:28px;display:inline-block;\">\n\t<i class=\"Defaults-instagram\"><\/i>\n<\/div><\/a><\/div><\/div><div id=\"ultimate-heading-605569f4f0389f2aa\" class=\"uvc-heading ult-adjust-bottom-margin ultimate-heading-605569f4f0389f2aa uvc-7106 accent-subtitle-color\" data-hspacer=\"no_spacer\"  data-halign=\"center\" style=\"text-align:center\"><div class=\"uvc-heading-spacer no_spacer\" style=\"top\"><\/div><div class=\"uvc-main-heading ult-responsive\"  data-ultimate-target='.uvc-heading.ultimate-heading-605569f4f0389f2aa h2'  data-responsive-json-new='{\"font-size\":\"desktop:12px;\",\"line-height\":\"desktop:24px;\"}' ><h2 style=\"font-weight:bold;margin-bottom:4px;\">\u0130NSTAGRAM<\/h2><\/div><\/div>[\/vc_column_inner][vc_column_inner width=&#8221;1\/3&#8243; css=&#8221;.vc_custom_1491380312947{padding-bottom: 50px !important;}&#8221; offset=&#8221;vc_col-lg-4 vc_col-md-4&#8243;]<div class=\"ult-just-icon-wrapper accent-icon-color accent-border-color  vc_custom_1491380387156\"><div class=\"align-icon\" style=\"text-align:center;\">\n<a class=\"aio-tooltip 69f4f0389f2d6\" href=\"http:\/\/themeforest.net\/item\/the7-responsive-multipurpose-wordpress-theme\/5556590\" target=\"_blank\" rel=\"noopener\"  data-toggle=\"tooltip\" data-placement=\"\"><div class=\"aio-icon advanced \"  style=\"border-style:solid;border-color:;border-width:3px;width:60px;height:60px;line-height:60px;border-radius:500px;font-size:28px;display:inline-block;\">\n\t<i class=\"icomoon-font-awesome-14x14-facebook facebook-f\"><\/i>\n<\/div><\/a><\/div><\/div><div id=\"ultimate-heading-714569f4f0389f2f0\" class=\"uvc-heading ult-adjust-bottom-margin ultimate-heading-714569f4f0389f2f0 uvc-2860 accent-subtitle-color\" data-hspacer=\"no_spacer\"  data-halign=\"center\" style=\"text-align:center\"><div class=\"uvc-heading-spacer no_spacer\" style=\"top\"><\/div><div class=\"uvc-main-heading ult-responsive\"  data-ultimate-target='.uvc-heading.ultimate-heading-714569f4f0389f2f0 h2'  data-responsive-json-new='{\"font-size\":\"desktop:12px;\",\"line-height\":\"desktop:24px;\"}' ><h2 style=\"font-weight:bold;margin-bottom:4px;\">FACEBOOK<\/h2><\/div><\/div>[\/vc_column_inner][\/vc_row_inner][\/vc_column][\/vc_row][vc_row][vc_column][vc_column_text][\/vc_column_text][\/vc_column][\/vc_row]<\/p>\n","protected":false},"excerpt":{"rendered":"<p>[vc_row][vc_column][vc_column_text]<\/p>\n","protected":false},"author":1,"featured_media":0,"parent":0,"menu_order":0,"comment_status":"closed","ping_status":"closed","template":"","meta":[],"class_list":["post-1493","page","type-page","status-publish","hentry","description-off"],"_links":{"self":[{"href":"https:\/\/setap.az\/index.php?rest_route=\/wp\/v2\/pages\/1493","targetHints":{"allow":["GET"]}}],"collection":[{"href":"https:\/\/setap.az\/index.php?rest_route=\/wp\/v2\/pages"}],"about":[{"href":"https:\/\/setap.az\/index.php?rest_route=\/wp\/v2\/types\/page"}],"author":[{"embeddable":true,"href":"https:\/\/setap.az\/index.php?rest_route=\/wp\/v2\/users\/1"}],"replies":[{"embeddable":true,"href":"https:\/\/setap.az\/index.php?rest_route=%2Fwp%2Fv2%2Fcomments&post=1493"}],"version-history":[{"count":4,"href":"https:\/\/setap.az\/index.php?rest_route=\/wp\/v2\/pages\/1493\/revisions"}],"predecessor-version":[{"id":2765,"href":"https:\/\/setap.az\/index.php?rest_route=\/wp\/v2\/pages\/1493\/revisions\/2765"}],"wp:attachment":[{"href":"https:\/\/setap.az\/index.php?rest_route=%2Fwp%2Fv2%2Fmedia&parent=1493"}],"curies":[{"name":"wp","href":"https:\/\/api.w.org\/{rel}","templated":true}]}}