{"id":18866,"date":"2025-05-03T14:01:55","date_gmt":"2025-05-03T10:01:55","guid":{"rendered":"https:\/\/setap.az\/?post_type=product&#038;p=18866"},"modified":"2026-01-31T09:16:57","modified_gmt":"2026-01-31T05:16:57","slug":"kamera-ucun-kronsteyn","status":"publish","type":"product","link":"https:\/\/setap.az\/?product=kamera-ucun-kronsteyn","title":{"rendered":"Kamera \u00fc\u00e7\u00fcn kran\u015fteyn"},"content":{"rendered":"<p>T\u0259hl\u00fck\u0259sizlik kameralar\u0131 \u00fc\u00e7\u00fcn kran\u015fteynl\u0259r endirimd\u0259<br \/>\n25sm &#8211; 12azn<br \/>\n50sm &#8211; 13azn<br \/>\n75sm &#8211; 15azn<br \/>\n1metr &#8211; 25azn<\/p>\n","protected":false},"excerpt":{"rendered":"<p>T\u0259hl\u00fck\u0259sizlik kameralar\u0131 \u00fc\u00e7\u00fcn kran\u015fteynl\u0259r endirimd\u0259 25sm &#8211; 12azn 50sm &#8211; 13azn 75sm &#8211; 15azn 1metr &#8211; 25azn<\/p>\n","protected":false},"featured_media":18867,"comment_status":"open","ping_status":"closed","template":"","meta":[],"product_cat":[2845],"product_tag":[2956,2957,2958,2960,2959],"class_list":{"0":"post-18866","1":"product","2":"type-product","3":"status-publish","4":"has-post-thumbnail","6":"product_cat-kronsteyn-v-brkidicilr","7":"product_tag-cambox","8":"product_tag-camboxrus","9":"product_tag-2958","10":"product_tag-2960","11":"product_tag-2959","12":"description-off","14":"first","15":"instock","16":"shipping-taxable","17":"purchasable","18":"product-type-simple"},"_links":{"self":[{"href":"https:\/\/setap.az\/index.php?rest_route=\/wp\/v2\/product\/18866","targetHints":{"allow":["GET"]}}],"collection":[{"href":"https:\/\/setap.az\/index.php?rest_route=\/wp\/v2\/product"}],"about":[{"href":"https:\/\/setap.az\/index.php?rest_route=\/wp\/v2\/types\/product"}],"replies":[{"embeddable":true,"href":"https:\/\/setap.az\/index.php?rest_route=%2Fwp%2Fv2%2Fcomments&post=18866"}],"wp:featuredmedia":[{"embeddable":true,"href":"https:\/\/setap.az\/index.php?rest_route=\/wp\/v2\/media\/18867"}],"wp:attachment":[{"href":"https:\/\/setap.az\/index.php?rest_route=%2Fwp%2Fv2%2Fmedia&parent=18866"}],"wp:term":[{"taxonomy":"product_cat","embeddable":true,"href":"https:\/\/setap.az\/index.php?rest_route=%2Fwp%2Fv2%2Fproduct_cat&post=18866"},{"taxonomy":"product_tag","embeddable":true,"href":"https:\/\/setap.az\/index.php?rest_route=%2Fwp%2Fv2%2Fproduct_tag&post=18866"}],"curies":[{"name":"wp","href":"https:\/\/api.w.org\/{rel}","templated":true}]}}