{"id":18872,"date":"2025-05-03T15:08:21","date_gmt":"2025-05-03T11:08:21","guid":{"rendered":"https:\/\/setap.az\/?post_type=product&#038;p=18872"},"modified":"2025-05-03T15:08:21","modified_gmt":"2025-05-03T11:08:21","slug":"halo-h80x-ax3000-2-diapazonlu-wi-fi-6","status":"publish","type":"product","link":"https:\/\/setap.az\/?product=halo-h80x-ax3000-2-diapazonlu-wi-fi-6","title":{"rendered":"Halo H80X AX3000 2 diapazonlu Wi-Fi 6"},"content":{"rendered":"<p>\u2714 Halo H80X AX3000 2 diapazonlu Wi-Fi 6 &#8211; 2,4 GHz-d\u0259 574 Mbps-\u0259 q\u0259d\u0259r + 5 GHz-d\u0259 2402 Mbps-\u0259 q\u0259d\u0259r<\/p>\n<p>AX3000 Mesh Wi-Fi 6 \u2013 G\u0259l\u0259c\u0259yin interneti bu g\u00fcn!<br \/>\nStabil \u2022 T\u0259hl\u00fck\u0259siz \u2022 A\u011f\u0131ll\u0131 \u2022 S\u00fcr\u0259tli<\/p>\n<p>\u2714 Qabaqc\u0131l Mesh texnologiyas\u0131 say\u0259sind\u0259 Halo modullar\u0131 \u00fcmumi Wi-Fi \u015f\u0259b\u0259k\u0259 ad\u0131 v\u0259 parol2 il\u0259 vahid \u015f\u0259b\u0259k\u0259 t\u0259\u015fkil edir.<\/p>\n<p>\u2714 Sorunsuz rouminq &#8211; evinizd\u0259 h\u0259r\u0259k\u0259t ed\u0259rk\u0259n avtomatik olaraq Halo Wi-Fi modullar\u0131 aras\u0131nda ke\u00e7id edir v\u0259 siz\u0259 b\u00fct\u00fcn cihazlar\u0131n\u0131zda \u0259n yax\u015f\u0131 siqnal v\u0259 \u0259n s\u00fcr\u0259tli qo\u015fulma s\u00fcr\u0259tini verir<\/p>\n<p>\u2714 B\u00fct\u00fcn evd\u0259 \u0259hat\u0259 dair\u0259si &#8211; 460 m\u00b2-\u0259 q\u0259d\u0259r y\u00fcks\u0259k s\u00fcr\u0259tli Wi-Fi z\u0259if Wi-Fi siqnal sah\u0259l\u0259rini aradan qald\u0131r\u0131r<\/p>\n<p>\u2714 Dual-band Wi-Fi &#8211; Halo H80X 3 Gbps-\u0259 q\u0259d\u0259r s\u00fcr\u0259tl\u0259 100-d\u0259n \u00e7ox cihaz \u00fc\u00e7\u00fcn sabit \u0259laq\u0259 t\u0259min ed\u0259 bil\u0259r v\u0259 b\u00fct\u00fcn \u0259sas ISP v\u0259 modeml\u0259rl\u0259 i\u015fl\u0259yir.<\/p>\n<p>\u2714 Gigabit portlar\u0131 &#8211; H\u0259r bir Halo cihaz\u0131nda \u00fc\u00e7 Gigabit port ild\u0131r\u0131m s\u00fcr\u0259tind\u0259 simli ba\u011flant\u0131lar t\u0259min edir<\/p>\n","protected":false},"excerpt":{"rendered":"<p>\u2714 Halo H80X AX3000 2 diapazonlu Wi-Fi 6 &#8211; 2,4 GHz-d\u0259 574 Mbps-\u0259 q\u0259d\u0259r + 5 GHz-d\u0259 2402 Mbps-\u0259 q\u0259d\u0259r AX3000 Mesh Wi-Fi 6 \u2013 G\u0259l\u0259c\u0259yin interneti bu g\u00fcn! Stabil \u2022 T\u0259hl\u00fck\u0259siz \u2022 A\u011f\u0131ll\u0131 \u2022 S\u00fcr\u0259tli \u2714 Qabaqc\u0131l Mesh texnologiyas\u0131 say\u0259sind\u0259 Halo modullar\u0131 \u00fcmumi Wi-Fi \u015f\u0259b\u0259k\u0259 ad\u0131 v\u0259 parol2 il\u0259 vahid \u015f\u0259b\u0259k\u0259 t\u0259\u015fkil edir. \u2714&hellip;<\/p>\n","protected":false},"featured_media":18873,"comment_status":"open","ping_status":"closed","template":"","meta":[],"product_cat":[2969],"product_tag":[2972,2925,2973,2971,2917,2970],"class_list":{"0":"post-18872","1":"product","2":"type-product","3":"status-publish","4":"has-post-thumbnail","6":"product_cat-siqnal-guclndiricilri-v-antenlr","7":"product_tag-adepttech","8":"product_tag-mercusys","9":"product_tag-meshwifisystem","10":"product_tag-network","11":"product_tag-wifi6","12":"product_tag-wirelessrouter","13":"description-off","15":"first","16":"instock","17":"shipping-taxable","18":"purchasable","19":"product-type-simple"},"_links":{"self":[{"href":"https:\/\/setap.az\/index.php?rest_route=\/wp\/v2\/product\/18872","targetHints":{"allow":["GET"]}}],"collection":[{"href":"https:\/\/setap.az\/index.php?rest_route=\/wp\/v2\/product"}],"about":[{"href":"https:\/\/setap.az\/index.php?rest_route=\/wp\/v2\/types\/product"}],"replies":[{"embeddable":true,"href":"https:\/\/setap.az\/index.php?rest_route=%2Fwp%2Fv2%2Fcomments&post=18872"}],"wp:featuredmedia":[{"embeddable":true,"href":"https:\/\/setap.az\/index.php?rest_route=\/wp\/v2\/media\/18873"}],"wp:attachment":[{"href":"https:\/\/setap.az\/index.php?rest_route=%2Fwp%2Fv2%2Fmedia&parent=18872"}],"wp:term":[{"taxonomy":"product_cat","embeddable":true,"href":"https:\/\/setap.az\/index.php?rest_route=%2Fwp%2Fv2%2Fproduct_cat&post=18872"},{"taxonomy":"product_tag","embeddable":true,"href":"https:\/\/setap.az\/index.php?rest_route=%2Fwp%2Fv2%2Fproduct_tag&post=18872"}],"curies":[{"name":"wp","href":"https:\/\/api.w.org\/{rel}","templated":true}]}}