{"id":18876,"date":"2025-05-03T15:26:33","date_gmt":"2025-05-03T11:26:33","guid":{"rendered":"https:\/\/setap.az\/?post_type=product&#038;p=18876"},"modified":"2025-06-23T11:19:58","modified_gmt":"2025-06-23T07:19:58","slug":"kommutator-24-port-switch-tplink-tl-sg1024d","status":"publish","type":"product","link":"https:\/\/setap.az\/?product=kommutator-24-port-switch-tplink-tl-sg1024d","title":{"rendered":"Kommutator &#8220;24 port switch Tplink TL-SG1024D&#8221;"},"content":{"rendered":"<p>TP-Link TL-SG1024D \u2014 24 portlu Gigabit switch-dir, Y\u00fcks\u0259k s\u00fcr\u0259tli \u015f\u0259b\u0259k\u0259 ba\u011flant\u0131s\u0131 \u00fc\u00e7\u00fcn n\u0259z\u0259rd\u0259 tutulub, Plug &#038; Play, s\u0259ssiz i\u015fl\u0259yir, ofis v\u0259 \u015f\u0259b\u0259k\u0259 qur\u011fular\u0131 \u00fc\u00e7\u00fcn ideald\u0131r.<br \/>\nQ\u0131sa icmal:<br \/>\n\u2022 24 \u0259d\u0259d 10\/100\/1000 Mbit\/s (RJ45) port<br \/>\n\u2022 \u0130nnovativ enerji q\u0259na\u0259t texnologiyas\u0131 say\u0259sind\u0259 enerji istehlak\u0131na 25%-d\u0259k q\u0259na\u0259t m\u00fcmk\u00fcnd\u00fcr<br \/>\n\u2022 MAC \u00fcnvanlar\u0131n\u0131n avtomatik m\u00fc\u0259yy\u0259n edilm\u0259si v\u0259 yadda saxlan\u0131lmas\u0131 funksiyas\u0131n\u0131, h\u0259m\u00e7inin auto-MDI\/MDIX d\u0259st\u0259yini t\u0259min edir<br \/>\n\u2022 Standart 19 d\u00fcyml\u00fck metal korpus, r\u0259f (rack) montaj\u0131 \u00fc\u00e7\u00fcn uy\u011fundur<\/p>\n","protected":false},"excerpt":{"rendered":"<p>TP-Link TL-SG1024D \u2014 24 portlu Gigabit switch-dir, Y\u00fcks\u0259k s\u00fcr\u0259tli \u015f\u0259b\u0259k\u0259 ba\u011flant\u0131s\u0131 \u00fc\u00e7\u00fcn n\u0259z\u0259rd\u0259 tutulub, Plug &#038; Play, s\u0259ssiz i\u015fl\u0259yir, ofis v\u0259 \u015f\u0259b\u0259k\u0259 qur\u011fular\u0131 \u00fc\u00e7\u00fcn ideald\u0131r. Q\u0131sa icmal: \u2022 24 \u0259d\u0259d 10\/100\/1000 Mbit\/s (RJ45) port \u2022 \u0130nnovativ enerji q\u0259na\u0259t texnologiyas\u0131 say\u0259sind\u0259 enerji istehlak\u0131na 25%-d\u0259k q\u0259na\u0259t m\u00fcmk\u00fcnd\u00fcr \u2022 MAC \u00fcnvanlar\u0131n\u0131n avtomatik m\u00fc\u0259yy\u0259n edilm\u0259si v\u0259 yadda saxlan\u0131lmas\u0131 funksiyas\u0131n\u0131,&hellip;<\/p>\n","protected":false},"featured_media":18877,"comment_status":"open","ping_status":"closed","template":"","meta":[],"product_cat":[2955,2848],"product_tag":[2974,2976,2926,2975],"class_list":{"0":"post-18876","1":"product","2":"type-product","3":"status-publish","4":"has-post-thumbnail","6":"product_cat-kommutatorlar","7":"product_cat-poe-kommutatorlar","8":"product_tag-24port","9":"product_tag-24portswitch","10":"product_tag-tplink","11":"product_tag-tplinksg1024","12":"description-off","14":"first","15":"instock","16":"shipping-taxable","17":"purchasable","18":"product-type-simple"},"_links":{"self":[{"href":"https:\/\/setap.az\/index.php?rest_route=\/wp\/v2\/product\/18876","targetHints":{"allow":["GET"]}}],"collection":[{"href":"https:\/\/setap.az\/index.php?rest_route=\/wp\/v2\/product"}],"about":[{"href":"https:\/\/setap.az\/index.php?rest_route=\/wp\/v2\/types\/product"}],"replies":[{"embeddable":true,"href":"https:\/\/setap.az\/index.php?rest_route=%2Fwp%2Fv2%2Fcomments&post=18876"}],"wp:featuredmedia":[{"embeddable":true,"href":"https:\/\/setap.az\/index.php?rest_route=\/wp\/v2\/media\/18877"}],"wp:attachment":[{"href":"https:\/\/setap.az\/index.php?rest_route=%2Fwp%2Fv2%2Fmedia&parent=18876"}],"wp:term":[{"taxonomy":"product_cat","embeddable":true,"href":"https:\/\/setap.az\/index.php?rest_route=%2Fwp%2Fv2%2Fproduct_cat&post=18876"},{"taxonomy":"product_tag","embeddable":true,"href":"https:\/\/setap.az\/index.php?rest_route=%2Fwp%2Fv2%2Fproduct_tag&post=18876"}],"curies":[{"name":"wp","href":"https:\/\/api.w.org\/{rel}","templated":true}]}}