{"id":18901,"date":"2025-05-03T16:49:10","date_gmt":"2025-05-03T12:49:10","guid":{"rendered":"https:\/\/setap.az\/?post_type=product&#038;p=18901"},"modified":"2025-06-26T12:50:36","modified_gmt":"2025-06-26T08:50:36","slug":"tapo-c220-pan-tilt-funksiyali-wi-fi-t%c9%99hluk%c9%99sizlik-kamerasi","status":"publish","type":"product","link":"https:\/\/setap.az\/?product=tapo-c220-pan-tilt-funksiyali-wi-fi-t%c9%99hluk%c9%99sizlik-kamerasi","title":{"rendered":"Tapo C220 Pan\/Tilt funksiyal\u0131 Wi-Fi t\u0259hl\u00fck\u0259sizlik kameras\u0131"},"content":{"rendered":"<p>\u2714 Model: Tapo C220 Panorama v\u0259 \u0259yilm\u0259 funksiyal\u0131 Wi-Fi t\u0259hl\u00fck\u0259sizlik kameras\u0131<br \/>\n\u2714 G\u00f6r\u00fcnt\u00fc keyfiyy\u0259ti: 2K 4MP QHD (2560 \u00d7 1440), 15 kadr\/s<br \/>\n\u2714 Linza: Sabit, F\/NO: 2.0, fokus m\u0259saf\u0259si: 4 mm<br \/>\n\u2714 Bax\u0131\u015f buca\u011f\u0131: 360\u00b0 \u00fcf\u00fcqi, 114\u00b0 \u015faquli<br \/>\n\u2714 Gec\u0259 g\u00f6r\u00fcnt\u00fcs\u00fc: 9 m-\u0259 q\u0259d\u0259r (850 nm \u0130Q LED)<br \/>\n\u2714 Wi-Fi: 2.4 GHz, IEEE 802.11b\/g\/n<br \/>\n\u2714 S\u0259kil: \u0130kit\u0259r\u0259fli (daxili mikrofon v\u0259 dinamik)<br \/>\n\u2714 Yadda\u015f: MicroSD, 512 GB-a q\u0259d\u0259r (t\u0259xmin\u0259n 384 saat video)<br \/>\n\u2714 Funksiyalar: H\u0259r\u0259k\u0259t a\u015fkarlama, izl\u0259m\u0259, s\u0259s v\u0259 i\u015f\u0131q siqnal\u0131<br \/>\n\u2714 \u0130dar\u0259etm\u0259: Tapo t\u0259tbiqi (iOS, Android), s\u0259sl\u0259 idar\u0259etm\u0259 (Alexa, Google Assistant)<br \/>\n\u2714 G\u00fcc t\u0259chizat\u0131: DC 9 V, 0.6 A (adapter daxildir)<br \/>\n\u2714 T\u0259tbiq: Ev, u\u015faq v\u0259 heyvan monitorinqi<br \/>\n\u2714 \u0130\u015f temperaturu: 0\u00b0C il\u0259 +40\u00b0C aras\u0131nda<br \/>\n\u2714 \u00d6l\u00e7\u00fcl\u0259r: 86.6 \u00d7 85 \u00d7 117.7 mm<br \/>\n\u2714 \u00c7\u0259ki: 0.26 kq<\/p>\n","protected":false},"excerpt":{"rendered":"<p>\u2714 Model: Tapo C220 Panorama v\u0259 \u0259yilm\u0259 funksiyal\u0131 Wi-Fi t\u0259hl\u00fck\u0259sizlik kameras\u0131 \u2714 G\u00f6r\u00fcnt\u00fc keyfiyy\u0259ti: 2K 4MP QHD (2560 \u00d7 1440), 15 kadr\/s \u2714 Linza: Sabit, F\/NO: 2.0, fokus m\u0259saf\u0259si: 4 mm \u2714 Bax\u0131\u015f buca\u011f\u0131: 360\u00b0 \u00fcf\u00fcqi, 114\u00b0 \u015faquli \u2714 Gec\u0259 g\u00f6r\u00fcnt\u00fcs\u00fc: 9 m-\u0259 q\u0259d\u0259r (850 nm \u0130Q LED) \u2714 Wi-Fi: 2.4 GHz, IEEE 802.11b\/g\/n \u2714&hellip;<\/p>\n","protected":false},"featured_media":18902,"comment_status":"open","ping_status":"closed","template":"","meta":[],"product_cat":[4088,2849,2862],"product_tag":[2931,2930,2932,2928,2977,2926,2929],"class_list":{"0":"post-18901","1":"product","2":"type-product","3":"status-publish","4":"has-post-thumbnail","6":"product_cat-tp-link","7":"product_cat-videokameralar","8":"product_cat-wifi-kameralar","9":"product_tag-2kqhd","10":"product_tag-evguvnliyi","11":"product_tag-gecegorusu","12":"product_tag-guvenlik","13":"product_tag-tapoc220","14":"product_tag-tplink","15":"product_tag-wifikamera","16":"description-off","18":"first","19":"instock","20":"shipping-taxable","21":"purchasable","22":"product-type-simple"},"_links":{"self":[{"href":"https:\/\/setap.az\/index.php?rest_route=\/wp\/v2\/product\/18901","targetHints":{"allow":["GET"]}}],"collection":[{"href":"https:\/\/setap.az\/index.php?rest_route=\/wp\/v2\/product"}],"about":[{"href":"https:\/\/setap.az\/index.php?rest_route=\/wp\/v2\/types\/product"}],"replies":[{"embeddable":true,"href":"https:\/\/setap.az\/index.php?rest_route=%2Fwp%2Fv2%2Fcomments&post=18901"}],"wp:featuredmedia":[{"embeddable":true,"href":"https:\/\/setap.az\/index.php?rest_route=\/wp\/v2\/media\/18902"}],"wp:attachment":[{"href":"https:\/\/setap.az\/index.php?rest_route=%2Fwp%2Fv2%2Fmedia&parent=18901"}],"wp:term":[{"taxonomy":"product_cat","embeddable":true,"href":"https:\/\/setap.az\/index.php?rest_route=%2Fwp%2Fv2%2Fproduct_cat&post=18901"},{"taxonomy":"product_tag","embeddable":true,"href":"https:\/\/setap.az\/index.php?rest_route=%2Fwp%2Fv2%2Fproduct_tag&post=18901"}],"curies":[{"name":"wp","href":"https:\/\/api.w.org\/{rel}","templated":true}]}}