{"id":18916,"date":"2025-05-05T11:46:44","date_gmt":"2025-05-05T07:46:44","guid":{"rendered":"https:\/\/setap.az\/?post_type=product&#038;p=18916"},"modified":"2025-10-16T10:14:01","modified_gmt":"2025-10-16T06:14:01","slug":"vigi-c320i2-8mm-un-2mp-xarici-s%c9%99b%c9%99k%c9%99-t%c9%99hluk%c9%99sizlik-kamerasi","status":"publish","type":"product","link":"https:\/\/setap.az\/?product=vigi-c320i2-8mm-un-2mp-xarici-s%c9%99b%c9%99k%c9%99-t%c9%99hluk%c9%99sizlik-kamerasi","title":{"rendered":"&#8220;VIGI C320I(2.8mm) UN 2MP&#8221; Xarici \u015f\u0259b\u0259k\u0259 t\u0259hl\u00fck\u0259sizlik kameras\u0131"},"content":{"rendered":"<p>\u2714Model: VIGI C320I (2.8mm) UN 2MP Xarici \u015f\u0259b\u0259k\u0259 t\u0259hl\u00fck\u0259sizlik kameras\u0131 (bullet tipi)<br \/>\n\u2714G\u00f6r\u00fcnt\u00fc keyfiyy\u0259ti: 2 MP (1920 \u00d7 1080), 25\/30 kadr\/s<br \/>\n\u2714Gec\u0259 g\u00f6r\u00fcnt\u00fcs\u00fc:30 m-\u0259 q\u0259d\u0259r<br \/>\n\u2714Yadda\u015f: MicroSD, 256 GB-a q\u0259d\u0259r (ayr\u0131 al\u0131n\u0131r)<br \/>\n\u2714Funksiyalar: \u0130nsan\/n\u0259qliyyat t\u0259snifat\u0131, a\u011f\u0131ll\u0131 a\u015fkarlama (h\u0259r\u0259k\u0259t, x\u0259tt ke\u00e7m\u0259, m\u00fcdaxil\u0259)<br \/>\n\u2714Qoruma: IP67 (suya v\u0259 toza davaml\u0131)<\/p>\n","protected":false},"excerpt":{"rendered":"<p>\u2714Model: VIGI C320I (2.8mm) UN 2MP Xarici \u015f\u0259b\u0259k\u0259 t\u0259hl\u00fck\u0259sizlik kameras\u0131 (bullet tipi) \u2714G\u00f6r\u00fcnt\u00fc keyfiyy\u0259ti: 2 MP (1920 \u00d7 1080), 25\/30 kadr\/s \u2714Gec\u0259 g\u00f6r\u00fcnt\u00fcs\u00fc:30 m-\u0259 q\u0259d\u0259r \u2714Yadda\u015f: MicroSD, 256 GB-a q\u0259d\u0259r (ayr\u0131 al\u0131n\u0131r) \u2714Funksiyalar: \u0130nsan\/n\u0259qliyyat t\u0259snifat\u0131, a\u011f\u0131ll\u0131 a\u015fkarlama (h\u0259r\u0259k\u0259t, x\u0259tt ke\u00e7m\u0259, m\u00fcdaxil\u0259) \u2714Qoruma: IP67 (suya v\u0259 toza davaml\u0131)<\/p>\n","protected":false},"featured_media":18917,"comment_status":"open","ping_status":"closed","template":"","meta":[],"product_cat":[4088,2849],"product_tag":[2981,2934,2980,2926,2978,2979],"class_list":{"0":"post-18916","1":"product","2":"type-product","3":"status-publish","4":"has-post-thumbnail","6":"product_cat-tp-link","7":"product_cat-videokameralar","8":"product_tag-4krecordin","9":"product_tag-smartsecurity","10":"product_tag-surveillancesolutions","11":"product_tag-tplink","12":"product_tag-vigi","13":"product_tag-vigic320i","14":"description-off","16":"first","17":"instock","18":"shipping-taxable","19":"purchasable","20":"product-type-simple"},"_links":{"self":[{"href":"https:\/\/setap.az\/index.php?rest_route=\/wp\/v2\/product\/18916","targetHints":{"allow":["GET"]}}],"collection":[{"href":"https:\/\/setap.az\/index.php?rest_route=\/wp\/v2\/product"}],"about":[{"href":"https:\/\/setap.az\/index.php?rest_route=\/wp\/v2\/types\/product"}],"replies":[{"embeddable":true,"href":"https:\/\/setap.az\/index.php?rest_route=%2Fwp%2Fv2%2Fcomments&post=18916"}],"wp:featuredmedia":[{"embeddable":true,"href":"https:\/\/setap.az\/index.php?rest_route=\/wp\/v2\/media\/18917"}],"wp:attachment":[{"href":"https:\/\/setap.az\/index.php?rest_route=%2Fwp%2Fv2%2Fmedia&parent=18916"}],"wp:term":[{"taxonomy":"product_cat","embeddable":true,"href":"https:\/\/setap.az\/index.php?rest_route=%2Fwp%2Fv2%2Fproduct_cat&post=18916"},{"taxonomy":"product_tag","embeddable":true,"href":"https:\/\/setap.az\/index.php?rest_route=%2Fwp%2Fv2%2Fproduct_tag&post=18916"}],"curies":[{"name":"wp","href":"https:\/\/api.w.org\/{rel}","templated":true}]}}