{"id":18924,"date":"2025-05-05T12:20:04","date_gmt":"2025-05-05T08:20:04","guid":{"rendered":"https:\/\/setap.az\/?post_type=product&#038;p=18924"},"modified":"2025-06-26T12:48:59","modified_gmt":"2025-06-26T08:48:59","slug":"tp-link-vigi-c340-w-ip-camera-4mp","status":"publish","type":"product","link":"https:\/\/setap.az\/?product=tp-link-vigi-c340-w-ip-camera-4mp","title":{"rendered":"TP-LINK VIGI C340-W IP-Camera 4MP"},"content":{"rendered":"<p>\u2714Kamera 4MP t\u0259svir \u00f6l\u00e7\u00fcs\u00fcn\u0259 malikdir, bu, b\u0259zi inc\u0259 detallar\u0131 \u00e7\u0259km\u0259k \u00fc\u00e7\u00fcn kifay\u0259t q\u0259d\u0259r pikseld\u0259n \u00e7oxdur.<br \/>\n24 saat tam r\u0259ngli \u00e7\u0259kili\u015f: Y\u00fcks\u0259k h\u0259ssasl\u0131q sensoru v\u0259 daxil olan sel LEDl\u0259ri il\u0259 t\u00fcnd qara \u015f\u0259raitd\u0259 bel\u0259 24 saatl\u0131q r\u0259ngli g\u00f6r\u00fcnt\u00fc \u0259ld\u0259 edin.<br \/>\nSuya davaml\u0131: a\u00e7\u0131q hava \u015f\u0259raiti \u00fc\u00e7\u00fcn etibarl\u0131 IP66.<br \/>\nA\u011f\u0131ll\u0131 A\u015fkarlama (\u0130nsan Alg\u0131lama, H\u0259r\u0259k\u0259t A\u015fkarlama, \u018fraziy\u0259 m\u00fcdaxil\u0259, X\u0259tti Ke\u00e7m\u0259, Video M\u00fcdaxil\u0259): Kims\u0259 s\u0259rh\u0259di ke\u00e7dikd\u0259, t\u0259yin etdiyiniz \u0259raziy\u0259 daxil olduqda v\u0259 ya kameraya mane olduqda x\u0259b\u0259rdar olun v\u0259 kanallar\u0131 yoxlay\u0131n.<br \/>\nH.265+: \u018flav\u0259 bant geni\u015fliyind\u0259n istifad\u0259 etm\u0259d\u0259n kameralar\u0131n\u0131z s\u0131x\u0131lm\u0131\u015f, kristal t\u0259miz video t\u0259qdim edir, disk sah\u0259sin\u0259 q\u0259na\u0259t edir, \u015f\u0259b\u0259k\u0259 y\u00fck\u00fcn\u00fc azald\u0131r v\u0259 g\u00f6r\u00fcnt\u00fc keyfiyy\u0259tini itirm\u0259d\u0259n monitorinq x\u0259rcl\u0259rini azald\u0131r.<br \/>\nPoE\/DC 12V: Enerji t\u0259chizat\u0131n\u0131n iki yolu siz\u0259 daha \u00e7ox rahatl\u0131q g\u0259tirm\u0259kl\u0259 yana\u015f\u0131, \u0259laq\u0259nizi \u00e7ox asanla\u015fd\u0131r\u0131r.<\/p>\n<p>VIGI T\u0259tbiqi: T\u0259hl\u00fck\u0259sizliyinizi VIGI T\u0259tbiqi il\u0259 ovucunuzun i\u00e7ind\u0259n idar\u0259 edin.\ud83e\udd29<\/p>\n","protected":false},"excerpt":{"rendered":"<p>\u2714Kamera 4MP t\u0259svir \u00f6l\u00e7\u00fcs\u00fcn\u0259 malikdir, bu, b\u0259zi inc\u0259 detallar\u0131 \u00e7\u0259km\u0259k \u00fc\u00e7\u00fcn kifay\u0259t q\u0259d\u0259r pikseld\u0259n \u00e7oxdur. 24 saat tam r\u0259ngli \u00e7\u0259kili\u015f: Y\u00fcks\u0259k h\u0259ssasl\u0131q sensoru v\u0259 daxil olan sel LEDl\u0259ri il\u0259 t\u00fcnd qara \u015f\u0259raitd\u0259 bel\u0259 24 saatl\u0131q r\u0259ngli g\u00f6r\u00fcnt\u00fc \u0259ld\u0259 edin. Suya davaml\u0131: a\u00e7\u0131q hava \u015f\u0259raiti \u00fc\u00e7\u00fcn etibarl\u0131 IP66. A\u011f\u0131ll\u0131 A\u015fkarlama (\u0130nsan Alg\u0131lama, H\u0259r\u0259k\u0259t A\u015fkarlama, \u018fraziy\u0259 m\u00fcdaxil\u0259,&hellip;<\/p>\n","protected":false},"featured_media":18926,"comment_status":"open","ping_status":"closed","template":"","meta":[],"product_cat":[4088,2849,2862],"product_tag":[2984,2985,2926,2978,2986],"class_list":{"0":"post-18924","1":"product","2":"type-product","3":"status-publish","4":"has-post-thumbnail","6":"product_cat-tp-link","7":"product_cat-videokameralar","8":"product_cat-wifi-kameralar","9":"product_tag-connectronic","10":"product_tag-connectronicaz","11":"product_tag-tplink","12":"product_tag-vigi","13":"product_tag-vigic340","14":"description-off","16":"first","17":"instock","18":"shipping-taxable","19":"purchasable","20":"product-type-simple"},"_links":{"self":[{"href":"https:\/\/setap.az\/index.php?rest_route=\/wp\/v2\/product\/18924","targetHints":{"allow":["GET"]}}],"collection":[{"href":"https:\/\/setap.az\/index.php?rest_route=\/wp\/v2\/product"}],"about":[{"href":"https:\/\/setap.az\/index.php?rest_route=\/wp\/v2\/types\/product"}],"replies":[{"embeddable":true,"href":"https:\/\/setap.az\/index.php?rest_route=%2Fwp%2Fv2%2Fcomments&post=18924"}],"wp:featuredmedia":[{"embeddable":true,"href":"https:\/\/setap.az\/index.php?rest_route=\/wp\/v2\/media\/18926"}],"wp:attachment":[{"href":"https:\/\/setap.az\/index.php?rest_route=%2Fwp%2Fv2%2Fmedia&parent=18924"}],"wp:term":[{"taxonomy":"product_cat","embeddable":true,"href":"https:\/\/setap.az\/index.php?rest_route=%2Fwp%2Fv2%2Fproduct_cat&post=18924"},{"taxonomy":"product_tag","embeddable":true,"href":"https:\/\/setap.az\/index.php?rest_route=%2Fwp%2Fv2%2Fproduct_tag&post=18924"}],"curies":[{"name":"wp","href":"https:\/\/api.w.org\/{rel}","templated":true}]}}