{"id":18937,"date":"2025-05-05T13:26:13","date_gmt":"2025-05-05T09:26:13","guid":{"rendered":"https:\/\/setap.az\/?post_type=product&#038;p=18937"},"modified":"2026-01-06T14:11:34","modified_gmt":"2026-01-06T10:11:34","slug":"wifi-elektrik-sondurucu-modulu","status":"publish","type":"product","link":"https:\/\/setap.az\/?product=wifi-elektrik-sondurucu-modulu","title":{"rendered":"WIFI elektrik s\u00f6nd\u00fcr\u00fcc\u00fc modulu"},"content":{"rendered":"<p>\ud83d\udca5 Evinizi s\u0259sinizl\u0259 idar\u0259 edin \ud83d\ude0a<\/p>\n<p>\ud83d\udca5 Yeni n\u0259sil &#8220;A\u011f\u0131ll\u0131 Ev&#8221; sisteml\u0259ri evinizin t\u0259hl\u00fck\u0259sizliyin\u0259 davaml\u0131 t\u0259qib v\u0259 x\u0259b\u0259rdarl\u0131q sisteml\u0259ri il\u0259 t\u0259minat verir.<br \/>\n\ud83d\udca5 M\u00fcasir z\u0259man\u0259nin t\u0259l\u0259bl\u0259rin\u0259 uy\u011fun h\u0259m vaxt\u0131n\u0131za q\u0259na\u0259t, h\u0259md\u0259 i\u015finizi rahatland\u0131racaq a\u011f\u0131ll\u0131 ev sisteml\u0259ri<br \/>\navadanl\u0131qlar\u0131n\u0131n sat\u0131\u015f\u0131 v\u0259 qura\u015fd\u0131r\u0131lmas\u0131 m\u00fcmkund\u00fcr.<br \/>\n\ud83d\udca5Art\u0131q b\u00f6y\u00fck m\u0259bl\u0259\u011fd\u0259 pul x\u0259rcl\u0259m\u0259y\u0259, evinizi yenid\u0259n t\u0259mir etm\u0259y\u0259, elektrik x\u0259ttl\u0259rini d\u0259yi\u015fm\u0259y\u0259 ehtiyac qalmayacaq.<br \/>\n\ud83d\udca5Evinizd\u0259 i\u015f\u0131qlanma sistemini, m\u0259i\u015f\u0259t texnikalar\u0131n\u0131z\u0131 ( kondisioner, tv, kombi)T\u0259hl\u00fck\u0259sizlik kamera sistemi, evin<br \/>\ntemperaturunu artiq bir toxunu\u015fla telefonunuzda idar\u0259 etm\u0259k m\u00fcmk\u00fcnd\u00fcr.<br \/>\n\ud83d\udca5Evd\u0259 ya\u015fay\u0131\u015f varm\u0131\u015f kimi imitasiya etm\u0259k \u00fc\u00e7\u00fcn b\u00fct\u00fcn avadanl\u0131qlar ucuz qiym\u0259t\u0259 ma\u011fazam\u0131zda m\u00f6vcuddur.<\/p>\n<p>\ud83e\udd29 Siz\u0259 t\u0259qdim etdiyimiz &#8220;A\u011f\u0131ll\u0131 Evin&#8221; wifi elektrik s\u00f6nd\u00fcr\u00fcc\u00fc modulu say\u0259sind\u0259 he\u00e7 bir f\u0259rq etm\u0259d\u0259n evinizd\u0259ki i\u015f\u0131qlar\u0131, lampalar\u0131 v\u0259 ya qo\u015fuldu\u011funuz h\u0259r hans\u0131 cihazlar\u0131 rahatl\u0131qla idar\u0259 ed\u0259 bil\u0259rsiniz.<br \/>\n\ud83d\udca5 \u0130stifad\u0259si \u00e7ox asand\u0131r. Sad\u0259c\u0259 telefonda proqram\u0131 a\u00e7\u0131rs\u0131n\u0131z v\u0259 laz\u0131m\u0131 \u0259m\u0259liyyatlar\u0131 t\u0259k toxunu\u015fla h\u0259ll edirsiniz.<\/p>\n<p>\ud83e\udd29 G\u0259l\u0259c\u0259yin &#8220;A\u011f\u0131ll\u0131 Ev&#8221;-in\u0259 add\u0131m at\u0131n \ud83d\ude0a<\/p>\n","protected":false},"excerpt":{"rendered":"<p>\ud83d\udca5 Evinizi s\u0259sinizl\u0259 idar\u0259 edin \ud83d\ude0a \ud83d\udca5 Yeni n\u0259sil &#8220;A\u011f\u0131ll\u0131 Ev&#8221; sisteml\u0259ri evinizin t\u0259hl\u00fck\u0259sizliyin\u0259 davaml\u0131 t\u0259qib v\u0259 x\u0259b\u0259rdarl\u0131q sisteml\u0259ri il\u0259 t\u0259minat verir. \ud83d\udca5 M\u00fcasir z\u0259man\u0259nin t\u0259l\u0259bl\u0259rin\u0259 uy\u011fun h\u0259m vaxt\u0131n\u0131za q\u0259na\u0259t, h\u0259md\u0259 i\u015finizi rahatland\u0131racaq a\u011f\u0131ll\u0131 ev sisteml\u0259ri avadanl\u0131qlar\u0131n\u0131n sat\u0131\u015f\u0131 v\u0259 qura\u015fd\u0131r\u0131lmas\u0131 m\u00fcmkund\u00fcr. \ud83d\udca5Art\u0131q b\u00f6y\u00fck m\u0259bl\u0259\u011fd\u0259 pul x\u0259rcl\u0259m\u0259y\u0259, evinizi yenid\u0259n t\u0259mir etm\u0259y\u0259, elektrik x\u0259ttl\u0259rini d\u0259yi\u015fm\u0259y\u0259 ehtiyac qalmayacaq.&hellip;<\/p>\n","protected":false},"featured_media":18938,"comment_status":"open","ping_status":"closed","template":"","meta":[],"product_cat":[2999,2837,2853,2838,2998],"product_tag":[3000,3007,3001,3004,3005,3003,2938,3006,3002],"class_list":{"0":"post-18937","1":"product","2":"type-product","3":"status-publish","4":"has-post-thumbnail","6":"product_cat-agilli-ev","7":"product_cat-gsm-thluksizlik-sistemlri","8":"product_cat-idaretm-panellri","9":"product_cat-modullar","10":"product_cat-vifi-elektrik-sondurucu","11":"product_tag-agilliev","12":"product_tag-agilliknd","13":"product_tag-akilliev","14":"product_tag-elektrik","15":"product_tag-elektrikisleri","16":"product_tag-iot","17":"product_tag-smarthome","18":"product_tag-tmir","19":"product_tag-3002","20":"description-off","22":"first","23":"instock","24":"shipping-taxable","25":"purchasable","26":"product-type-simple"},"_links":{"self":[{"href":"https:\/\/setap.az\/index.php?rest_route=\/wp\/v2\/product\/18937","targetHints":{"allow":["GET"]}}],"collection":[{"href":"https:\/\/setap.az\/index.php?rest_route=\/wp\/v2\/product"}],"about":[{"href":"https:\/\/setap.az\/index.php?rest_route=\/wp\/v2\/types\/product"}],"replies":[{"embeddable":true,"href":"https:\/\/setap.az\/index.php?rest_route=%2Fwp%2Fv2%2Fcomments&post=18937"}],"wp:featuredmedia":[{"embeddable":true,"href":"https:\/\/setap.az\/index.php?rest_route=\/wp\/v2\/media\/18938"}],"wp:attachment":[{"href":"https:\/\/setap.az\/index.php?rest_route=%2Fwp%2Fv2%2Fmedia&parent=18937"}],"wp:term":[{"taxonomy":"product_cat","embeddable":true,"href":"https:\/\/setap.az\/index.php?rest_route=%2Fwp%2Fv2%2Fproduct_cat&post=18937"},{"taxonomy":"product_tag","embeddable":true,"href":"https:\/\/setap.az\/index.php?rest_route=%2Fwp%2Fv2%2Fproduct_tag&post=18937"}],"curies":[{"name":"wp","href":"https:\/\/api.w.org\/{rel}","templated":true}]}}