{"id":18941,"date":"2025-05-05T15:33:50","date_gmt":"2025-05-05T11:33:50","guid":{"rendered":"https:\/\/setap.az\/?post_type=product&#038;p=18941"},"modified":"2025-06-21T13:34:36","modified_gmt":"2025-06-21T09:34:36","slug":"klaviatura-jedel-k11","status":"publish","type":"product","link":"https:\/\/setap.az\/?product=klaviatura-jedel-k11","title":{"rendered":"Klaviatura &#8220;Jedel K11&#8221;"},"content":{"rendered":"<p>Klavyatura<br \/>\n\ud83d\udd39Model: Jedel K11\ud83d\udd39<br \/>\n-Y\u00fcks\u0259k s\u0259viyy\u0259li rahatl\u0131q, \u0259la performans v\u0259 tam \u00f6l\u00e7\u00fcl\u00fc t\u0259kmill\u0259\u015fdirilmi\u015f Ofis klavyaturas\u0131<br \/>\n-Klavyatura h\u00fcnd\u00fcrl\u00fcy\u00fcn\u00fc sad\u0259 t\u0259nziml\u0259y\u0259 bil\u0259r, klavyaturada iki kran\u015fteyn qura\u015fd\u0131r\u0131lm\u0131\u015f \u015fassi, iki ki\u00e7ik l\u00f6vh\u0259 d\u0259st\u0259yi var<br \/>\n&#8211; \u018fll\u0259rinizl\u0259 daha rahat, daha komfortlu i\u015fl\u0259m\u0259ni t\u0259min edir.<\/p>\n","protected":false},"excerpt":{"rendered":"<p>Klavyatura \ud83d\udd39Model: Jedel K11\ud83d\udd39 -Y\u00fcks\u0259k s\u0259viyy\u0259li rahatl\u0131q, \u0259la performans v\u0259 tam \u00f6l\u00e7\u00fcl\u00fc t\u0259kmill\u0259\u015fdirilmi\u015f Ofis klavyaturas\u0131 -Klavyatura h\u00fcnd\u00fcrl\u00fcy\u00fcn\u00fc sad\u0259 t\u0259nziml\u0259y\u0259 bil\u0259r, klavyaturada iki kran\u015fteyn qura\u015fd\u0131r\u0131lm\u0131\u015f \u015fassi, iki ki\u00e7ik l\u00f6vh\u0259 d\u0259st\u0259yi var &#8211; \u018fll\u0259rinizl\u0259 daha rahat, daha komfortlu i\u015fl\u0259m\u0259ni t\u0259min edir.<\/p>\n","protected":false},"featured_media":18942,"comment_status":"open","ping_status":"closed","template":"","meta":[],"product_cat":[3508],"product_tag":[3017,3013,3008,3012,3014,3016,3015,3009,3010,3018,3011],"class_list":{"0":"post-18941","1":"product","2":"type-product","3":"status-publish","4":"has-post-thumbnail","6":"product_cat-klavyatura-v-sicanlar","7":"product_tag-erqonomikklavyatura","8":"product_tag-erqonomiktkmillsm","9":"product_tag-jedelk11","10":"product_tag-klavyaturadizayni","11":"product_tag-komfortluislm","12":"product_tag-komfortluyazma","13":"product_tag-ofiselavlri","14":"product_tag-ofisklavyaturasi","15":"product_tag-rahatklavyatura","16":"product_tag-tkmillsdirilmisklavyatura","17":"product_tag-yukskperformans","18":"description-off","20":"first","21":"instock","22":"shipping-taxable","23":"purchasable","24":"product-type-simple"},"_links":{"self":[{"href":"https:\/\/setap.az\/index.php?rest_route=\/wp\/v2\/product\/18941","targetHints":{"allow":["GET"]}}],"collection":[{"href":"https:\/\/setap.az\/index.php?rest_route=\/wp\/v2\/product"}],"about":[{"href":"https:\/\/setap.az\/index.php?rest_route=\/wp\/v2\/types\/product"}],"replies":[{"embeddable":true,"href":"https:\/\/setap.az\/index.php?rest_route=%2Fwp%2Fv2%2Fcomments&post=18941"}],"wp:featuredmedia":[{"embeddable":true,"href":"https:\/\/setap.az\/index.php?rest_route=\/wp\/v2\/media\/18942"}],"wp:attachment":[{"href":"https:\/\/setap.az\/index.php?rest_route=%2Fwp%2Fv2%2Fmedia&parent=18941"}],"wp:term":[{"taxonomy":"product_cat","embeddable":true,"href":"https:\/\/setap.az\/index.php?rest_route=%2Fwp%2Fv2%2Fproduct_cat&post=18941"},{"taxonomy":"product_tag","embeddable":true,"href":"https:\/\/setap.az\/index.php?rest_route=%2Fwp%2Fv2%2Fproduct_tag&post=18941"}],"curies":[{"name":"wp","href":"https:\/\/api.w.org\/{rel}","templated":true}]}}