{"id":18945,"date":"2025-05-05T15:39:01","date_gmt":"2025-05-05T11:39:01","guid":{"rendered":"https:\/\/setap.az\/?post_type=product&#038;p=18945"},"modified":"2025-06-21T13:38:15","modified_gmt":"2025-06-21T09:38:15","slug":"klaviatura-jedel-k15","status":"publish","type":"product","link":"https:\/\/setap.az\/?product=klaviatura-jedel-k15","title":{"rendered":"Klaviatura &#8220;Jedel K15&#8221;"},"content":{"rendered":"<p>\ud83d\udca5Klavyatura<br \/>\n\ud83d\udd39Model: Jedel K15\ud83d\udd39<br \/>\n-Y\u00fcks\u0259k s\u0259viyy\u0259li rahatl\u0131q, \u0259la performans v\u0259 tam \u00f6l\u00e7\u00fcl\u00fc t\u0259kmill\u0259\u015fdirilmi\u015f Ofis klavyaturas\u0131.<br \/>\n-Klavyatura h\u00fcnd\u00fcrl\u00fcy\u00fcn\u00fc sad\u0259 t\u0259nziml\u0259y\u0259 bil\u0259r, klavyaturada iki kran\u015fteyn qura\u015fd\u0131r\u0131lm\u0131\u015f \u015fassi, iki ki\u00e7ik l\u00f6vh\u0259 d\u0259st\u0259yi var.<\/p>\n","protected":false},"excerpt":{"rendered":"<p>\ud83d\udca5Klavyatura \ud83d\udd39Model: Jedel K15\ud83d\udd39 -Y\u00fcks\u0259k s\u0259viyy\u0259li rahatl\u0131q, \u0259la performans v\u0259 tam \u00f6l\u00e7\u00fcl\u00fc t\u0259kmill\u0259\u015fdirilmi\u015f Ofis klavyaturas\u0131. -Klavyatura h\u00fcnd\u00fcrl\u00fcy\u00fcn\u00fc sad\u0259 t\u0259nziml\u0259y\u0259 bil\u0259r, klavyaturada iki kran\u015fteyn qura\u015fd\u0131r\u0131lm\u0131\u015f \u015fassi, iki ki\u00e7ik l\u00f6vh\u0259 d\u0259st\u0259yi var.<\/p>\n","protected":false},"featured_media":18946,"comment_status":"open","ping_status":"closed","template":"","meta":[],"product_cat":[3508],"product_tag":[3027,3020,3022,3019,3024,3023,3009,3025,3028,3026,3021],"class_list":{"0":"post-18945","1":"product","2":"type-product","3":"status-publish","4":"has-post-thumbnail","6":"product_cat-klavyatura-v-sicanlar","7":"product_tag-davamliistifad","8":"product_tag-erqonomikdizayn","9":"product_tag-hundurluktnzimlnmsi","10":"product_tag-jedelk15","11":"product_tag-klavyatura","12":"product_tag-komfortluistifad","13":"product_tag-ofisklavyaturasi","14":"product_tag-ofistexnikasi","15":"product_tag-texnologiya","16":"product_tag-tkmillsdirilmissassi","17":"product_tag-yukskrahatliq","18":"description-off","20":"first","21":"instock","22":"shipping-taxable","23":"purchasable","24":"product-type-simple"},"_links":{"self":[{"href":"https:\/\/setap.az\/index.php?rest_route=\/wp\/v2\/product\/18945","targetHints":{"allow":["GET"]}}],"collection":[{"href":"https:\/\/setap.az\/index.php?rest_route=\/wp\/v2\/product"}],"about":[{"href":"https:\/\/setap.az\/index.php?rest_route=\/wp\/v2\/types\/product"}],"replies":[{"embeddable":true,"href":"https:\/\/setap.az\/index.php?rest_route=%2Fwp%2Fv2%2Fcomments&post=18945"}],"wp:featuredmedia":[{"embeddable":true,"href":"https:\/\/setap.az\/index.php?rest_route=\/wp\/v2\/media\/18946"}],"wp:attachment":[{"href":"https:\/\/setap.az\/index.php?rest_route=%2Fwp%2Fv2%2Fmedia&parent=18945"}],"wp:term":[{"taxonomy":"product_cat","embeddable":true,"href":"https:\/\/setap.az\/index.php?rest_route=%2Fwp%2Fv2%2Fproduct_cat&post=18945"},{"taxonomy":"product_tag","embeddable":true,"href":"https:\/\/setap.az\/index.php?rest_route=%2Fwp%2Fv2%2Fproduct_tag&post=18945"}],"curies":[{"name":"wp","href":"https:\/\/api.w.org\/{rel}","templated":true}]}}