{"id":18949,"date":"2025-05-05T16:06:33","date_gmt":"2025-05-05T12:06:33","guid":{"rendered":"https:\/\/setap.az\/?post_type=product&#038;p=18949"},"modified":"2025-10-16T08:59:56","modified_gmt":"2025-10-16T04:59:56","slug":"unv-8-port-nvr","status":"publish","type":"product","link":"https:\/\/setap.az\/?product=unv-8-port-nvr","title":{"rendered":"UNV 8 port NVR"},"content":{"rendered":"<p>\ud83d\udca5125 azn sat\u0131\u015f\u0131d\u0131r.<br \/>\nHaz\u0131rda kompaniya il\u0259 endiriml\u0259 117azn<br \/>\n\u2022 Ultra 265\/H.265\/H.264 video formatlar\u0131n\u0131 d\u0259st\u0259kl\u0259yir<br \/>\n\u2022 8 kanall\u0131 giri\u015f<br \/>\n\u2022 ONVIF uy\u011funlu\u011fu il\u0259 d\u0259st\u0259kl\u0259n\u0259n \u00fc\u00e7\u00fcnc\u00fc t\u0259r\u0259f IP kameralar\u0131: Profil S, Profile G, Profil T<br \/>\n\u2022 1 HDMI port, 1 VGA port d\u0259st\u0259yi var<br \/>\n\u2022 HDMI v\u0259 VGA eyni vaxtda \u00e7\u0131x\u0131\u015f \u2022 6 MP-\u0259 q\u0259d\u0259r kamera d\u0259st\u0259kl\u0259yir.<br \/>\nSATA port 1 \u0259d<br \/>\nkeyfiyy\u0259tli qeyd d\u0259st\u0259yi<br \/>\nUNV 4 port DVR -64 azn<br \/>\nUNV 8 port DVR -86 man<\/p>\n<p>\u0130P kamera \u00fc\u00e7\u00fcn<br \/>\nUnv 4 port poe NVR 80azn<br \/>\nUNV 8 port poe NVR 125<br \/>\n16 PORT NVR<br \/>\n32 PORT NVR<\/p>\n","protected":false},"excerpt":{"rendered":"<p>\ud83d\udca5125 azn sat\u0131\u015f\u0131d\u0131r. Haz\u0131rda kompaniya il\u0259 endiriml\u0259 117azn \u2022 Ultra 265\/H.265\/H.264 video formatlar\u0131n\u0131 d\u0259st\u0259kl\u0259yir \u2022 8 kanall\u0131 giri\u015f \u2022 ONVIF uy\u011funlu\u011fu il\u0259 d\u0259st\u0259kl\u0259n\u0259n \u00fc\u00e7\u00fcnc\u00fc t\u0259r\u0259f IP kameralar\u0131: Profil S, Profile G, Profil T \u2022 1 HDMI port, 1 VGA port d\u0259st\u0259yi var \u2022 HDMI v\u0259 VGA eyni vaxtda \u00e7\u0131x\u0131\u015f \u2022 6 MP-\u0259 q\u0259d\u0259r kamera d\u0259st\u0259kl\u0259yir.&hellip;<\/p>\n","protected":false},"featured_media":18950,"comment_status":"open","ping_status":"closed","template":"","meta":[],"product_cat":[2850],"product_tag":[3037,3043,3032,3039,3030,3041,3036,3034,3029,3040,3042,3031,3033,3038,3035],"class_list":{"0":"post-18949","1":"product","2":"type-product","3":"status-publish","4":"has-post-thumbnail","6":"product_cat-videoqeydiyyatcilar","7":"product_tag-8kanalnvr","8":"product_tag-guvnliksistemi","9":"product_tag-ipkameraqeydiyyat","10":"product_tag-kameraqeydiyyat","11":"product_tag-nvr8port","12":"product_tag-nvrqurasdirma","13":"product_tag-poenvr","14":"product_tag-thluksizliksistemi","15":"product_tag-unv","16":"product_tag-unvazrbaycan","17":"product_tag-unvmonitoring","18":"product_tag-unvnvr","19":"product_tag-unvpoe","20":"product_tag-unvtexnologiya","21":"product_tag-videomusahid","22":"description-off","24":"first","25":"instock","26":"shipping-taxable","27":"purchasable","28":"product-type-simple"},"_links":{"self":[{"href":"https:\/\/setap.az\/index.php?rest_route=\/wp\/v2\/product\/18949","targetHints":{"allow":["GET"]}}],"collection":[{"href":"https:\/\/setap.az\/index.php?rest_route=\/wp\/v2\/product"}],"about":[{"href":"https:\/\/setap.az\/index.php?rest_route=\/wp\/v2\/types\/product"}],"replies":[{"embeddable":true,"href":"https:\/\/setap.az\/index.php?rest_route=%2Fwp%2Fv2%2Fcomments&post=18949"}],"wp:featuredmedia":[{"embeddable":true,"href":"https:\/\/setap.az\/index.php?rest_route=\/wp\/v2\/media\/18950"}],"wp:attachment":[{"href":"https:\/\/setap.az\/index.php?rest_route=%2Fwp%2Fv2%2Fmedia&parent=18949"}],"wp:term":[{"taxonomy":"product_cat","embeddable":true,"href":"https:\/\/setap.az\/index.php?rest_route=%2Fwp%2Fv2%2Fproduct_cat&post=18949"},{"taxonomy":"product_tag","embeddable":true,"href":"https:\/\/setap.az\/index.php?rest_route=%2Fwp%2Fv2%2Fproduct_tag&post=18949"}],"curies":[{"name":"wp","href":"https:\/\/api.w.org\/{rel}","templated":true}]}}