{"id":18952,"date":"2025-05-05T16:18:10","date_gmt":"2025-05-05T12:18:10","guid":{"rendered":"https:\/\/setap.az\/?post_type=product&#038;p=18952"},"modified":"2026-01-30T16:42:46","modified_gmt":"2026-01-30T12:42:46","slug":"ezviz-h6c-ptz-kamera","status":"publish","type":"product","link":"https:\/\/setap.az\/?product=ezviz-h6c-ptz-kamera","title":{"rendered":"Ezviz H6C PTZ kamera"},"content":{"rendered":"<p>\ud83e\udd29EZVIZ \u201cH6c\u201d &#8211; \u00f6l\u00e7\u00fcs\u00fc ki\u00e7ik, lakin funksionall\u0131\u011f\u0131 b\u00f6y\u00fck olan kamera\ud83d\ude42<\/p>\n<p>-2MP g\u00f6r\u00fcnt\u00fc keyfiyy\u0259ti.<br \/>\n-Kamera telefon z\u0259ngi funksiyas\u0131. H6c ikit\u0259r\u0259fli \u00fcnsiyy\u0259t funksiyas\u0131ndan istifad\u0259 ed\u0259r\u0259k harda olursunuzsa olun yax\u0131nlar\u0131n\u0131zla dan\u0131\u015f\u0131n v\u0259 arzuolunmaz yadlar\u0131n qar\u015f\u0131s\u0131n\u0131 al\u0131n.<br \/>\n-1080 P G\u00f6r\u00fcnt\u00fc keyfiyy\u0259ti.<br \/>\n-\u0130nsan h\u0259r\u0259k\u0259tinin a\u015fkarlanmas\u0131.<br \/>\n-A\u011f\u0131ll\u0131 izl\u0259m\u0259.<br \/>\n-H\u0259r\u0259k\u0259t a\u015fkar edildikd\u0259, kamera obyekti avtomatik olaraq izl\u0259m\u0259k \u00fc\u00e7\u00fcn f\u0131rlan\u0131r.<br \/>\n-360\u00b0 panoramik g\u00f6r\u00fcn\u00fc\u015f.<br \/>\n-10 m q\u0259d\u0259r infraq\u0131rm\u0131z\u0131 Gec\u0259 G\u00f6r\u00fcn\u00fc\u015f\u00fc.<br \/>\n-\u0130ki t\u0259r\u0259fli dan\u0131\u015fmaq imkan\u0131 var.<br \/>\n-H.265 (Yadda\u015fa daha \u00e7ox q\u0259na\u0259t edir) Video Texnologiyas\u0131.<br \/>\n-MicroSD kart (256 GB-d\u0259k) v\u0259 EZVIZ Bulud sistemi<\/p>\n","protected":false},"excerpt":{"rendered":"<p>\ud83e\udd29EZVIZ \u201cH6c\u201d &#8211; \u00f6l\u00e7\u00fcs\u00fc ki\u00e7ik, lakin funksionall\u0131\u011f\u0131 b\u00f6y\u00fck olan kamera\ud83d\ude42 -2MP g\u00f6r\u00fcnt\u00fc keyfiyy\u0259ti. -Kamera telefon z\u0259ngi funksiyas\u0131. H6c ikit\u0259r\u0259fli \u00fcnsiyy\u0259t funksiyas\u0131ndan istifad\u0259 ed\u0259r\u0259k harda olursunuzsa olun yax\u0131nlar\u0131n\u0131zla dan\u0131\u015f\u0131n v\u0259 arzuolunmaz yadlar\u0131n qar\u015f\u0131s\u0131n\u0131 al\u0131n. -1080 P G\u00f6r\u00fcnt\u00fc keyfiyy\u0259ti. -\u0130nsan h\u0259r\u0259k\u0259tinin a\u015fkarlanmas\u0131. -A\u011f\u0131ll\u0131 izl\u0259m\u0259. -H\u0259r\u0259k\u0259t a\u015fkar edildikd\u0259, kamera obyekti avtomatik olaraq izl\u0259m\u0259k \u00fc\u00e7\u00fcn f\u0131rlan\u0131r. -360\u00b0 panoramik g\u00f6r\u00fcn\u00fc\u015f.&hellip;<\/p>\n","protected":false},"featured_media":18953,"comment_status":"open","ping_status":"closed","template":"","meta":[],"product_cat":[5310,4016,2849,2841,2862],"product_tag":[3044,3046,3028,3045],"class_list":{"0":"post-18952","1":"product","2":"type-product","3":"status-publish","4":"has-post-thumbnail","6":"product_cat-ezviz","7":"product_cat-hikvision","8":"product_cat-videokameralar","9":"product_cat-videonzart","10":"product_cat-wifi-kameralar","11":"product_tag-ezviz","12":"product_tag-kamera","13":"product_tag-texnologiya","14":"product_tag-thluksizliksistemlri","15":"description-off","17":"first","18":"instock","19":"shipping-taxable","20":"purchasable","21":"product-type-simple"},"_links":{"self":[{"href":"https:\/\/setap.az\/index.php?rest_route=\/wp\/v2\/product\/18952","targetHints":{"allow":["GET"]}}],"collection":[{"href":"https:\/\/setap.az\/index.php?rest_route=\/wp\/v2\/product"}],"about":[{"href":"https:\/\/setap.az\/index.php?rest_route=\/wp\/v2\/types\/product"}],"replies":[{"embeddable":true,"href":"https:\/\/setap.az\/index.php?rest_route=%2Fwp%2Fv2%2Fcomments&post=18952"}],"wp:featuredmedia":[{"embeddable":true,"href":"https:\/\/setap.az\/index.php?rest_route=\/wp\/v2\/media\/18953"}],"wp:attachment":[{"href":"https:\/\/setap.az\/index.php?rest_route=%2Fwp%2Fv2%2Fmedia&parent=18952"}],"wp:term":[{"taxonomy":"product_cat","embeddable":true,"href":"https:\/\/setap.az\/index.php?rest_route=%2Fwp%2Fv2%2Fproduct_cat&post=18952"},{"taxonomy":"product_tag","embeddable":true,"href":"https:\/\/setap.az\/index.php?rest_route=%2Fwp%2Fv2%2Fproduct_tag&post=18952"}],"curies":[{"name":"wp","href":"https:\/\/api.w.org\/{rel}","templated":true}]}}