{"id":18956,"date":"2025-05-05T16:29:48","date_gmt":"2025-05-05T12:29:48","guid":{"rendered":"https:\/\/setap.az\/?post_type=product&#038;p=18956"},"modified":"2026-01-23T13:49:48","modified_gmt":"2026-01-23T09:49:48","slug":"8mp-ip-kamera-vigi-insight-s385","status":"publish","type":"product","link":"https:\/\/setap.az\/?product=8mp-ip-kamera-vigi-insight-s385","title":{"rendered":"TP Link VIGI InSight S385 8MP \u0130P kamera"},"content":{"rendered":"<p>TP-Link VIGI InSight S385 8MP IP Kamera<br \/>\nBu 8 MP (4K) t\u0259svir keyfiyy\u0259ti il\u0259 xarici m\u00fchit \u00fc\u00e7\u00fcn n\u0259z\u0259rd\u0259 tutulmu\u015f VIGI seriyas\u0131ndan IP t\u0259hl\u00fck\u0259sizlik kameras\u0131d\u0131r. O, geni\u015f funksiyalar, y\u00fcks\u0259k g\u00f6r\u00fcnt\u00fc keyfiyy\u0259ti v\u0259 a\u011f\u0131ll\u0131 t\u0259hl\u00fck\u0259sizlik x\u00fcsusiyy\u0259tl\u0259ri t\u0259klif edir.<br \/>\n\ud83d\udcf8 \u018fsas X\u00fcsusiyy\u0259tl\u0259r:<br \/>\n\ud83d\udd39 8 MP (3840\u00d72160) Ultra HD \u015f\u0259kil \u2014 g\u00fcn \u0259rzind\u0259 \u00e7ox ayd\u0131n g\u00f6r\u00fcnt\u00fc ver\u0259n y\u00fcks\u0259k q\u0259tnam\u0259.<br \/>\n\ud83d\udd39 24\/7 Full-Color g\u00f6r\u00fcnt\u00fc \u2014 z\u0259if i\u015f\u0131qda bel\u0259 r\u0259ngli izl\u0259m\u0259.<br \/>\n\ud83d\udd39 A\u011f\u0131ll\u0131 tan\u0131ma (insan v\u0259 avtomobil analizi) \u2014 yaln\u0131\u015f bildiri\u015fl\u0259ri azald\u0131r.<br \/>\n\ud83d\udd39 Smart Detection \u2014 h\u0259r\u0259k\u0259t v\u0259 dig\u0259r hadis\u0259l\u0259ri a\u015fkar edir.<br \/>\n\ud83d\udd39 H.265+ video s\u0131xma \u2014 daha az yadda\u015f v\u0259 bant geni\u015fliyi il\u0259 y\u00fcks\u0259k keyfiyy\u0259tli qeyd.<br \/>\n\ud83d\udd39 \u0130ki t\u0259r\u0259fli s\u0259s (mikrofon v\u0259 dinamik) \u2014 kameran\u0131n yan\u0131nda dan\u0131\u015fmaq v\u0259 s\u0259si e\u015fitm\u0259k.<br \/>\n\ud83d\udd39 IP67 hava ke\u00e7irm\u0259zlik \u2014 ya\u011f\u0131\u015f, toz v\u0259 s\u0259rt \u00e7\u00f6l \u015f\u0259rtl\u0259rin\u0259 davaml\u0131d\u0131r.<br \/>\n\ud83d\udd39 PoE v\u0259 12 V DC enerji d\u0259st\u0259yi \u2014 bir kabel il\u0259 h\u0259m enerji, h\u0259m d\u0259 m\u0259lumat \u00f6t\u00fcr\u00fcl\u0259 bil\u0259r.<br \/>\n\ud83d\udd39 MicroSD kart d\u0259st\u0259yi \u2014 kamera daxilind\u0259 yadda\u015f kart\u0131 il\u0259 video saxlama (ad\u0259t\u0259n 256 GB\u2013512 GB-a q\u0259d\u0259r).<\/p>\n","protected":false},"excerpt":{"rendered":"<p>TP-Link VIGI InSight S385 8MP IP Kamera Bu 8 MP (4K) t\u0259svir keyfiyy\u0259ti il\u0259 xarici m\u00fchit \u00fc\u00e7\u00fcn n\u0259z\u0259rd\u0259 tutulmu\u015f VIGI seriyas\u0131ndan IP t\u0259hl\u00fck\u0259sizlik kameras\u0131d\u0131r. O, geni\u015f funksiyalar, y\u00fcks\u0259k g\u00f6r\u00fcnt\u00fc keyfiyy\u0259ti v\u0259 a\u011f\u0131ll\u0131 t\u0259hl\u00fck\u0259sizlik x\u00fcsusiyy\u0259tl\u0259ri t\u0259klif edir. \ud83d\udcf8 \u018fsas X\u00fcsusiyy\u0259tl\u0259r: \ud83d\udd39 8 MP (3840\u00d72160) Ultra HD \u015f\u0259kil \u2014 g\u00fcn \u0259rzind\u0259 \u00e7ox ayd\u0131n g\u00f6r\u00fcnt\u00fc ver\u0259n y\u00fcks\u0259k q\u0259tnam\u0259.&hellip;<\/p>\n","protected":false},"featured_media":18957,"comment_status":"open","ping_status":"closed","template":"","meta":[],"product_cat":[2803,5271,4088,2841],"product_tag":[3048,3053,3055,3050,3043,3049,3057,3058,3051,3052,2978,3054,3047,3056,3059],"class_list":{"0":"post-18956","1":"product","2":"type-product","3":"status-publish","4":"has-post-thumbnail","6":"product_cat-ip","7":"product_cat-thluksizlik-kamerasi","8":"product_cat-tp-link","9":"product_cat-videonzart","10":"product_tag-8mpkamera","11":"product_tag-agillikamera","12":"product_tag-agillimusahid","13":"product_tag-fullhdkamera","14":"product_tag-guvnliksistemi","15":"product_tag-ipkamera","16":"product_tag-kameraqurasdirma","17":"product_tag-musahidkamerasi","18":"product_tag-thluksizlikkamerasi","19":"product_tag-tplinkvigi","20":"product_tag-vigi","21":"product_tag-vigiazrbaycan","22":"product_tag-vigiinsights385","23":"product_tag-vigiizlm","24":"product_tag-yukskkeyfiyyt","25":"description-off","27":"first","28":"instock","29":"shipping-taxable","30":"purchasable","31":"product-type-simple"},"_links":{"self":[{"href":"https:\/\/setap.az\/index.php?rest_route=\/wp\/v2\/product\/18956","targetHints":{"allow":["GET"]}}],"collection":[{"href":"https:\/\/setap.az\/index.php?rest_route=\/wp\/v2\/product"}],"about":[{"href":"https:\/\/setap.az\/index.php?rest_route=\/wp\/v2\/types\/product"}],"replies":[{"embeddable":true,"href":"https:\/\/setap.az\/index.php?rest_route=%2Fwp%2Fv2%2Fcomments&post=18956"}],"wp:featuredmedia":[{"embeddable":true,"href":"https:\/\/setap.az\/index.php?rest_route=\/wp\/v2\/media\/18957"}],"wp:attachment":[{"href":"https:\/\/setap.az\/index.php?rest_route=%2Fwp%2Fv2%2Fmedia&parent=18956"}],"wp:term":[{"taxonomy":"product_cat","embeddable":true,"href":"https:\/\/setap.az\/index.php?rest_route=%2Fwp%2Fv2%2Fproduct_cat&post=18956"},{"taxonomy":"product_tag","embeddable":true,"href":"https:\/\/setap.az\/index.php?rest_route=%2Fwp%2Fv2%2Fproduct_tag&post=18956"}],"curies":[{"name":"wp","href":"https:\/\/api.w.org\/{rel}","templated":true}]}}