{"id":18962,"date":"2025-05-06T10:03:11","date_gmt":"2025-05-06T06:03:11","guid":{"rendered":"https:\/\/setap.az\/?post_type=product&#038;p=18962"},"modified":"2025-06-26T12:40:29","modified_gmt":"2025-06-26T08:40:29","slug":"ranger-2-5mp-ipc-k2ep-5h1w-imou","status":"publish","type":"product","link":"https:\/\/setap.az\/?product=ranger-2-5mp-ipc-k2ep-5h1w-imou","title":{"rendered":"Ranger 2 5MP (IPC-K2EP-5H1W-imou)"},"content":{"rendered":"<p>Model: Ranger 2 5MP (IPC-K2EP-5H1W-imou)<br \/>\n\u2714Matris:1\/3&#8243; CMOS<br \/>\n\u2714Effektiv piksell\u0259r: 2688 x 1664<br \/>\n\u2714IR m\u0259saf\u0259si: 10 m (33 ft)<br \/>\n\u2714Fokus m\u0259saf\u0259si: 3.6 mm<br \/>\n\u2714Bax\u0131\u015f bucaq\u0131: \u00dcf\u00fcqi:87\u00b0; \u015eaquli:48\u00b0; \u2714Diaqonal:108\u00b0 Panorama: 355\u00b0; \u018fyilm\u0259: 5~80<br \/>\n\u2714Video s\u0131x\u0131lma: H.265 \/ H.264<br \/>\n\u2714Video kadrlar\u0131n say\u0131 saniy\u0259d\u0259 25 \/ 30 kadra q\u0259d\u0259r<br \/>\n\u2714Audio: \u0130kit\u0259r\u0259fli s\u00f6hb\u0259t<br \/>\n\u2714H\u0259r\u0259k\u0259tin a\u015fkarlanmas\u0131: Var<br \/>\n\u2714Wi-Fi: \u0130mou t\u0259tbiqi imou App: iOS, Android<br \/>\n\u2714Arxivl\u0259\u015fm\u0259: 256 Gb q\u0259d\u0259r Mikro SD kart<br \/>\n\u2714Audio: Daxili mikrofon v\u0259 dinamik<br \/>\n\u2714S\u0131f\u0131rlama d\u00fcym\u0259si: Var<br \/>\n\u2714\u0130stifad\u0259 temperaturu: -10\u00b0C~+45\u00b0C, nisbi r\u00fctub\u0259t 95%-d\u0259n a\u015fa\u011f\u0131<\/p>\n","protected":false},"excerpt":{"rendered":"<p>Model: Ranger 2 5MP (IPC-K2EP-5H1W-imou) \u2714Matris:1\/3&#8243; CMOS \u2714Effektiv piksell\u0259r: 2688 x 1664 \u2714IR m\u0259saf\u0259si: 10 m (33 ft) \u2714Fokus m\u0259saf\u0259si: 3.6 mm \u2714Bax\u0131\u015f bucaq\u0131: \u00dcf\u00fcqi:87\u00b0; \u015eaquli:48\u00b0; \u2714Diaqonal:108\u00b0 Panorama: 355\u00b0; \u018fyilm\u0259: 5~80 \u2714Video s\u0131x\u0131lma: H.265 \/ H.264 \u2714Video kadrlar\u0131n say\u0131 saniy\u0259d\u0259 25 \/ 30 kadra q\u0259d\u0259r \u2714Audio: \u0130kit\u0259r\u0259fli s\u00f6hb\u0259t \u2714H\u0259r\u0259k\u0259tin a\u015fkarlanmas\u0131: Var \u2714Wi-Fi: \u0130mou t\u0259tbiqi imou&hellip;<\/p>\n","protected":false},"featured_media":18963,"comment_status":"open","ping_status":"closed","template":"","meta":[],"product_cat":[4089,3067,2841,2862],"product_tag":[3068,3070,3069,3072,3071,3073],"class_list":{"0":"post-18962","1":"product","2":"type-product","3":"status-publish","4":"has-post-thumbnail","6":"product_cat-imou","7":"product_cat-musahid-kamerasi","8":"product_cat-videonzart","9":"product_cat-wifi-kameralar","10":"product_tag-imou","11":"product_tag-imouthluksizlik","12":"product_tag-sumqayitimou","13":"product_tag-sumqayitthluksizlik","14":"product_tag-thluksizlikkameralari","15":"product_tag-musahid-kamerasi","16":"description-off","18":"first","19":"instock","20":"shipping-taxable","21":"purchasable","22":"product-type-simple"},"_links":{"self":[{"href":"https:\/\/setap.az\/index.php?rest_route=\/wp\/v2\/product\/18962","targetHints":{"allow":["GET"]}}],"collection":[{"href":"https:\/\/setap.az\/index.php?rest_route=\/wp\/v2\/product"}],"about":[{"href":"https:\/\/setap.az\/index.php?rest_route=\/wp\/v2\/types\/product"}],"replies":[{"embeddable":true,"href":"https:\/\/setap.az\/index.php?rest_route=%2Fwp%2Fv2%2Fcomments&post=18962"}],"wp:featuredmedia":[{"embeddable":true,"href":"https:\/\/setap.az\/index.php?rest_route=\/wp\/v2\/media\/18963"}],"wp:attachment":[{"href":"https:\/\/setap.az\/index.php?rest_route=%2Fwp%2Fv2%2Fmedia&parent=18962"}],"wp:term":[{"taxonomy":"product_cat","embeddable":true,"href":"https:\/\/setap.az\/index.php?rest_route=%2Fwp%2Fv2%2Fproduct_cat&post=18962"},{"taxonomy":"product_tag","embeddable":true,"href":"https:\/\/setap.az\/index.php?rest_route=%2Fwp%2Fv2%2Fproduct_tag&post=18962"}],"curies":[{"name":"wp","href":"https:\/\/api.w.org\/{rel}","templated":true}]}}