{"id":18970,"date":"2025-05-06T10:27:58","date_gmt":"2025-05-06T06:27:58","guid":{"rendered":"https:\/\/setap.az\/?post_type=product&#038;p=18970"},"modified":"2025-05-06T10:27:59","modified_gmt":"2025-05-06T06:27:59","slug":"tp-link-vigi-nvr1004h-4p-s%c9%99b%c9%99k%c9%99-videoregistrator","status":"publish","type":"product","link":"https:\/\/setap.az\/?product=tp-link-vigi-nvr1004h-4p-s%c9%99b%c9%99k%c9%99-videoregistrator","title":{"rendered":"TP-Link VIGI NVR1004H-4P \u015e\u0259b\u0259k\u0259 Videoregistrator"},"content":{"rendered":"<p>TP-Link VIGI NVR1004H-4P \u015e\u0259b\u0259k\u0259 Videoregistrator<br \/>\n\u2714Eyni anda 4 IP kameran\u0131 birl\u0259\u015fdirm\u0259y\u0259 imkan verir.<br \/>\n\u2714Kameralar\u0131 birba\u015fa NVR \u00fcz\u0259rind\u0259n h\u0259m qidaland\u0131rmaq, h\u0259m d\u0259 m\u0259lumat \u00f6t\u00fcrm\u0259k imkan\u0131.<br \/>\n\u27148MP (4K) q\u0259d\u0259r video d\u0259st\u0259yi.<br \/>\n\u2714Bir ne\u00e7\u0259 kameran\u0131n g\u00f6r\u00fcnt\u00fcs\u00fcn\u00fc eyni vaxtda t\u0259krar izl\u0259y\u0259 bil\u0259rsiniz.<br \/>\n\u271410 TB-a q\u0259d\u0259r yer d\u0259st\u0259kl\u0259yir \u2013 uzunm\u00fcdd\u0259tli video saxlama imkan\u0131.<br \/>\n\u2714Uzaqdan \u0130zl\u0259m\u0259: TP-Link VIGI mobil t\u0259tbiqi v\u0259 Cloud xidm\u0259tl\u0259ri vasit\u0259sil\u0259 ist\u0259nil\u0259n yerd\u0259n canl\u0131 izl\u0259m\u0259 v\u0259 idar\u0259etm\u0259.<br \/>\n\u2714H.265+ S\u0131xla\u015fd\u0131rma: Diskd\u0259 daha \u00e7ox video saxlamaq \u00fc\u00e7\u00fcn y\u00fcks\u0259k s\u0131xl\u0131ql\u0131 v\u0259 az yer tutan video yazma texnologiyas\u0131.<br \/>\n\u2714ONVIF D\u0259st\u0259yi: F\u0259rqli markal\u0131 IP kameralarla uy\u011funluq.<br \/>\n\u018flav\u0259 \u00dcst\u00fcnl\u00fckl\u0259r:<br \/>\n\u2714PoE d\u0259st\u0259yi il\u0259 kabel say\u0131n\u0131 azald\u0131r, qura\u015fd\u0131rman\u0131 asanla\u015fd\u0131r\u0131r.<br \/>\n\u2714H\u0259r\u0259k\u0259t a\u015fkarlanmas\u0131 v\u0259 bildiri\u015f g\u00f6nd\u0259rm\u0259 imkan\u0131.<br \/>\n\u2714Ki\u00e7ik v\u0259 orta \u00f6l\u00e7\u00fcl\u00fc m\u00fc\u0259ssis\u0259l\u0259r, ofisl\u0259r, ma\u011fazalar v\u0259 evl\u0259r \u00fc\u00e7\u00fcn ideal se\u00e7im.<br \/>\n\u2714Stabil v\u0259 t\u0259hl\u00fck\u0259siz i\u015fl\u0259m\u0259 performans\u0131.<br \/>\n\u271480 Mbps video giri\u015f bant geni\u015fliyi \u2014 ax\u0131c\u0131 video \u00f6t\u00fcr\u00fclm\u0259si.<\/p>\n","protected":false},"excerpt":{"rendered":"<p>TP-Link VIGI NVR1004H-4P \u015e\u0259b\u0259k\u0259 Videoregistrator \u2714Eyni anda 4 IP kameran\u0131 birl\u0259\u015fdirm\u0259y\u0259 imkan verir. \u2714Kameralar\u0131 birba\u015fa NVR \u00fcz\u0259rind\u0259n h\u0259m qidaland\u0131rmaq, h\u0259m d\u0259 m\u0259lumat \u00f6t\u00fcrm\u0259k imkan\u0131. \u27148MP (4K) q\u0259d\u0259r video d\u0259st\u0259yi. \u2714Bir ne\u00e7\u0259 kameran\u0131n g\u00f6r\u00fcnt\u00fcs\u00fcn\u00fc eyni vaxtda t\u0259krar izl\u0259y\u0259 bil\u0259rsiniz. \u271410 TB-a q\u0259d\u0259r yer d\u0259st\u0259kl\u0259yir \u2013 uzunm\u00fcdd\u0259tli video saxlama imkan\u0131. \u2714Uzaqdan \u0130zl\u0259m\u0259: TP-Link VIGI mobil t\u0259tbiqi v\u0259&hellip;<\/p>\n","protected":false},"featured_media":18971,"comment_status":"open","ping_status":"closed","template":"","meta":[],"product_cat":[2850],"product_tag":[3063,3084,3079,3083,3080,3082,3081,3078,3086,3034,3075,3077,3076,3085],"class_list":{"0":"post-18970","1":"product","2":"type-product","3":"status-publish","4":"has-post-thumbnail","6":"product_cat-videoqeydiyyatcilar","7":"product_tag-cctvazrbaycan","8":"product_tag-enyaxsiqiymt","9":"product_tag-ipkameraqeydiyyatcisi","10":"product_tag-kamerasistemisatisi","11":"product_tag-musahidsistemi","12":"product_tag-poevideoregistrator","13":"product_tag-sbkavadanliqlari","14":"product_tag-sbkqeydiyyatcihazi","15":"product_tag-thluksizev","16":"product_tag-thluksizliksistemi","17":"product_tag-tplinkazrbaycan","18":"product_tag-videoregistratorsatisi","19":"product_tag-viginvr","20":"product_tag-zmantlisatis","21":"description-off","23":"first","24":"instock","25":"shipping-taxable","26":"purchasable","27":"product-type-simple"},"_links":{"self":[{"href":"https:\/\/setap.az\/index.php?rest_route=\/wp\/v2\/product\/18970","targetHints":{"allow":["GET"]}}],"collection":[{"href":"https:\/\/setap.az\/index.php?rest_route=\/wp\/v2\/product"}],"about":[{"href":"https:\/\/setap.az\/index.php?rest_route=\/wp\/v2\/types\/product"}],"replies":[{"embeddable":true,"href":"https:\/\/setap.az\/index.php?rest_route=%2Fwp%2Fv2%2Fcomments&post=18970"}],"wp:featuredmedia":[{"embeddable":true,"href":"https:\/\/setap.az\/index.php?rest_route=\/wp\/v2\/media\/18971"}],"wp:attachment":[{"href":"https:\/\/setap.az\/index.php?rest_route=%2Fwp%2Fv2%2Fmedia&parent=18970"}],"wp:term":[{"taxonomy":"product_cat","embeddable":true,"href":"https:\/\/setap.az\/index.php?rest_route=%2Fwp%2Fv2%2Fproduct_cat&post=18970"},{"taxonomy":"product_tag","embeddable":true,"href":"https:\/\/setap.az\/index.php?rest_route=%2Fwp%2Fv2%2Fproduct_tag&post=18970"}],"curies":[{"name":"wp","href":"https:\/\/api.w.org\/{rel}","templated":true}]}}