{"id":18972,"date":"2025-05-06T12:11:56","date_gmt":"2025-05-06T08:11:56","guid":{"rendered":"https:\/\/setap.az\/?post_type=product&#038;p=18972"},"modified":"2025-06-26T13:01:20","modified_gmt":"2025-06-26T09:01:20","slug":"vigi-c420i-2mp-ir-turret-s%c9%99b%c9%99k%c9%99-kamerasi","status":"publish","type":"product","link":"https:\/\/setap.az\/?product=vigi-c420i-2mp-ir-turret-s%c9%99b%c9%99k%c9%99-kamerasi","title":{"rendered":"VIGI C420I 2MP IR Turret \u015e\u0259b\u0259k\u0259 Kameras\u0131"},"content":{"rendered":"<p>VIGI C420I 2MP IR Turret \u015e\u0259b\u0259k\u0259 Kameras\u0131<br \/>\nVIGI C420I 2MP IR Turret \u015e\u0259b\u0259k\u0259 Kameras\u0131<\/p>\n<p>\u27142MP Full-HD \u00c7\u00f6z\u00fcn\u00fcrl\u00fck<br \/>\nVIGI C420I kameras\u0131 2MP t\u0259svir \u00f6l\u00e7\u00fcs\u00fcn\u0259 malikdir \u2014 bu da inc\u0259 detallar\u0131n bel\u0259 g\u00f6r\u00fcnm\u0259si \u00fc\u00e7\u00fcn kifay\u0259tdir.<\/p>\n<p>\u2714\u0130nsan v\u0259 Avtomobil Tan\u0131mas\u0131<br \/>\n\u0130nsanlar\u0131 v\u0259 avtomobill\u0259ri dig\u0259r obyektl\u0259rd\u0259n f\u0259rql\u0259ndirir, daha d\u0259qiq hadis\u0259 bildiri\u015fl\u0259ri t\u0259qdim edir.<\/p>\n<p>\u2714A\u011f\u0131ll\u0131 A\u015fkarlama (Smart Detection)<br \/>\nS\u0259rh\u0259d ke\u00e7ilm\u0259si, m\u00fc\u0259yy\u0259n olunmu\u015f sah\u0259y\u0259 giri\u015f, kameran\u0131n \u00f6rt\u00fclm\u0259si v\u0259 ya obyektin \u00e7\u0131xar\u0131lmas\u0131 kimi hallarda bildiri\u015f g\u00f6nd\u0259rir.<\/p>\n<p>\u2714H.265+ Video S\u0131x\u0131\u015fd\u0131rma<br \/>\n\u018flav\u0259 bant geni\u015fliyi istifad\u0259 etm\u0259d\u0259n, s\u0131x\u0131\u015fd\u0131r\u0131lm\u0131\u015f v\u0259 ayd\u0131n videolar \u00f6t\u00fcr\u0259r\u0259k yadda\u015fa q\u0259na\u0259t edir, \u015f\u0259b\u0259k\u0259 y\u00fck\u00fcn\u00fc azald\u0131r v\u0259 izl\u0259m\u0259 x\u0259rcl\u0259rini azald\u0131r.<\/p>\n<p>\u2714A\u011f\u0131ll\u0131 Video T\u0259kmill\u0259\u015fdirm\u0259<br \/>\nSmart IR, WDR, 3D DNR v\u0259 Gec\u0259 G\u00f6r\u00fc\u015f\u00fc texnologiyalar\u0131 vasit\u0259sil\u0259 videolar\u0131n keyfiyy\u0259tini art\u0131r\u0131r.<\/p>\n<p>\u2714Koridor Modu<br \/>\n16:9 \u00f6l\u00e7\u00fcs\u00fcn\u00fc 9:16 format\u0131na d\u0259yi\u015f\u0259r\u0259k dar v\u0259 uzun sah\u0259l\u0259rin m\u00fc\u015fahid\u0259sini asanla\u015fd\u0131r\u0131r.<\/p>\n<p>\u2714PoE il\u0259 Sad\u0259l\u0259\u015fdirilmi\u015f Qo\u015fulma<br \/>\nT\u0259k RJ45 kabeli il\u0259 h\u0259m enerji, h\u0259m d\u0259 m\u0259lumat \u00f6t\u00fcr\u00fclm\u0259si imkan\u0131 \u2013 \u0259lav\u0259 enerji adapterin\u0259 ehtiyac yoxdur.<\/p>\n<p>\u27142.8mm v\u0259 4mm Lens Se\u00e7imi<br \/>\nQapal\u0131 sah\u0259l\u0259r \u00fc\u00e7\u00fcn geni\u015f bucaql\u0131, a\u00e7\u0131q sah\u0259l\u0259r \u00fc\u00e7\u00fcn is\u0259 uzaq m\u0259saf\u0259li obyektivi se\u00e7m\u0259k imkan\u0131 verir.<\/p>\n<p>\u2714Fleksibil \u0130dar\u0259etm\u0259<br \/>\nNVR interfeysi, VIGI t\u0259tbiqi v\u0259 VIGI Security Manager vasit\u0259sil\u0259 tam idar\u0259etm\u0259 imkan\u0131.<\/p>\n","protected":false},"excerpt":{"rendered":"<p>VIGI C420I 2MP IR Turret \u015e\u0259b\u0259k\u0259 Kameras\u0131 VIGI C420I 2MP IR Turret \u015e\u0259b\u0259k\u0259 Kameras\u0131 \u27142MP Full-HD \u00c7\u00f6z\u00fcn\u00fcrl\u00fck VIGI C420I kameras\u0131 2MP t\u0259svir \u00f6l\u00e7\u00fcs\u00fcn\u0259 malikdir \u2014 bu da inc\u0259 detallar\u0131n bel\u0259 g\u00f6r\u00fcnm\u0259si \u00fc\u00e7\u00fcn kifay\u0259tdir. \u2714\u0130nsan v\u0259 Avtomobil Tan\u0131mas\u0131 \u0130nsanlar\u0131 v\u0259 avtomobill\u0259ri dig\u0259r obyektl\u0259rd\u0259n f\u0259rql\u0259ndirir, daha d\u0259qiq hadis\u0259 bildiri\u015fl\u0259ri t\u0259qdim edir. \u2714A\u011f\u0131ll\u0131 A\u015fkarlama (Smart Detection) S\u0259rh\u0259d ke\u00e7ilm\u0259si,&hellip;<\/p>\n","protected":false},"featured_media":18973,"comment_status":"open","ping_status":"closed","template":"","meta":[],"product_cat":[4088,2849],"product_tag":[3087,3089,3088,2939,2926,3052,3090],"class_list":{"0":"post-18972","1":"product","2":"type-product","3":"status-publish","4":"has-post-thumbnail","6":"product_cat-tp-link","7":"product_cat-videokameralar","8":"product_tag-cctvcamera","9":"product_tag-domecctvcameras","10":"product_tag-fullcoloredcctv","11":"product_tag-securitycamera","12":"product_tag-tplink","13":"product_tag-tplinkvigi","14":"product_tag-vigic420","15":"description-off","17":"first","18":"instock","19":"shipping-taxable","20":"purchasable","21":"product-type-simple"},"_links":{"self":[{"href":"https:\/\/setap.az\/index.php?rest_route=\/wp\/v2\/product\/18972","targetHints":{"allow":["GET"]}}],"collection":[{"href":"https:\/\/setap.az\/index.php?rest_route=\/wp\/v2\/product"}],"about":[{"href":"https:\/\/setap.az\/index.php?rest_route=\/wp\/v2\/types\/product"}],"replies":[{"embeddable":true,"href":"https:\/\/setap.az\/index.php?rest_route=%2Fwp%2Fv2%2Fcomments&post=18972"}],"wp:featuredmedia":[{"embeddable":true,"href":"https:\/\/setap.az\/index.php?rest_route=\/wp\/v2\/media\/18973"}],"wp:attachment":[{"href":"https:\/\/setap.az\/index.php?rest_route=%2Fwp%2Fv2%2Fmedia&parent=18972"}],"wp:term":[{"taxonomy":"product_cat","embeddable":true,"href":"https:\/\/setap.az\/index.php?rest_route=%2Fwp%2Fv2%2Fproduct_cat&post=18972"},{"taxonomy":"product_tag","embeddable":true,"href":"https:\/\/setap.az\/index.php?rest_route=%2Fwp%2Fv2%2Fproduct_tag&post=18972"}],"curies":[{"name":"wp","href":"https:\/\/api.w.org\/{rel}","templated":true}]}}