{"id":18976,"date":"2025-05-06T15:04:13","date_gmt":"2025-05-06T11:04:13","guid":{"rendered":"https:\/\/setap.az\/?post_type=product&#038;p=18976"},"modified":"2025-05-06T15:04:13","modified_gmt":"2025-05-06T11:04:13","slug":"skytech-stv19h-19%e2%80%b3-led-monitor","status":"publish","type":"product","link":"https:\/\/setap.az\/?product=skytech-stv19h-19%e2%80%b3-led-monitor","title":{"rendered":"&#8220;Skytech STV19H 19\u2033 LED Monitor&#8221;"},"content":{"rendered":"<p>Skytech 19 STV19H HDMI v\u0259 VGA port+dinamikas\u0131 m\u00f6vcuddur.<br \/>\nSumqay\u0131t daxili \u00e7atd\u0131r\u0131lma pulsuz.<\/p>\n","protected":false},"excerpt":{"rendered":"<p>Skytech 19 STV19H HDMI v\u0259 VGA port+dinamikas\u0131 m\u00f6vcuddur. Sumqay\u0131t daxili \u00e7atd\u0131r\u0131lma pulsuz.<\/p>\n","protected":false},"featured_media":18977,"comment_status":"open","ping_status":"closed","template":"","meta":[],"product_cat":[2846],"product_tag":[3100,3099,3101,3093,3094,3095,3096,3092,3097,3098,3028],"class_list":{"0":"post-18976","1":"product","2":"type-product","3":"status-publish","4":"has-post-thumbnail","6":"product_cat-monitorlar","7":"product_tag-business","8":"product_tag-computer","9":"product_tag-logistics","10":"product_tag-monitor","11":"product_tag-rahatis","12":"product_tag-rec","13":"product_tag-recelectronics","14":"product_tag-skytech19stv19hskytech","15":"product_tag-tehlukesizlikkameralari","16":"product_tag-tehlukesizliksistemleri","17":"product_tag-texnologiya","18":"description-off","20":"first","21":"instock","22":"shipping-taxable","23":"purchasable","24":"product-type-simple"},"_links":{"self":[{"href":"https:\/\/setap.az\/index.php?rest_route=\/wp\/v2\/product\/18976","targetHints":{"allow":["GET"]}}],"collection":[{"href":"https:\/\/setap.az\/index.php?rest_route=\/wp\/v2\/product"}],"about":[{"href":"https:\/\/setap.az\/index.php?rest_route=\/wp\/v2\/types\/product"}],"replies":[{"embeddable":true,"href":"https:\/\/setap.az\/index.php?rest_route=%2Fwp%2Fv2%2Fcomments&post=18976"}],"wp:featuredmedia":[{"embeddable":true,"href":"https:\/\/setap.az\/index.php?rest_route=\/wp\/v2\/media\/18977"}],"wp:attachment":[{"href":"https:\/\/setap.az\/index.php?rest_route=%2Fwp%2Fv2%2Fmedia&parent=18976"}],"wp:term":[{"taxonomy":"product_cat","embeddable":true,"href":"https:\/\/setap.az\/index.php?rest_route=%2Fwp%2Fv2%2Fproduct_cat&post=18976"},{"taxonomy":"product_tag","embeddable":true,"href":"https:\/\/setap.az\/index.php?rest_route=%2Fwp%2Fv2%2Fproduct_tag&post=18976"}],"curies":[{"name":"wp","href":"https:\/\/api.w.org\/{rel}","templated":true}]}}