{"id":18978,"date":"2025-05-06T15:42:28","date_gmt":"2025-05-06T11:42:28","guid":{"rendered":"https:\/\/setap.az\/?post_type=product&#038;p=18978"},"modified":"2025-06-26T12:54:18","modified_gmt":"2025-06-26T08:54:18","slug":"vigi-c430i-un-3mp-turret-s%c9%99b%c9%99k%c9%99-kamerasi","status":"publish","type":"product","link":"https:\/\/setap.az\/?product=vigi-c430i-un-3mp-turret-s%c9%99b%c9%99k%c9%99-kamerasi","title":{"rendered":"VIGI C430I UN 3MP Turret \u015e\u0259b\u0259k\u0259 Kameras\u0131"},"content":{"rendered":"<p>VIGI C430I UN 3MP Turret \u015e\u0259b\u0259k\u0259 Kameras\u0131<br \/>\nVigi Xarici \u015f\u0259b\u0259k\u0259 t\u0259hl\u00fck\u0259sizlik kameras\u0131 (turret tipi)<br \/>\nG\u00f6r\u00fcnt\u00fc keyfiyy\u0259ti 3 MP (2304 \u00d7 1296), 25\/30 kadr\/s<br \/>\nLinz Sabit, variantlar: 2.8 mm v\u0259 ya 4 mm; F\/NO: 2.0<br \/>\nBax\u0131\u015f buca\u011f\u0131 2.8 mm: 99.3\u00b0 (\u00dc), 54.9\u00b0 (\u015e); 4 mm: 79.7\u00b0 (\u00dc), 44.9\u00b0 (\u015e)<br \/>\nGec\u0259 g\u00f6r\u00fcnt\u00fcs\u00fc \u0130Q 30 m-\u0259 q\u0259d\u0259r (850 nm)<br \/>\n\u015e\u0259b\u0259k\u0259 Ethernet (RJ45, PoE IEEE 802.3af)<br \/>\nVideokodekl\u0259r H.265+, H.265, H.264+, H.264<br \/>\nYadda\u015f MicroSD, 256 GB-a q\u0259d\u0259r (ayr\u0131 al\u0131n\u0131r)<br \/>\nFunksiyalar \u0130nsan\/n\u0259qliyyat t\u0259snifat\u0131, a\u011f\u0131ll\u0131 a\u015fkarlama (h\u0259r\u0259k\u0259t, x\u0259tt ke\u00e7m\u0259, m\u00fcdaxil\u0259)<br \/>\n\u0130dar\u0259etm\u0259 VIGI App, Web UI, NVR UI, VIGI Security Manager<br \/>\nG\u00fcc t\u0259chizat\u0131 PoE (IEEE 802.3af) v\u0259 ya DC 12 V, 0.4 A<br \/>\nQoruma IP67 (suya v\u0259 toza davaml\u0131)<br \/>\nT\u0259tbiq Xarici monitorinq (h\u0259y\u0259tl\u0259r, anbarlar, ofisl\u0259r)<br \/>\n\u0130\u015f temperaturu -30\u00b0C il\u0259 +60\u00b0C aras\u0131nda<br \/>\n\u00d6l\u00e7\u00fcl\u0259r 123 \u00d7 123 \u00d7 83 mm<br \/>\n\u00c7\u0259ki 0.2 kq<\/p>\n","protected":false},"excerpt":{"rendered":"<p>VIGI C430I UN 3MP Turret \u015e\u0259b\u0259k\u0259 Kameras\u0131 Vigi Xarici \u015f\u0259b\u0259k\u0259 t\u0259hl\u00fck\u0259sizlik kameras\u0131 (turret tipi) G\u00f6r\u00fcnt\u00fc keyfiyy\u0259ti 3 MP (2304 \u00d7 1296), 25\/30 kadr\/s Linz Sabit, variantlar: 2.8 mm v\u0259 ya 4 mm; F\/NO: 2.0 Bax\u0131\u015f buca\u011f\u0131 2.8 mm: 99.3\u00b0 (\u00dc), 54.9\u00b0 (\u015e); 4 mm: 79.7\u00b0 (\u00dc), 44.9\u00b0 (\u015e) Gec\u0259 g\u00f6r\u00fcnt\u00fcs\u00fc \u0130Q 30 m-\u0259 q\u0259d\u0259r (850&hellip;<\/p>\n","protected":false},"featured_media":18979,"comment_status":"open","ping_status":"closed","template":"","meta":[],"product_cat":[4088,2849],"product_tag":[3087,3089,3088,2939,2926,3052,3102],"class_list":{"0":"post-18978","1":"product","2":"type-product","3":"status-publish","4":"has-post-thumbnail","6":"product_cat-tp-link","7":"product_cat-videokameralar","8":"product_tag-cctvcamera","9":"product_tag-domecctvcameras","10":"product_tag-fullcoloredcctv","11":"product_tag-securitycamera","12":"product_tag-tplink","13":"product_tag-tplinkvigi","14":"product_tag-vigic430","15":"description-off","17":"first","18":"instock","19":"shipping-taxable","20":"purchasable","21":"product-type-simple"},"_links":{"self":[{"href":"https:\/\/setap.az\/index.php?rest_route=\/wp\/v2\/product\/18978","targetHints":{"allow":["GET"]}}],"collection":[{"href":"https:\/\/setap.az\/index.php?rest_route=\/wp\/v2\/product"}],"about":[{"href":"https:\/\/setap.az\/index.php?rest_route=\/wp\/v2\/types\/product"}],"replies":[{"embeddable":true,"href":"https:\/\/setap.az\/index.php?rest_route=%2Fwp%2Fv2%2Fcomments&post=18978"}],"wp:featuredmedia":[{"embeddable":true,"href":"https:\/\/setap.az\/index.php?rest_route=\/wp\/v2\/media\/18979"}],"wp:attachment":[{"href":"https:\/\/setap.az\/index.php?rest_route=%2Fwp%2Fv2%2Fmedia&parent=18978"}],"wp:term":[{"taxonomy":"product_cat","embeddable":true,"href":"https:\/\/setap.az\/index.php?rest_route=%2Fwp%2Fv2%2Fproduct_cat&post=18978"},{"taxonomy":"product_tag","embeddable":true,"href":"https:\/\/setap.az\/index.php?rest_route=%2Fwp%2Fv2%2Fproduct_tag&post=18978"}],"curies":[{"name":"wp","href":"https:\/\/api.w.org\/{rel}","templated":true}]}}