{"id":18992,"date":"2025-05-07T11:14:45","date_gmt":"2025-05-07T07:14:45","guid":{"rendered":"https:\/\/setap.az\/?post_type=product&#038;p=18992"},"modified":"2025-05-07T11:14:45","modified_gmt":"2025-05-07T07:14:45","slug":"mercusys-ax1500-wifi-6","status":"publish","type":"product","link":"https:\/\/setap.az\/?product=mercusys-ax1500-wifi-6","title":{"rendered":"Mercusys AX1500 WIFI 6"},"content":{"rendered":"<p>Mercusys AX1500 WIFI 6<br \/>\n\ud83d\udca5 \u018fsas X\u00fcsusiyy\u0259tl\u0259r:<\/p>\n<p>Wi-Fi 6 Standart\u0131: MR60X \u0259n son Wi-Fi 6 (802.11ax) texnologiyas\u0131n\u0131 d\u0259st\u0259kl\u0259yir, bu da daha s\u00fcr\u0259tli v\u0259 etibarl\u0131 ba\u011flant\u0131lar t\u0259min edir.\u200b<\/p>\n<p>\ud83d\udca5 S\u00fcr\u0259t: C\u0259mi 1.5 Gbps-\u0259 q\u0259d\u0259r simsiz s\u00fcr\u0259t t\u0259klif edir: 5 GHz diapazonunda 1201 Mbps v\u0259 2.4 GHz diapazonunda 300 Mbps. \u200b<\/p>\n<p>\ud83d\udca5\u00c7oxlu Cihaz D\u0259st\u0259yi: OFDMA v\u0259 MU-MIMO texnologiyalar\u0131 say\u0259sind\u0259 eyni anda bir ne\u00e7\u0259 cihazla effektiv m\u0259lumat \u00f6t\u00fcr\u00fclm\u0259sini t\u0259min edir, bu da \u015f\u0259b\u0259k\u0259nin \u00fcmumi m\u0259hsuldarl\u0131\u011f\u0131n\u0131 art\u0131r\u0131r. \u200b<\/p>\n<p>\ud83d\udca5Geni\u015f \u018fhat\u0259 Dair\u0259si: D\u00f6rd y\u00fcks\u0259k qazancl\u0131 anten v\u0259 Beamforming texnologiyas\u0131 il\u0259 evinizin h\u0259r k\u00fcnc\u00fcn\u0259 g\u00fccl\u00fc v\u0259 stabil siqnal \u00e7atd\u0131r\u0131r. \u200b<\/p>\n<p>\ud83d\udca5Gigabit Portlar\u0131: 1 Gigabit WAN v\u0259 2 Gigabit LAN portlar\u0131 il\u0259 y\u00fcks\u0259k s\u00fcr\u0259tli kabel ba\u011flant\u0131lar\u0131n\u0131 d\u0259st\u0259kl\u0259yir. \u200b<\/p>\n<p>\ud83d\udca5T\u0259hl\u00fck\u0259sizlik: WPA3 \u015fifr\u0259l\u0259m\u0259 protokolu il\u0259 \u015f\u0259b\u0259k\u0259nizin t\u0259hl\u00fck\u0259sizliyini t\u0259min edir<\/p>\n","protected":false},"excerpt":{"rendered":"<p>Mercusys AX1500 WIFI 6 \ud83d\udca5 \u018fsas X\u00fcsusiyy\u0259tl\u0259r: Wi-Fi 6 Standart\u0131: MR60X \u0259n son Wi-Fi 6 (802.11ax) texnologiyas\u0131n\u0131 d\u0259st\u0259kl\u0259yir, bu da daha s\u00fcr\u0259tli v\u0259 etibarl\u0131 ba\u011flant\u0131lar t\u0259min edir.\u200b \ud83d\udca5 S\u00fcr\u0259t: C\u0259mi 1.5 Gbps-\u0259 q\u0259d\u0259r simsiz s\u00fcr\u0259t t\u0259klif edir: 5 GHz diapazonunda 1201 Mbps v\u0259 2.4 GHz diapazonunda 300 Mbps. \u200b \ud83d\udca5\u00c7oxlu Cihaz D\u0259st\u0259yi: OFDMA v\u0259 MU-MIMO&hellip;<\/p>\n","protected":false},"featured_media":18993,"comment_status":"open","ping_status":"closed","template":"","meta":[],"product_cat":[2833,2994],"product_tag":[2923,2921,3126,2922,2919,2924,2925,2918,2917],"class_list":{"0":"post-18992","1":"product","2":"type-product","3":"status-publish","4":"has-post-thumbnail","6":"product_cat-routerlr","7":"product_cat-wifi-6","8":"product_tag-agillitexnologiya","9":"product_tag-ax1500","10":"product_tag-ax1800","11":"product_tag-ax3000","12":"product_tag-dayaniqlibaglanti","13":"product_tag-internetdyenisviyy","14":"product_tag-mercusys","15":"product_tag-surtliinternet","16":"product_tag-wifi6","17":"description-off","19":"first","20":"instock","21":"shipping-taxable","22":"purchasable","23":"product-type-simple"},"_links":{"self":[{"href":"https:\/\/setap.az\/index.php?rest_route=\/wp\/v2\/product\/18992","targetHints":{"allow":["GET"]}}],"collection":[{"href":"https:\/\/setap.az\/index.php?rest_route=\/wp\/v2\/product"}],"about":[{"href":"https:\/\/setap.az\/index.php?rest_route=\/wp\/v2\/types\/product"}],"replies":[{"embeddable":true,"href":"https:\/\/setap.az\/index.php?rest_route=%2Fwp%2Fv2%2Fcomments&post=18992"}],"wp:featuredmedia":[{"embeddable":true,"href":"https:\/\/setap.az\/index.php?rest_route=\/wp\/v2\/media\/18993"}],"wp:attachment":[{"href":"https:\/\/setap.az\/index.php?rest_route=%2Fwp%2Fv2%2Fmedia&parent=18992"}],"wp:term":[{"taxonomy":"product_cat","embeddable":true,"href":"https:\/\/setap.az\/index.php?rest_route=%2Fwp%2Fv2%2Fproduct_cat&post=18992"},{"taxonomy":"product_tag","embeddable":true,"href":"https:\/\/setap.az\/index.php?rest_route=%2Fwp%2Fv2%2Fproduct_tag&post=18992"}],"curies":[{"name":"wp","href":"https:\/\/api.w.org\/{rel}","templated":true}]}}