{"id":18996,"date":"2025-05-07T13:46:50","date_gmt":"2025-05-07T09:46:50","guid":{"rendered":"https:\/\/setap.az\/?post_type=product&#038;p=18996"},"modified":"2026-01-21T15:31:01","modified_gmt":"2026-01-21T11:31:01","slug":"unv-uac-b122-af28m-w","status":"publish","type":"product","link":"https:\/\/setap.az\/?product=unv-uac-b122-af28m-w","title":{"rendered":"UNV UAC-B122-AF28M-W 2MP Analoq kamera"},"content":{"rendered":"<p>Uniview UAC-B122-AF28M-W 2MP Analoq kamera<br \/>\n\u2714 \u018fsas X\u00fcsusiyy\u0259tl\u0259r<br \/>\nG\u00f6r\u00fcnt\u00fc Sensoru: 1\/2.9 d\u00fcym CMOS sensoru<br \/>\nEffektiv Piksel: 2 MP (1920 x 1080)\u200b<br \/>\nLens: 2.8 mm sabit lens, 101.5\u00b0 \u00fcf\u00fcqi bax\u0131\u015f buca\u011f\u0131\u200b<br \/>\nMinimum \u0130\u015f\u0131qland\u0131rma: 0.005 lux (F1.6, AGC ON); 0 lux (a\u011f i\u015f\u0131q aktiv olduqda)\u200b<br \/>\n\u0130\u015f\u0131qland\u0131rma M\u0259saf\u0259si: \u0130nteqrasiya olunmu\u015f iki a\u011f i\u015f\u0131q il\u0259 40 metr<br \/>\nG\u00fcnd\u00fcz\/Gec\u0259 Rejimi: 24\/7 r\u0259ngli g\u00f6r\u00fcnt\u00fc t\u0259min edir \u200b<br \/>\n\u2714Video X\u00fcsusiyy\u0259tl\u0259ri<br \/>\nVideo Formatlar\u0131: TVI, AHD, CVI, CVBS\u200b<br \/>\n\u2714\u00c7\u0259r\u00e7iv\u0259 S\u00fcr\u0259ti:<br \/>\nTVI\/AHD\/CVI: 1080P@25fps (standart), 1080P@30fps; 720P@25fps, 720P@30fps\u200b CVBS: PAL, NTSC \u200b<br \/>\n\u2714Funksiyalar<br \/>\nA\u011f \u0130\u015f\u0131q \u0130\u015f\u0131qland\u0131rmas\u0131: A\u015fa\u011f\u0131 i\u015f\u0131q \u015f\u0259raitind\u0259 bel\u0259 24\/7 r\u0259ngli g\u00f6r\u00fcnt\u00fc t\u0259min edir<br \/>\n\u2714Flip Funksiyas\u0131: 180\u00b0 \u00fcf\u00fcqi v\u0259 180\u00b0 \u015faquli \u00e7evirm\u0259 d\u0259st\u0259yi\u200b<br \/>\n\u2714OSD Menyu: 11 dild\u0259 konfiqurasiya menyusu\u200b<br \/>\n\u2714Daxili Mikrofon: Koaksial kabell\u0259r vasit\u0259sil\u0259 y\u00fcks\u0259k keyfiyy\u0259tli s\u0259s \u00f6t\u00fcr\u00fclm\u0259si \u200b<br \/>\n\u2714R\u0259q\u0259msal Defog: Dumanl\u0131 \u015f\u0259raitd\u0259 g\u00f6r\u00fcnt\u00fc keyfiyy\u0259tini art\u0131r\u0131r\u200b<br \/>\nDNR (R\u0259q\u0259msal S\u0259s-K\u00fcy Azaltma): 2D\/3D DNR\u200b<br \/>\nWDR (Geni\u015f Dinamik Aral\u0131q): DWDR d\u0259st\u0259yi \u200b<br \/>\n\u2714Fiziki X\u00fcsusiyy\u0259tl\u0259r<br \/>\nKorpus Material\u0131: Metal \u00f6n hiss\u0259 v\u0259 korpus\u200b<br \/>\nSu v\u0259 Toz Ke\u00e7irm\u0259zlik: IP67 d\u0259r\u0259c\u0259si<br \/>\n\u0130\u015fl\u0259m\u0259 Temperaturu: -30\u00b0C-d\u0259n 60\u00b0C-y\u0259 q\u0259d\u0259r \u200b<br \/>\n\u2714\u00dcst\u00fcnl\u00fckl\u0259r<br \/>\nY\u00fcks\u0259k Keyfiyy\u0259tli 2MP G\u00f6r\u00fcnt\u00fc: Ayd\u0131n v\u0259 detall\u0131 videolar \u00fc\u00e7\u00fcn\u200b<br \/>\n\u00c7oxsayl\u0131 Video Formatlar\u0131: M\u00fcxt\u0259lif sisteml\u0259rl\u0259 uy\u011funluq\u200b<br \/>\nA\u011f \u0130\u015f\u0131q \u0130\u015f\u0131qland\u0131rmas\u0131: Gec\u0259 v\u0259 z\u0259if i\u015f\u0131q \u015f\u0259raitind\u0259 r\u0259ngli g\u00f6r\u00fcnt\u00fc\u200b<br \/>\nDaxili Mikrofon: S\u0259sli monitorinq imkan\u0131\u200b<br \/>\nIP67 D\u0259r\u0259c\u0259si: \u00c7\u0259tin hava \u015f\u0259raitin\u0259 qar\u015f\u0131 dayan\u0131ql\u0131d\u0131r<\/p>\n","protected":false},"excerpt":{"rendered":"<p>Uniview UAC-B122-AF28M-W 2MP Analoq kamera \u2714 \u018fsas X\u00fcsusiyy\u0259tl\u0259r G\u00f6r\u00fcnt\u00fc Sensoru: 1\/2.9 d\u00fcym CMOS sensoru Effektiv Piksel: 2 MP (1920 x 1080)\u200b Lens: 2.8 mm sabit lens, 101.5\u00b0 \u00fcf\u00fcqi bax\u0131\u015f buca\u011f\u0131\u200b Minimum \u0130\u015f\u0131qland\u0131rma: 0.005 lux (F1.6, AGC ON); 0 lux (a\u011f i\u015f\u0131q aktiv olduqda)\u200b \u0130\u015f\u0131qland\u0131rma M\u0259saf\u0259si: \u0130nteqrasiya olunmu\u015f iki a\u011f i\u015f\u0131q il\u0259 40 metr G\u00fcnd\u00fcz\/Gec\u0259 Rejimi:&hellip;<\/p>\n","protected":false},"featured_media":18997,"comment_status":"open","ping_status":"closed","template":"","meta":[],"product_cat":[2802,5271,4087],"product_tag":[3149,3150,3148,3071,3045],"class_list":{"0":"post-18996","1":"product","2":"type-product","3":"status-publish","4":"has-post-thumbnail","6":"product_cat-analoq","7":"product_cat-thluksizlik-kamerasi","8":"product_cat-unv","9":"product_tag-rnglikameralar","10":"product_tag-sumqayitunvmusahid-kamerasi","11":"product_tag-sumqayitunvkamera","12":"product_tag-thluksizlikkameralari","13":"product_tag-thluksizliksistemlri","14":"description-off","16":"first","17":"instock","18":"shipping-taxable","19":"purchasable","20":"product-type-simple"},"_links":{"self":[{"href":"https:\/\/setap.az\/index.php?rest_route=\/wp\/v2\/product\/18996","targetHints":{"allow":["GET"]}}],"collection":[{"href":"https:\/\/setap.az\/index.php?rest_route=\/wp\/v2\/product"}],"about":[{"href":"https:\/\/setap.az\/index.php?rest_route=\/wp\/v2\/types\/product"}],"replies":[{"embeddable":true,"href":"https:\/\/setap.az\/index.php?rest_route=%2Fwp%2Fv2%2Fcomments&post=18996"}],"wp:featuredmedia":[{"embeddable":true,"href":"https:\/\/setap.az\/index.php?rest_route=\/wp\/v2\/media\/18997"}],"wp:attachment":[{"href":"https:\/\/setap.az\/index.php?rest_route=%2Fwp%2Fv2%2Fmedia&parent=18996"}],"wp:term":[{"taxonomy":"product_cat","embeddable":true,"href":"https:\/\/setap.az\/index.php?rest_route=%2Fwp%2Fv2%2Fproduct_cat&post=18996"},{"taxonomy":"product_tag","embeddable":true,"href":"https:\/\/setap.az\/index.php?rest_route=%2Fwp%2Fv2%2Fproduct_tag&post=18996"}],"curies":[{"name":"wp","href":"https:\/\/api.w.org\/{rel}","templated":true}]}}