{"id":19001,"date":"2025-05-07T14:19:17","date_gmt":"2025-05-07T10:19:17","guid":{"rendered":"https:\/\/setap.az\/?post_type=product&#038;p=19001"},"modified":"2025-06-23T11:17:32","modified_gmt":"2025-06-23T07:17:32","slug":"48-port-switch-tp-link-tl-sf1048","status":"publish","type":"product","link":"https:\/\/setap.az\/?product=48-port-switch-tp-link-tl-sf1048","title":{"rendered":"48 port switch TP-LINK TL-SF1048"},"content":{"rendered":"<p>TP-Link TL-SF1048 48-port Switch \u2014 geni\u015f \u015f\u0259b\u0259k\u0259l\u0259r \u00fc\u00e7\u00fcn n\u0259z\u0259rd\u0259 tutulmu\u015f y\u00fcks\u0259k performansl\u0131 Fast Ethernet kommutatorudur. 48 10\/100Mbps portu il\u0259 t\u0259chiz olunmu\u015f bu switch, s\u00fcr\u0259tli v\u0259 stabil m\u0259lumat \u00f6t\u00fcr\u00fclm\u0259sini t\u0259min edir, ki\u00e7ik v\u0259 orta m\u00fc\u0259ssis\u0259l\u0259rd\u0259 istifad\u0259 \u00fc\u00e7\u00fcn ideal se\u00e7imdir. TL-SF1048, Plug-and-Play funksionall\u0131\u011f\u0131 il\u0259 asan qura\u015fd\u0131rma v\u0259 istifad\u0259 t\u0259klif edir, \u0259lav\u0259 konfiqurasiya t\u0259l\u0259b etmir. Bu switch, metal korpus v\u0259 ventilatorsuz dizayn\u0131 il\u0259 s\u0259ssiz v\u0259 uzunm\u00fcdd\u0259tli i\u015fl\u0259m\u0259 \u00fc\u00e7\u00fcn n\u0259z\u0259rd\u0259 tutulmu\u015fdur. Enerji s\u0259m\u0259r\u0259liliyi \u00fc\u00e7\u00fcn Green Ethernet texnologiyas\u0131 il\u0259 t\u0259chiz edilmi\u015fdir, bu da enerji istehlak\u0131n\u0131 optimalla\u015fd\u0131raraq x\u0259rcl\u0259ri azald\u0131r. TP-Link TL-SF1048, s\u00fcr\u0259tli m\u0259lumat \u00f6t\u00fcr\u00fclm\u0259si t\u0259l\u0259b ed\u0259n b\u00f6y\u00fck \u015f\u0259b\u0259k\u0259l\u0259r \u00fc\u00e7\u00fcn etibarl\u0131 v\u0259 s\u0259m\u0259r\u0259li h\u0259ll t\u0259klif edir.<\/p>\n","protected":false},"excerpt":{"rendered":"<p>TP-Link TL-SF1048 48-port Switch \u2014 geni\u015f \u015f\u0259b\u0259k\u0259l\u0259r \u00fc\u00e7\u00fcn n\u0259z\u0259rd\u0259 tutulmu\u015f y\u00fcks\u0259k performansl\u0131 Fast Ethernet kommutatorudur. 48 10\/100Mbps portu il\u0259 t\u0259chiz olunmu\u015f bu switch, s\u00fcr\u0259tli v\u0259 stabil m\u0259lumat \u00f6t\u00fcr\u00fclm\u0259sini t\u0259min edir, ki\u00e7ik v\u0259 orta m\u00fc\u0259ssis\u0259l\u0259rd\u0259 istifad\u0259 \u00fc\u00e7\u00fcn ideal se\u00e7imdir. TL-SF1048, Plug-and-Play funksionall\u0131\u011f\u0131 il\u0259 asan qura\u015fd\u0131rma v\u0259 istifad\u0259 t\u0259klif edir, \u0259lav\u0259 konfiqurasiya t\u0259l\u0259b etmir. Bu switch, metal&hellip;<\/p>\n","protected":false},"featured_media":19002,"comment_status":"open","ping_status":"closed","template":"","meta":[],"product_cat":[2955,2848],"product_tag":[3154,3155,3157,3156,3158,3151,3153,3152],"class_list":{"0":"post-19001","1":"product","2":"type-product","3":"status-publish","4":"has-post-thumbnail","6":"product_cat-kommutatorlar","7":"product_cat-poe-kommutatorlar","8":"product_tag-48-port","9":"product_tag-fastethernet","10":"product_tag-greenethernet","11":"product_tag-sbkidaretmsi","12":"product_tag-sbkkommutatoru","13":"product_tag-switch","14":"product_tag-tl-sf1048","15":"product_tag-tp-link","16":"description-off","18":"first","19":"instock","20":"shipping-taxable","21":"purchasable","22":"product-type-simple"},"_links":{"self":[{"href":"https:\/\/setap.az\/index.php?rest_route=\/wp\/v2\/product\/19001","targetHints":{"allow":["GET"]}}],"collection":[{"href":"https:\/\/setap.az\/index.php?rest_route=\/wp\/v2\/product"}],"about":[{"href":"https:\/\/setap.az\/index.php?rest_route=\/wp\/v2\/types\/product"}],"replies":[{"embeddable":true,"href":"https:\/\/setap.az\/index.php?rest_route=%2Fwp%2Fv2%2Fcomments&post=19001"}],"wp:featuredmedia":[{"embeddable":true,"href":"https:\/\/setap.az\/index.php?rest_route=\/wp\/v2\/media\/19002"}],"wp:attachment":[{"href":"https:\/\/setap.az\/index.php?rest_route=%2Fwp%2Fv2%2Fmedia&parent=19001"}],"wp:term":[{"taxonomy":"product_cat","embeddable":true,"href":"https:\/\/setap.az\/index.php?rest_route=%2Fwp%2Fv2%2Fproduct_cat&post=19001"},{"taxonomy":"product_tag","embeddable":true,"href":"https:\/\/setap.az\/index.php?rest_route=%2Fwp%2Fv2%2Fproduct_tag&post=19001"}],"curies":[{"name":"wp","href":"https:\/\/api.w.org\/{rel}","templated":true}]}}