{"id":19036,"date":"2025-05-08T15:02:40","date_gmt":"2025-05-08T11:02:40","guid":{"rendered":"https:\/\/setap.az\/?post_type=product&#038;p=19036"},"modified":"2025-05-08T15:02:40","modified_gmt":"2025-05-08T11:02:40","slug":"eh6-wifi-lampa-kamera","status":"publish","type":"product","link":"https:\/\/setap.az\/?product=eh6-wifi-lampa-kamera","title":{"rendered":"EH6 WIFI Lampa Kamera"},"content":{"rendered":"<p>HD WiFi Kamera \u2013 Model: EH6<br \/>\n\u00dcmumi X\u00fcsusiyy\u0259tl\u0259r:<br \/>\nModel: EH6<br \/>\nKamera Tipi: WiFi vasit\u0259sil\u0259 i\u015fl\u0259y\u0259n IP t\u0259hl\u00fck\u0259sizlik kameras\u0131<br \/>\n\u00c7\u00f6z\u00fcn\u00fcrl\u00fck: 3 MP (HD keyfiyy\u0259tli g\u00f6r\u00fcnt\u00fc)<br \/>\nBa\u011flant\u0131: WiFi (simsiz), b\u0259zi modell\u0259rd\u0259 LAN portu da ola bil\u0259r<br \/>\nG\u0259rginlik: AC 110V &#8211; 220V (universal giri\u015f)<br \/>\nFunksiyalar:<br \/>\nCanl\u0131 yay\u0131m izl\u0259m\u0259 (mobil t\u0259tbiq il\u0259)<br \/>\nT\u00fcst\u00fc dedektoru<br \/>\nH\u0259r\u0259k\u0259t a\u015fkarlanmas\u0131<br \/>\nGec\u0259 g\u00f6rm\u0259<br \/>\n\u0130ki t\u0259r\u0259fli s\u0259sli \u0259laq\u0259<br \/>\nVideo yazma (microSD kart v\u0259 ya bulud yadda\u015f d\u0259st\u0259yi)<br \/>\nQura\u015fd\u0131rma \u00fc\u00e7\u00fcn kameran\u0131 g\u00fcc\u0259 qo\u015fun, mobil t\u0259tbiq y\u00fckl\u0259yin, WiFi \u015f\u0259b\u0259k\u0259sin\u0259 qo\u015fun v\u0259 kameran\u0131 t\u0259tbiq vasit\u0259sil\u0259 \u0259lav\u0259 edin. QR kod v\u0259 ya avtomatik axtar\u0131\u015f \u00fcsulu il\u0259 qo\u015fulma m\u00fcmk\u00fcnd\u00fcr.<br \/>\n\ud83d\udcf2 \u0130stifad\u0259 sah\u0259l\u0259ri:<br \/>\nEv v\u0259 ail\u0259 t\u0259hl\u00fck\u0259sizliyi<br \/>\nU\u015faq v\u0259 ya\u015fl\u0131 n\u0259zar\u0259ti<br \/>\nOfis v\u0259 ma\u011faza m\u00fc\u015fahid\u0259si<br \/>\nAnbar v\u0259 qaraj izl\u0259m\u0259<\/p>\n","protected":false},"excerpt":{"rendered":"<p>HD WiFi Kamera \u2013 Model: EH6 \u00dcmumi X\u00fcsusiyy\u0259tl\u0259r: Model: EH6 Kamera Tipi: WiFi vasit\u0259sil\u0259 i\u015fl\u0259y\u0259n IP t\u0259hl\u00fck\u0259sizlik kameras\u0131 \u00c7\u00f6z\u00fcn\u00fcrl\u00fck: 3 MP (HD keyfiyy\u0259tli g\u00f6r\u00fcnt\u00fc) Ba\u011flant\u0131: WiFi (simsiz), b\u0259zi modell\u0259rd\u0259 LAN portu da ola bil\u0259r G\u0259rginlik: AC 110V &#8211; 220V (universal giri\u015f) Funksiyalar: Canl\u0131 yay\u0131m izl\u0259m\u0259 (mobil t\u0259tbiq il\u0259) T\u00fcst\u00fc dedektoru H\u0259r\u0259k\u0259t a\u015fkarlanmas\u0131 Gec\u0259 g\u00f6rm\u0259 \u0130ki&hellip;<\/p>\n","protected":false},"featured_media":19037,"comment_status":"open","ping_status":"closed","template":"","meta":[],"product_cat":[2841,2862],"product_tag":[3297,3296,3290,3298,3295,3299,3260,3057,3300,3293,3294,3028,3045,3035,2929],"class_list":{"0":"post-19036","1":"product","2":"type-product","3":"status-publish","4":"has-post-thumbnail","6":"product_cat-videonzart","7":"product_cat-wifi-kameralar","8":"product_tag-3mpkamera","9":"product_tag-eh6kamera","10":"product_tag-evthluksizliyi","11":"product_tag-gecgorm","12":"product_tag-hdkamera","13":"product_tag-hrktaskarlanmasi","14":"product_tag-ipcamera","15":"product_tag-kameraqurasdirma","16":"product_tag-kamerasistemi","17":"product_tag-prctexnologiyasi","18":"product_tag-smarthomesecurity","19":"product_tag-texnologiya","20":"product_tag-thluksizliksistemlri","21":"product_tag-videomusahid","22":"product_tag-wifikamera","23":"description-off","25":"first","26":"instock","27":"shipping-taxable","28":"purchasable","29":"product-type-simple"},"_links":{"self":[{"href":"https:\/\/setap.az\/index.php?rest_route=\/wp\/v2\/product\/19036","targetHints":{"allow":["GET"]}}],"collection":[{"href":"https:\/\/setap.az\/index.php?rest_route=\/wp\/v2\/product"}],"about":[{"href":"https:\/\/setap.az\/index.php?rest_route=\/wp\/v2\/types\/product"}],"replies":[{"embeddable":true,"href":"https:\/\/setap.az\/index.php?rest_route=%2Fwp%2Fv2%2Fcomments&post=19036"}],"wp:featuredmedia":[{"embeddable":true,"href":"https:\/\/setap.az\/index.php?rest_route=\/wp\/v2\/media\/19037"}],"wp:attachment":[{"href":"https:\/\/setap.az\/index.php?rest_route=%2Fwp%2Fv2%2Fmedia&parent=19036"}],"wp:term":[{"taxonomy":"product_cat","embeddable":true,"href":"https:\/\/setap.az\/index.php?rest_route=%2Fwp%2Fv2%2Fproduct_cat&post=19036"},{"taxonomy":"product_tag","embeddable":true,"href":"https:\/\/setap.az\/index.php?rest_route=%2Fwp%2Fv2%2Fproduct_tag&post=19036"}],"curies":[{"name":"wp","href":"https:\/\/api.w.org\/{rel}","templated":true}]}}