{"id":19070,"date":"2025-05-09T14:38:05","date_gmt":"2025-05-09T10:38:05","guid":{"rendered":"https:\/\/setap.az\/?post_type=product&#038;p=19070"},"modified":"2025-05-09T14:38:05","modified_gmt":"2025-05-09T10:38:05","slug":"ma30h-ac1300-yuks%c9%99k-qazancli-simsiz-dual-band-usb-adapter","status":"publish","type":"product","link":"https:\/\/setap.az\/?product=ma30h-ac1300-yuks%c9%99k-qazancli-simsiz-dual-band-usb-adapter","title":{"rendered":"MA30H AC1300 Y\u00fcks\u0259k Qazancl\u0131 Simsiz Dual Band USB Adapter"},"content":{"rendered":"<p>\u2714 MA30H AC1300 Y\u00fcks\u0259k Qazancl\u0131 Simsiz Dual Band USB Adapter<br \/>\nG\u00fccl\u00fc Dual Band Wi-Fi S\u00fcr\u0259ti \u2014 867 Mbps (5 GHz) + 400 Mbps (2,4 GHz)1-\u0259 q\u0259d\u0259r s\u00fcr\u0259t<br \/>\nDaha Geni\u015f Siqnal \u018fhat\u0259si \u2014 Y\u00fcks\u0259k performansl\u0131 antena<br \/>\nPlug and Play \u2014 Windows \u0259m\u0259liyyat sisteml\u0259ri t\u0259r\u0259find\u0259n qura\u015fd\u0131r\u0131lm\u0131\u015f g\u0259l\u0259nl\u0259r qutusu drayveri il\u0259 sad\u0259c\u0259 komp\u00fcteriniz\u0259 qo\u015fulmaq v\u0259 oynamaq laz\u0131md\u0131r.<br \/>\nMU-MIMO \u2014 Gecikm\u0259 v\u0259 ya bant geni\u015fliyi t\u0131xanmas\u0131 olmadan eyni vaxtda bir ne\u00e7\u0259 cihaza xidm\u0259t edin<br \/>\nT\u0259kmil T\u0259hl\u00fck\u0259sizlik \u2014 \u018fn son t\u0259hl\u00fck\u0259sizlik t\u0259kmill\u0259\u015fdirm\u0259si, WPA3, \u015f\u0259xsi parol t\u0259hl\u00fck\u0259sizliyind\u0259 t\u0259kmil qoruma t\u0259min edir<\/p>\n","protected":false},"excerpt":{"rendered":"<p>\u2714 MA30H AC1300 Y\u00fcks\u0259k Qazancl\u0131 Simsiz Dual Band USB Adapter G\u00fccl\u00fc Dual Band Wi-Fi S\u00fcr\u0259ti \u2014 867 Mbps (5 GHz) + 400 Mbps (2,4 GHz)1-\u0259 q\u0259d\u0259r s\u00fcr\u0259t Daha Geni\u015f Siqnal \u018fhat\u0259si \u2014 Y\u00fcks\u0259k performansl\u0131 antena Plug and Play \u2014 Windows \u0259m\u0259liyyat sisteml\u0259ri t\u0259r\u0259find\u0259n qura\u015fd\u0131r\u0131lm\u0131\u015f g\u0259l\u0259nl\u0259r qutusu drayveri il\u0259 sad\u0259c\u0259 komp\u00fcteriniz\u0259 qo\u015fulmaq v\u0259 oynamaq laz\u0131md\u0131r. MU-MIMO&hellip;<\/p>\n","protected":false},"featured_media":19071,"comment_status":"open","ping_status":"closed","template":"","meta":[],"product_cat":[2969],"product_tag":[3419,3413,3414,3420,3412,3417,3235,3415,3418,3421,3416],"class_list":{"0":"post-19070","1":"product","2":"type-product","3":"status-publish","4":"has-post-thumbnail","6":"product_cat-siqnal-guclndiricilri-v-antenlr","7":"product_tag-2-4ghz5ghz","8":"product_tag-ac1300","9":"product_tag-dualband","10":"product_tag-internethlli","11":"product_tag-ma30h","12":"product_tag-simsizbaglanti","13":"product_tag-usbadapter","14":"product_tag-wifiadapter","15":"product_tag-wifiguclndirici","16":"product_tag-yukskqazanc","17":"product_tag-yuksksurt","18":"description-off","20":"first","21":"instock","22":"shipping-taxable","23":"purchasable","24":"product-type-simple"},"_links":{"self":[{"href":"https:\/\/setap.az\/index.php?rest_route=\/wp\/v2\/product\/19070","targetHints":{"allow":["GET"]}}],"collection":[{"href":"https:\/\/setap.az\/index.php?rest_route=\/wp\/v2\/product"}],"about":[{"href":"https:\/\/setap.az\/index.php?rest_route=\/wp\/v2\/types\/product"}],"replies":[{"embeddable":true,"href":"https:\/\/setap.az\/index.php?rest_route=%2Fwp%2Fv2%2Fcomments&post=19070"}],"wp:featuredmedia":[{"embeddable":true,"href":"https:\/\/setap.az\/index.php?rest_route=\/wp\/v2\/media\/19071"}],"wp:attachment":[{"href":"https:\/\/setap.az\/index.php?rest_route=%2Fwp%2Fv2%2Fmedia&parent=19070"}],"wp:term":[{"taxonomy":"product_cat","embeddable":true,"href":"https:\/\/setap.az\/index.php?rest_route=%2Fwp%2Fv2%2Fproduct_cat&post=19070"},{"taxonomy":"product_tag","embeddable":true,"href":"https:\/\/setap.az\/index.php?rest_route=%2Fwp%2Fv2%2Fproduct_tag&post=19070"}],"curies":[{"name":"wp","href":"https:\/\/api.w.org\/{rel}","templated":true}]}}