{"id":19072,"date":"2025-05-09T14:57:32","date_gmt":"2025-05-09T10:57:32","guid":{"rendered":"https:\/\/setap.az\/?post_type=product&#038;p=19072"},"modified":"2026-01-06T14:10:52","modified_gmt":"2026-01-06T10:10:52","slug":"agilli-ekranli-rele-63a","status":"publish","type":"product","link":"https:\/\/setap.az\/?product=agilli-ekranli-rele-63a","title":{"rendered":"A\u011f\u0131ll\u0131 ekranl\u0131 rele 63A"},"content":{"rendered":"<p>EARUELETRIC 63A 230V A\u015f\u0131r\u0131 G\u0259rginlik v\u0259 A\u015f\u0131r\u0131 G\u0259rginlikd\u0259n Qoruma Relesi, T\u0259nziml\u0259n\u0259n, Simli B\u0259sl\u0259m\u0259 Rejimi, \u0130\u015f G\u0259rginliyi 85V-265V, Batareya t\u0259l\u0259b olunmur, T\u0259nziml\u0259n\u0259n T\u0259chizat G\u0259rginliyi.<br \/>\nA\u011f\u0131ll\u0131 ekranl\u0131 rele 63A<\/p>\n<p>EARUELETRIC 63A 230V \u0420\u0435\u043b\u0435 \u0417\u0430\u0449\u0438\u0442\u044b \u043e\u0442 \u041f\u0435\u0440\u0435\u043d\u0430\u043f\u0440\u044f\u0436\u0435\u043d\u0438\u044f \u0438 \u041d\u0430\u043f\u0440\u044f\u0436\u0435\u043d\u0438\u044f, \u0420\u0435\u0433\u0443\u043b\u0438\u0440\u0443\u0435\u043c\u043e\u0435, \u0420\u0435\u0436\u0438\u043c \u041f\u0440\u043e\u0432\u043e\u0434\u043d\u043e\u0439 \u041f\u043e\u0434\u0430\u0447\u0438, \u0420\u0430\u0431\u043e\u0447\u0435\u0435 \u041d\u0430\u043f\u0440\u044f\u0436\u0435\u043d\u0438\u0435 85V-265V, \u0411\u0430\u0442\u0430\u0440\u0435\u044f \u041d\u0435 \u0422\u0440\u0435\u0431\u0443\u0435\u0442\u0441\u044f, \u0420\u0435\u0433\u0443\u043b\u0438\u0440\u0443\u0435\u043c\u043e\u0435 \u041d\u0430\u043f\u0440\u044f\u0436\u0435\u043d\u0438\u0435 \u041f\u0438\u0442\u0430\u043d\u0438\u044f<br \/>\nA\u011f\u0131ll\u0131 ekranl\u0131 rele (m\u0259s\u0259l\u0259n, 63A g\u00fcc\u00fcnd\u0259) \u0259sas\u0259n elektrik d\u00f6vrl\u0259rinin qorunmas\u0131 v\u0259 idar\u0259 olunmas\u0131 \u00fc\u00e7\u00fcn istifad\u0259 olunur v\u0259 a\u015fa\u011f\u0131dak\u0131 m\u0259qs\u0259dl\u0259r\u0259 xidm\u0259t edir:<\/p>\n","protected":false},"excerpt":{"rendered":"<p>EARUELETRIC 63A 230V A\u015f\u0131r\u0131 G\u0259rginlik v\u0259 A\u015f\u0131r\u0131 G\u0259rginlikd\u0259n Qoruma Relesi, T\u0259nziml\u0259n\u0259n, Simli B\u0259sl\u0259m\u0259 Rejimi, \u0130\u015f G\u0259rginliyi 85V-265V, Batareya t\u0259l\u0259b olunmur, T\u0259nziml\u0259n\u0259n T\u0259chizat G\u0259rginliyi. A\u011f\u0131ll\u0131 ekranl\u0131 rele 63A EARUELETRIC 63A 230V \u0420\u0435\u043b\u0435 \u0417\u0430\u0449\u0438\u0442\u044b \u043e\u0442 \u041f\u0435\u0440\u0435\u043d\u0430\u043f\u0440\u044f\u0436\u0435\u043d\u0438\u044f \u0438 \u041d\u0430\u043f\u0440\u044f\u0436\u0435\u043d\u0438\u044f, \u0420\u0435\u0433\u0443\u043b\u0438\u0440\u0443\u0435\u043c\u043e\u0435, \u0420\u0435\u0436\u0438\u043c \u041f\u0440\u043e\u0432\u043e\u0434\u043d\u043e\u0439 \u041f\u043e\u0434\u0430\u0447\u0438, \u0420\u0430\u0431\u043e\u0447\u0435\u0435 \u041d\u0430\u043f\u0440\u044f\u0436\u0435\u043d\u0438\u0435 85V-265V, \u0411\u0430\u0442\u0430\u0440\u0435\u044f \u041d\u0435 \u0422\u0440\u0435\u0431\u0443\u0435\u0442\u0441\u044f, \u0420\u0435\u0433\u0443\u043b\u0438\u0440\u0443\u0435\u043c\u043e\u0435 \u041d\u0430\u043f\u0440\u044f\u0436\u0435\u043d\u0438\u0435 \u041f\u0438\u0442\u0430\u043d\u0438\u044f A\u011f\u0131ll\u0131 ekranl\u0131 rele (m\u0259s\u0259l\u0259n, 63A g\u00fcc\u00fcnd\u0259)&hellip;<\/p>\n","protected":false},"featured_media":19073,"comment_status":"open","ping_status":"closed","template":"","meta":[],"product_cat":[3159,2999,3422],"product_tag":[3424,3423,3431,3428,3432,3425,3429,3427,3430,3426],"class_list":{"0":"post-19072","1":"product","2":"type-product","3":"status-publish","4":"has-post-thumbnail","6":"product_cat-agilli-avtomatlar","7":"product_cat-agilli-ev","8":"product_cat-qoruyucular","9":"product_tag-63arele","10":"product_tag-agillirele","11":"product_tag-avtomatikrele","12":"product_tag-cryannzarti","13":"product_tag-elektrikpanosu","14":"product_tag-elektrikqoruma","15":"product_tag-enerjimonitorinqi","16":"product_tag-grginliknzarti","17":"product_tag-rqmsalrele","18":"product_tag-smartrele","19":"description-off","21":"first","22":"instock","23":"shipping-taxable","24":"purchasable","25":"product-type-simple"},"_links":{"self":[{"href":"https:\/\/setap.az\/index.php?rest_route=\/wp\/v2\/product\/19072","targetHints":{"allow":["GET"]}}],"collection":[{"href":"https:\/\/setap.az\/index.php?rest_route=\/wp\/v2\/product"}],"about":[{"href":"https:\/\/setap.az\/index.php?rest_route=\/wp\/v2\/types\/product"}],"replies":[{"embeddable":true,"href":"https:\/\/setap.az\/index.php?rest_route=%2Fwp%2Fv2%2Fcomments&post=19072"}],"wp:featuredmedia":[{"embeddable":true,"href":"https:\/\/setap.az\/index.php?rest_route=\/wp\/v2\/media\/19073"}],"wp:attachment":[{"href":"https:\/\/setap.az\/index.php?rest_route=%2Fwp%2Fv2%2Fmedia&parent=19072"}],"wp:term":[{"taxonomy":"product_cat","embeddable":true,"href":"https:\/\/setap.az\/index.php?rest_route=%2Fwp%2Fv2%2Fproduct_cat&post=19072"},{"taxonomy":"product_tag","embeddable":true,"href":"https:\/\/setap.az\/index.php?rest_route=%2Fwp%2Fv2%2Fproduct_tag&post=19072"}],"curies":[{"name":"wp","href":"https:\/\/api.w.org\/{rel}","templated":true}]}}