{"id":19074,"date":"2025-05-09T15:20:05","date_gmt":"2025-05-09T11:20:05","guid":{"rendered":"https:\/\/setap.az\/?post_type=product&#038;p=19074"},"modified":"2025-07-05T14:08:16","modified_gmt":"2025-07-05T10:08:16","slug":"router-tp-link-841n","status":"publish","type":"product","link":"https:\/\/setap.az\/?product=router-tp-link-841n","title":{"rendered":"Modem &#8220;TP-Link 841N&#8221;"},"content":{"rendered":"<p>2 antena il\u0259 t\u0259chiz olunmu\u015f TP-Link 841N modeli, 4 rejim il\u0259.<br \/>\n1. Router rejimi.<br \/>\n2. AP rejimi.<br \/>\n3. Repeater rejimi.<br \/>\n4. WISP rejimi.<br \/>\nIPv6: D\u0259st\u0259kl\u0259yir.<br \/>\n\u0130nternet\u0259 giri\u015f \u00e7\u0131x\u0131\u015fa n\u0259zar\u0259t \u00fc\u00e7\u00fcn valideyin n\u0259zar\u0259ti funksiyas\u0131 il\u0259 internet\u0259 qo\u015fulanlar\u0131 t\u0259nziml\u0259y\u0259 bil\u0259rsiniz.<br \/>\nTP-Link TL-WR841N haqq\u0131nda q\u0131sa m\u0259lumat:<br \/>\n300 Mbps Wireless N s\u00fcr\u0259t: IEEE 802.11n texnologiyas\u0131na \u0259saslanaraq HD yay\u0131mlar, onlayn oyun v\u0259 b\u00f6y\u00fck fayllar\u0131n y\u00fckl\u0259nm\u0259si kimi t\u0259l\u0259bl\u0259ri \u00f6d\u0259yir<br \/>\n2.4 GHz band\u0131, IEEE 802.11b\/g\/n d\u0259st\u0259yi: K\u00f6hn\u0259 qur\u011fularla tam uy\u011funluq t\u0259min edir<br \/>\nTP-Link<br \/>\n4 \u00d7 10\/100 Mbps LAN portu v\u0259 1 \u00d7 10\/100 Mbps WAN portu: Simli cihazlar \u00fc\u00e7\u00fcn stabil ba\u011flant\u0131 imkan\u0131 verir<br \/>\nWiFi Stock<br \/>\n2 \u00d7 5 dBi sabit antena: Geni\u015f ev v\u0259 ki\u00e7ik ofis \u0259hat\u0259si \u00fc\u00e7\u00fcn g\u00fccl\u00fc siqnal <\/p>\n","protected":false},"excerpt":{"rendered":"<p>2 antena il\u0259 t\u0259chiz olunmu\u015f TP-Link 841N modeli, 4 rejim il\u0259. 1. Router rejimi. 2. AP rejimi. 3. Repeater rejimi. 4. WISP rejimi. IPv6: D\u0259st\u0259kl\u0259yir. \u0130nternet\u0259 giri\u015f \u00e7\u0131x\u0131\u015fa n\u0259zar\u0259t \u00fc\u00e7\u00fcn valideyin n\u0259zar\u0259ti funksiyas\u0131 il\u0259 internet\u0259 qo\u015fulanlar\u0131 t\u0259nziml\u0259y\u0259 bil\u0259rsiniz. TP-Link TL-WR841N haqq\u0131nda q\u0131sa m\u0259lumat: 300 Mbps Wireless N s\u00fcr\u0259t: IEEE 802.11n texnologiyas\u0131na \u0259saslanaraq HD yay\u0131mlar, onlayn&hellip;<\/p>\n","protected":false},"featured_media":19075,"comment_status":"open","ping_status":"closed","template":"","meta":[],"product_cat":[2830],"product_tag":[3437,3434,3440,3441,3439,3438,3442,3443,3433,2926,3436,3435],"class_list":{"0":"post-19074","1":"product","2":"type-product","3":"status-publish","4":"has-post-thumbnail","6":"product_cat-modemlr","7":"product_tag-2-4ghz","8":"product_tag-300mbps","9":"product_tag-5dbiantenna","10":"product_tag-accesspoint","11":"product_tag-ethernet","12":"product_tag-homenetworking","13":"product_tag-rangeextender","14":"product_tag-tetherapp","15":"product_tag-tlwr841n","16":"product_tag-tplink","17":"product_tag-wifirouter","18":"product_tag-wirelessn","19":"description-off","21":"first","22":"instock","23":"shipping-taxable","24":"purchasable","25":"product-type-simple"},"_links":{"self":[{"href":"https:\/\/setap.az\/index.php?rest_route=\/wp\/v2\/product\/19074","targetHints":{"allow":["GET"]}}],"collection":[{"href":"https:\/\/setap.az\/index.php?rest_route=\/wp\/v2\/product"}],"about":[{"href":"https:\/\/setap.az\/index.php?rest_route=\/wp\/v2\/types\/product"}],"replies":[{"embeddable":true,"href":"https:\/\/setap.az\/index.php?rest_route=%2Fwp%2Fv2%2Fcomments&post=19074"}],"wp:featuredmedia":[{"embeddable":true,"href":"https:\/\/setap.az\/index.php?rest_route=\/wp\/v2\/media\/19075"}],"wp:attachment":[{"href":"https:\/\/setap.az\/index.php?rest_route=%2Fwp%2Fv2%2Fmedia&parent=19074"}],"wp:term":[{"taxonomy":"product_cat","embeddable":true,"href":"https:\/\/setap.az\/index.php?rest_route=%2Fwp%2Fv2%2Fproduct_cat&post=19074"},{"taxonomy":"product_tag","embeddable":true,"href":"https:\/\/setap.az\/index.php?rest_route=%2Fwp%2Fv2%2Fproduct_tag&post=19074"}],"curies":[{"name":"wp","href":"https:\/\/api.w.org\/{rel}","templated":true}]}}