{"id":19080,"date":"2025-05-09T16:06:15","date_gmt":"2025-05-09T12:06:15","guid":{"rendered":"https:\/\/setap.az\/?post_type=product&#038;p=19080"},"modified":"2026-01-30T16:33:41","modified_gmt":"2026-01-30T12:33:41","slug":"ezviz-eb8-4g-sim-kart-v%c9%99-gun%c9%99s-panelli-kamera","status":"publish","type":"product","link":"https:\/\/setap.az\/?product=ezviz-eb8-4g-sim-kart-v%c9%99-gun%c9%99s-panelli-kamera","title":{"rendered":"EZVIZ EB8 4G sim kart v\u0259 g\u00fcn\u0259\u015f panelli kamera"},"content":{"rendered":"<p>\ud83d\udd39 &#8220;Ezviz&#8221; Sim kart v\u0259 g\u00fcn\u0259\u015f paneli il\u0259 i\u015fl\u0259y\u0259n 4G m\u00fc\u015fahid\u0259 kameras\u0131.<br \/>\n\ud83d\udca5 EZVIZ-in \u0259n yeni EB8 4G kameras\u0131 \u015f\u0259b\u0259k\u0259 v\u0259 ya elektrik m\u0259hdudiyy\u0259tl\u0259rini a\u015faraq kabell\u0259rd\u0259n v\u0259 naqill\u0259rd\u0259n as\u0131l\u0131 olmadan i\u015fl\u0259yir.<br \/>\n\u2714 D\u0259st\u0259y\u0259 daxildir: Kamera, g\u00fcn\u0259\u015f paneli v\u0259<br \/>\n64 GB yadda\u015f kart\u0131.<br \/>\n\ud83d\udca5\u018fsas x\u00fcsusiyy\u0259tl\u0259r:<br \/>\n\u27144G \u015f\u0259b\u0259k\u0259 ba\u011flant\u0131s\u0131<br \/>\n\u2714GPS il\u0259 yerl\u0259\u015fm\u0259 izl\u0259m\u0259<br \/>\n\u27142K 3MP<br \/>\n\u27147\/24 a\u011f\u0131ll\u0131 v\u0259 etibarl\u0131 m\u00fchafiz\u0259<br \/>\n\u2714Panoramik g\u00f6r\u00fcnt\u00fc<br \/>\n\u2714Y\u00fcks\u0259k tutumlu batareya (10,400 mAh).<br \/>\n\u2714A\u011f\u0131ll\u0131 insan h\u0259r\u0259k\u0259ti a\u015fkarlanmas\u0131<br \/>\n\u2714\u0130kit\u0259r\u0259fli s\u0259sli \u0259laq\u0259<br \/>\n\u2714R\u0259ngli gec\u0259 g\u00f6r\u00fcnt\u00fcs\u00fc<br \/>\n\u2714Aktiv m\u00fchafiz\u0259 (siren v\u0259 i\u015f\u0131q siqnal\u0131 il\u0259).<br \/>\n\u2714Hava \u015f\u0259raitin\u0259 davaml\u0131 dizayn.<br \/>\n\u2714\u0130ntellektual v\u0259 iti g\u00f6r\u00fcnt\u00fc.<br \/>\n\u2714H\u0259r\u0259k\u0259tl\u0259ri a\u011f\u0131ll\u0131 a\u015fkarlama.<br \/>\n\u2714EZVIZ g\u00fcn\u0259\u015f paneli il\u0259 i\u015fl\u0259m\u0259 (Type-C<br \/>\nversiya).<br \/>\n\ud83d\udca5 \u0130nteqrasiya olunmu\u015f GPS il\u0259 cihaz\u0131n yerini bilin.<br \/>\n\ud83d\udca5 H\u0259tta kameran\u0131z\u0131 \u00e7\u0259tin yerl\u0259rd\u0259 itirs\u0259niz<br \/>\nbel\u0259, GPS lokatoru vasit\u0259sil\u0259 onu tapmaq<br \/>\nm\u00fcmk\u00fcn olacaq.<br \/>\n\ud83d\udca5 EB8 4G daxili doldurula bil\u0259n batareyalar\u0131 il\u0259 tamamil\u0259 naqilsizdir.<br \/>\n\ud83d\udca5 Bundan \u0259lav\u0259, o, EZVIZ g\u00fcn\u0259\u015f panelin\u0259 qo\u015fularaq g\u00fcn\u0259\u015f enerjisind\u0259n istifad\u0259 ed\u0259 bil\u0259r. Kamera ya\u011f\u0131\u015fa v\u0259 qara davaml\u0131d\u0131r.<br \/>\n\u2714 Geni\u015f \u0259razil\u0259r \u00fc\u00e7\u00fcn daha geni\u015f g\u00f6r\u00fcnt\u00fc<br \/>\nlaz\u0131md\u0131r v\u0259 EB8 4G bunun \u00fc\u00e7\u00fcn ideald\u0131r.<br \/>\n\u2714Kamera 360* f\u0131rlanaraq \u0259traf\u0131 izl\u0259y\u0259<br \/>\nbil\u0259r v\u0259 2K q\u0259tnam\u0259d\u0259 detallar\u0131 t\u0259qdim edir.<br \/>\n\u2714Bir klikl\u0259 \u0259vv\u0259lki m\u00f6vqey\u0259 qay\u0131d\u0131\u015f.<br \/>\nHans\u0131 istiqam\u0259ti izl\u0259m\u0259sind\u0259n as\u0131l\u0131<br \/>\nolmayaraq, kamera h\u0259mi\u015f\u0259 \u0259vv\u0259lc\u0259d\u0259n t\u0259yin<br \/>\nedilmi\u015f m\u00f6vqeyin\u0259 qay\u0131da bil\u0259r.<br \/>\n\u2714EZVIZ t\u0259tbiqi vasit\u0259sil\u0259 12-\u0259 q\u0259d\u0259r bucaq<br \/>\nt\u0259yin ed\u0259 bil\u0259rsiniz.<br \/>\n\u2714EB8 4G daxili i\u015f\u0131qland\u0131rma il\u0259 gec\u0259 bel\u0259<br \/>\ncanl\u0131 v\u0259 r\u0259ngli g\u00f6r\u00fcnt\u00fcl\u0259r t\u0259min edir.<br \/>\n\u2714Gec\u0259-g\u00fcnd\u00fcz i\u015fl\u0259y\u0259n qoruyucu<br \/>\nKamera aktiv m\u00fchafiz\u0259 funksiyas\u0131 il\u0259 t\u0259chiz<br \/>\nolunub. \u0130caz\u0259siz \u015f\u0259xsl\u0259ri a\u015fkar etdikd\u0259,<br \/>\ni\u015f\u0131qland\u0131rma il\u0259 siqnal verir.<\/p>\n","protected":false},"excerpt":{"rendered":"<p>\ud83d\udd39 &#8220;Ezviz&#8221; Sim kart v\u0259 g\u00fcn\u0259\u015f paneli il\u0259 i\u015fl\u0259y\u0259n 4G m\u00fc\u015fahid\u0259 kameras\u0131. \ud83d\udca5 EZVIZ-in \u0259n yeni EB8 4G kameras\u0131 \u015f\u0259b\u0259k\u0259 v\u0259 ya elektrik m\u0259hdudiyy\u0259tl\u0259rini a\u015faraq kabell\u0259rd\u0259n v\u0259 naqill\u0259rd\u0259n as\u0131l\u0131 olmadan i\u015fl\u0259yir. \u2714 D\u0259st\u0259y\u0259 daxildir: Kamera, g\u00fcn\u0259\u015f paneli v\u0259 64 GB yadda\u015f kart\u0131. \ud83d\udca5\u018fsas x\u00fcsusiyy\u0259tl\u0259r: \u27144G \u015f\u0259b\u0259k\u0259 ba\u011flant\u0131s\u0131 \u2714GPS il\u0259 yerl\u0259\u015fm\u0259 izl\u0259m\u0259 \u27142K 3MP \u27147\/24 a\u011f\u0131ll\u0131&hellip;<\/p>\n","protected":false},"featured_media":19081,"comment_status":"open","ping_status":"closed","template":"","meta":[],"product_cat":[5310,4016,2849,2862],"product_tag":[3382,3132,3044,3276,3458,2937,3260,2939,2934,3457,3135,3142,3071],"class_list":{"0":"post-19080","1":"product","2":"type-product","3":"status-publish","4":"has-post-thumbnail","6":"product_cat-ezviz","7":"product_cat-hikvision","8":"product_cat-videokameralar","9":"product_cat-wifi-kameralar","10":"product_tag-camerainstallation","11":"product_tag-cctv","12":"product_tag-ezviz","13":"product_tag-ezvizcamera","14":"product_tag-ezvizsecurity","15":"product_tag-homesecurity","16":"product_tag-ipcamera","17":"product_tag-securitycamera","18":"product_tag-smartsecurity","19":"product_tag-sumqayitezviz","20":"product_tag-surveillance","21":"product_tag-thluksizlik","22":"product_tag-thluksizlikkameralari","23":"description-off","25":"first","26":"instock","27":"shipping-taxable","28":"purchasable","29":"product-type-simple"},"_links":{"self":[{"href":"https:\/\/setap.az\/index.php?rest_route=\/wp\/v2\/product\/19080","targetHints":{"allow":["GET"]}}],"collection":[{"href":"https:\/\/setap.az\/index.php?rest_route=\/wp\/v2\/product"}],"about":[{"href":"https:\/\/setap.az\/index.php?rest_route=\/wp\/v2\/types\/product"}],"replies":[{"embeddable":true,"href":"https:\/\/setap.az\/index.php?rest_route=%2Fwp%2Fv2%2Fcomments&post=19080"}],"wp:featuredmedia":[{"embeddable":true,"href":"https:\/\/setap.az\/index.php?rest_route=\/wp\/v2\/media\/19081"}],"wp:attachment":[{"href":"https:\/\/setap.az\/index.php?rest_route=%2Fwp%2Fv2%2Fmedia&parent=19080"}],"wp:term":[{"taxonomy":"product_cat","embeddable":true,"href":"https:\/\/setap.az\/index.php?rest_route=%2Fwp%2Fv2%2Fproduct_cat&post=19080"},{"taxonomy":"product_tag","embeddable":true,"href":"https:\/\/setap.az\/index.php?rest_route=%2Fwp%2Fv2%2Fproduct_tag&post=19080"}],"curies":[{"name":"wp","href":"https:\/\/api.w.org\/{rel}","templated":true}]}}