{"id":19082,"date":"2025-05-09T16:16:55","date_gmt":"2025-05-09T12:16:55","guid":{"rendered":"https:\/\/setap.az\/?post_type=product&#038;p=19082"},"modified":"2025-06-26T13:29:41","modified_gmt":"2025-06-26T09:29:41","slug":"klavyatura-jedel-k502","status":"publish","type":"product","link":"https:\/\/setap.az\/?product=klavyatura-jedel-k502","title":{"rendered":"Klavyatura  Jedel K502"},"content":{"rendered":"<p>Klavyatura<br \/>\nModel: Jedel K502<br \/>\n&#8211; R\u0259ngli i\u015f\u0131ql\u0131 oyun klavyaturas\u0131.i\u015fl\u0259diyiniz zaman sizin \u00fc\u00e7\u00fcn rahat bir t\u0259cr\u00fcb\u0259 t\u0259min edir.<br \/>\n&#8211; 9 f\u0259rqli arxa i\u015f\u0131qland\u0131rma effekti<br \/>\n&#8211; Silikonun \u00f6mr\u00fc: 10milyon<br \/>\n&#8211; Kabel uzunlu\u011fu: 3.2*1.5 d\u0259ri x\u0259tti.<\/p>\n","protected":false},"excerpt":{"rendered":"<p>Klavyatura Model: Jedel K502 &#8211; R\u0259ngli i\u015f\u0131ql\u0131 oyun klavyaturas\u0131.i\u015fl\u0259diyiniz zaman sizin \u00fc\u00e7\u00fcn rahat bir t\u0259cr\u00fcb\u0259 t\u0259min edir. &#8211; 9 f\u0259rqli arxa i\u015f\u0131qland\u0131rma effekti &#8211; Silikonun \u00f6mr\u00fc: 10milyon &#8211; Kabel uzunlu\u011fu: 3.2*1.5 d\u0259ri x\u0259tti.<\/p>\n","protected":false},"featured_media":19083,"comment_status":"open","ping_status":"closed","template":"","meta":[],"product_cat":[2844,3508],"product_tag":[3466,3464,3463,3468,3459,3465,3460,3462,3467,3461],"class_list":{"0":"post-19082","1":"product","2":"type-product","3":"status-publish","4":"has-post-thumbnail","6":"product_cat-klaviatura-v-pultlar","7":"product_cat-klavyatura-v-sicanlar","8":"product_tag-3-2m","9":"product_tag-9effekt","10":"product_tag-arxaisiqlandirmaeffekti","11":"product_tag-gozltcrub","12":"product_tag-jedelk502","13":"product_tag-kabeluzunlugu","14":"product_tag-oyunklavyaturasi","15":"product_tag-rahattcrub","16":"product_tag-rahatyazma","17":"product_tag-rngliisiqli","18":"description-off","20":"first","21":"instock","22":"shipping-taxable","23":"purchasable","24":"product-type-simple"},"_links":{"self":[{"href":"https:\/\/setap.az\/index.php?rest_route=\/wp\/v2\/product\/19082","targetHints":{"allow":["GET"]}}],"collection":[{"href":"https:\/\/setap.az\/index.php?rest_route=\/wp\/v2\/product"}],"about":[{"href":"https:\/\/setap.az\/index.php?rest_route=\/wp\/v2\/types\/product"}],"replies":[{"embeddable":true,"href":"https:\/\/setap.az\/index.php?rest_route=%2Fwp%2Fv2%2Fcomments&post=19082"}],"wp:featuredmedia":[{"embeddable":true,"href":"https:\/\/setap.az\/index.php?rest_route=\/wp\/v2\/media\/19083"}],"wp:attachment":[{"href":"https:\/\/setap.az\/index.php?rest_route=%2Fwp%2Fv2%2Fmedia&parent=19082"}],"wp:term":[{"taxonomy":"product_cat","embeddable":true,"href":"https:\/\/setap.az\/index.php?rest_route=%2Fwp%2Fv2%2Fproduct_cat&post=19082"},{"taxonomy":"product_tag","embeddable":true,"href":"https:\/\/setap.az\/index.php?rest_route=%2Fwp%2Fv2%2Fproduct_tag&post=19082"}],"curies":[{"name":"wp","href":"https:\/\/api.w.org\/{rel}","templated":true}]}}