{"id":19086,"date":"2025-05-09T16:44:02","date_gmt":"2025-05-09T12:44:02","guid":{"rendered":"https:\/\/setap.az\/?post_type=product&#038;p=19086"},"modified":"2025-06-30T16:04:20","modified_gmt":"2025-06-30T12:04:20","slug":"hikvision-ds-kv6103-v%c9%99-ds-kh6320","status":"publish","type":"product","link":"https:\/\/setap.az\/?product=hikvision-ds-kv6103-v%c9%99-ds-kh6320","title":{"rendered":"Hikvision DS-KV6103 v\u0259 DS-KH6320"},"content":{"rendered":"<p>Hikvision DS-KV6103 v\u0259 DS-KH6320 \u2013 Ev v\u0259 ofisiniz \u00fc\u00e7\u00fcn a\u011f\u0131ll\u0131 t\u0259hl\u00fck\u0259sizlik.<\/p>\n<p>H\u0259r Z\u0259ng\u0259 Cavab Verin \u2013 Harada Olursunuzsa Olun!<br \/>\n\u2714Evinizd\u0259 olmasan\u0131z bel\u0259, Hikvision DS-KH6320 interkom paneli il\u0259 ziyar\u0259t\u00e7il\u0259rinizi smartfonunuzdan izl\u0259yin v\u0259 dan\u0131\u015f\u0131n!<br \/>\n2 MP HD Kamera \u2013 G\u00f6zl\u0259nilm\u0259z Qonaqlara Yer Yox!<br \/>\n\u2714DS-KV6103 \u00e7a\u011fr\u0131 paneli il\u0259 qap\u0131n\u0131z\u0131n \u00f6n\u00fcnd\u0259 h\u0259r an ayd\u0131n g\u00f6r\u00fcnt\u00fc \u0259ld\u0259 edin \u2013 h\u0259tta gec\u0259 vaxt\u0131!<br \/>\nWi-Fi v\u0259 PoE d\u0259st\u0259yi \u2013 Asan Qura\u015fd\u0131rma, Rahat \u0130stifad\u0259!<br \/>\nG\u00fccl\u00fc 2.4 GHz Wi-Fi v\u0259 standart PoE ba\u011flant\u0131s\u0131 il\u0259 s\u00fcr\u0259tli v\u0259 etibarl\u0131 i\u015f prinsipi!<br \/>\n128 GB-a q\u0259d\u0259r yadda\u015f \u2013 H\u0259r Kadr\u0131 Saxlay\u0131n!<br \/>\n\u2714H\u0259r\u0259k\u0259t zaman\u0131 \u00e7\u0259kil\u0259n g\u00f6r\u00fcnt\u00fcl\u0259ri SD karta v\u0259 ya buluda qeyd edin, he\u00e7 bir detal\u0131 qa\u00e7\u0131rmay\u0131n!<br \/>\n \u015e\u0259xsi Giri\u015f N\u0259zar\u0259ti \u2013 T\u0259hl\u00fck\u0259sizlik Sizin \u018flinizd\u0259dir!<br \/>\n\u2714Siqnalizasiya sensorlar\u0131 v\u0259 qap\u0131 a\u00e7\u0131lma a\u015fkarlama sistemi il\u0259 tam t\u0259hl\u00fck\u0259sizlik!<\/p>\n","protected":false},"excerpt":{"rendered":"<p>Hikvision DS-KV6103 v\u0259 DS-KH6320 \u2013 Ev v\u0259 ofisiniz \u00fc\u00e7\u00fcn a\u011f\u0131ll\u0131 t\u0259hl\u00fck\u0259sizlik. H\u0259r Z\u0259ng\u0259 Cavab Verin \u2013 Harada Olursunuzsa Olun! \u2714Evinizd\u0259 olmasan\u0131z bel\u0259, Hikvision DS-KH6320 interkom paneli il\u0259 ziyar\u0259t\u00e7il\u0259rinizi smartfonunuzdan izl\u0259yin v\u0259 dan\u0131\u015f\u0131n! 2 MP HD Kamera \u2013 G\u00f6zl\u0259nilm\u0259z Qonaqlara Yer Yox! \u2714DS-KV6103 \u00e7a\u011fr\u0131 paneli il\u0259 qap\u0131n\u0131z\u0131n \u00f6n\u00fcnd\u0259 h\u0259r an ayd\u0131n g\u00f6r\u00fcnt\u00fc \u0259ld\u0259 edin \u2013 h\u0259tta&hellip;<\/p>\n","protected":false},"featured_media":19087,"comment_status":"open","ping_status":"closed","template":"","meta":[],"product_cat":[4154],"product_tag":[3382,3132,2941,3379,2942,3380,3385,3381,3383,2937,3260,2939,2934,3378,3135,3142,3071,3384],"class_list":{"0":"post-19086","1":"product","2":"type-product","3":"status-publish","4":"has-post-thumbnail","6":"product_cat-domofonlar-v-qapi-znglri","7":"product_tag-camerainstallation","8":"product_tag-cctv","9":"product_tag-hikvision","10":"product_tag-hikvisioncamera","11":"product_tag-hikvisioncctv","12":"product_tag-hikvisionsecurity","13":"product_tag-hikvisionsolutions","14":"product_tag-hikvisionsystem","15":"product_tag-hikvisiontechnology","16":"product_tag-homesecurity","17":"product_tag-ipcamera","18":"product_tag-securitycamera","19":"product_tag-smartsecurity","20":"product_tag-sumqayithikvision","21":"product_tag-surveillance","22":"product_tag-thluksizlik","23":"product_tag-thluksizlikkameralari","24":"product_tag-videosurveillance","25":"description-off","27":"first","28":"instock","29":"shipping-taxable","30":"purchasable","31":"product-type-simple"},"_links":{"self":[{"href":"https:\/\/setap.az\/index.php?rest_route=\/wp\/v2\/product\/19086","targetHints":{"allow":["GET"]}}],"collection":[{"href":"https:\/\/setap.az\/index.php?rest_route=\/wp\/v2\/product"}],"about":[{"href":"https:\/\/setap.az\/index.php?rest_route=\/wp\/v2\/types\/product"}],"replies":[{"embeddable":true,"href":"https:\/\/setap.az\/index.php?rest_route=%2Fwp%2Fv2%2Fcomments&post=19086"}],"wp:featuredmedia":[{"embeddable":true,"href":"https:\/\/setap.az\/index.php?rest_route=\/wp\/v2\/media\/19087"}],"wp:attachment":[{"href":"https:\/\/setap.az\/index.php?rest_route=%2Fwp%2Fv2%2Fmedia&parent=19086"}],"wp:term":[{"taxonomy":"product_cat","embeddable":true,"href":"https:\/\/setap.az\/index.php?rest_route=%2Fwp%2Fv2%2Fproduct_cat&post=19086"},{"taxonomy":"product_tag","embeddable":true,"href":"https:\/\/setap.az\/index.php?rest_route=%2Fwp%2Fv2%2Fproduct_tag&post=19086"}],"curies":[{"name":"wp","href":"https:\/\/api.w.org\/{rel}","templated":true}]}}