{"id":19097,"date":"2025-05-10T11:27:36","date_gmt":"2025-05-10T07:27:36","guid":{"rendered":"https:\/\/setap.az\/?post_type=product&#038;p=19097"},"modified":"2025-05-10T11:27:36","modified_gmt":"2025-05-10T07:27:36","slug":"agilli-qapi-kilidi","status":"publish","type":"product","link":"https:\/\/setap.az\/?product=agilli-qapi-kilidi","title":{"rendered":"A\u011f\u0131ll\u0131 qap\u0131 kilidi"},"content":{"rendered":"<p>Siz\u0259 daha g\u00fcv\u0259nli A\u011f\u0131ll\u0131 Qap\u0131 kilidini<br \/>\nt\u0259qdim edirik.<\/p>\n<p>A\u011f\u0131ll\u0131 qap\u0131 kilidinin x\u00fcsusiyy\u0259tl\u0259ri<br \/>\n\u2714Barmaq izi il\u0259 qap\u0131n\u0131 a\u00e7ma imkan\u0131.<br \/>\n\u2714Kart il\u0259 qap\u0131 a\u00e7ma imkan\u0131.<br \/>\n\u2714Kod il\u0259 qap\u0131n\u0131 a\u00e7ma imkan\u0131.<br \/>\n\u2714A\u00e7ar il\u0259 qap\u0131n\u0131 a\u00e7ma imkan\u0131.<\/p>\n<p>A\u011f\u0131ll\u0131 ev sisteml\u0259ri h\u0259yat\u0131n\u0131z\u0131 daha rahat v\u0259<br \/>\ng\u00fcv\u0259nilir ed\u0259c\u0259k.<br \/>\nG\u0259l\u0259c\u0259yin &#8220;A\u011f\u0131ll\u0131 Evin\u0259&#8221; add\u0131m at\u0131n<\/p>\n","protected":false},"excerpt":{"rendered":"<p>Siz\u0259 daha g\u00fcv\u0259nli A\u011f\u0131ll\u0131 Qap\u0131 kilidini t\u0259qdim edirik. A\u011f\u0131ll\u0131 qap\u0131 kilidinin x\u00fcsusiyy\u0259tl\u0259ri \u2714Barmaq izi il\u0259 qap\u0131n\u0131 a\u00e7ma imkan\u0131. \u2714Kart il\u0259 qap\u0131 a\u00e7ma imkan\u0131. \u2714Kod il\u0259 qap\u0131n\u0131 a\u00e7ma imkan\u0131. \u2714A\u00e7ar il\u0259 qap\u0131n\u0131 a\u00e7ma imkan\u0131. A\u011f\u0131ll\u0131 ev sisteml\u0259ri h\u0259yat\u0131n\u0131z\u0131 daha rahat v\u0259 g\u00fcv\u0259nilir ed\u0259c\u0259k. G\u0259l\u0259c\u0259yin &#8220;A\u011f\u0131ll\u0131 Evin\u0259&#8221; add\u0131m at\u0131n<\/p>\n","protected":false},"featured_media":19098,"comment_status":"open","ping_status":"closed","template":"","meta":[],"product_cat":[2999,3482],"product_tag":[3488,3000,3007,3001,3004,3005,3484,3003,3483,2938,3485,3486,3006,3487,3002],"class_list":{"0":"post-19097","1":"product","2":"type-product","3":"status-publish","4":"has-post-thumbnail","6":"product_cat-agilli-ev","7":"product_cat-agilli-qapi-kilidi","8":"product_tag-acar","9":"product_tag-agilliev","10":"product_tag-agilliknd","11":"product_tag-akilliev","12":"product_tag-elektrik","13":"product_tag-elektrikisleri","14":"product_tag-elektronkilid","15":"product_tag-iot","16":"product_tag-qapikilidi","17":"product_tag-smarthome","18":"product_tag-smartkilid","19":"product_tag-smartlok","20":"product_tag-tmir","21":"product_tag-zamok","22":"product_tag-3002","23":"description-off","25":"first","26":"instock","27":"shipping-taxable","28":"purchasable","29":"product-type-simple"},"_links":{"self":[{"href":"https:\/\/setap.az\/index.php?rest_route=\/wp\/v2\/product\/19097","targetHints":{"allow":["GET"]}}],"collection":[{"href":"https:\/\/setap.az\/index.php?rest_route=\/wp\/v2\/product"}],"about":[{"href":"https:\/\/setap.az\/index.php?rest_route=\/wp\/v2\/types\/product"}],"replies":[{"embeddable":true,"href":"https:\/\/setap.az\/index.php?rest_route=%2Fwp%2Fv2%2Fcomments&post=19097"}],"wp:featuredmedia":[{"embeddable":true,"href":"https:\/\/setap.az\/index.php?rest_route=\/wp\/v2\/media\/19098"}],"wp:attachment":[{"href":"https:\/\/setap.az\/index.php?rest_route=%2Fwp%2Fv2%2Fmedia&parent=19097"}],"wp:term":[{"taxonomy":"product_cat","embeddable":true,"href":"https:\/\/setap.az\/index.php?rest_route=%2Fwp%2Fv2%2Fproduct_cat&post=19097"},{"taxonomy":"product_tag","embeddable":true,"href":"https:\/\/setap.az\/index.php?rest_route=%2Fwp%2Fv2%2Fproduct_tag&post=19097"}],"curies":[{"name":"wp","href":"https:\/\/api.w.org\/{rel}","templated":true}]}}