{"id":19099,"date":"2025-05-10T11:33:10","date_gmt":"2025-05-10T07:33:10","guid":{"rendered":"https:\/\/setap.az\/?post_type=product&#038;p=19099"},"modified":"2025-06-21T13:17:55","modified_gmt":"2025-06-21T09:17:55","slug":"wifi-kamera","status":"publish","type":"product","link":"https:\/\/setap.az\/?product=wifi-kamera","title":{"rendered":"Wifi kamera"},"content":{"rendered":"<p> Wifi kamera.<br \/>\n&#8211; 360* sa\u011fa-sola, 90* a\u015fa\u011f\u0131 yuxar\u0131 d\u00f6nm\u0259<br \/>\n&#8211; \u00c7\u0259kili\u015f keyfiyy\u0259ti: 2MP<br \/>\n&#8211; H\u0259r\u0259k\u0259t olduqda sms x\u0259b\u0259rdarl\u0131q<br \/>\n&#8211; 1080p Hd \u00e7\u0259kili\u015f<br \/>\n&#8211; Daxili v\u0259 xarici yerl\u0259r \u00fc\u00e7\u00fcn uy\u011fundur<br \/>\n&#8211; Gec\u0259 g\u00f6r\u00fcnt\u00fcs\u00fc Full r\u0259ngli<br \/>\n&#8211; Telefonla 7\/24 canl\u0131 izl\u0259m\u0259 imkan\u0131<br \/>\n&#8211; Videonu s\u0259s il\u0259 qeyd edir.<br \/>\n&#8211; Bir ne\u00e7\u0259 telefonla qo\u015fulma<br \/>\n&#8211; Yadda\u015f kart\u0131 d\u0259st\u0259yi max 128GB<br \/>\n&#8211; Led i\u015f\u0131qland\u0131rma<br \/>\n&#8211; W\u0130F\u0130 ya tam simsiz, kabelsiz qo\u015fulur<br \/>\n&#8211; S\u0259s yaz\u0131r v\u0259 ikit\u0259r\u0259fli dan\u0131\u015fmaq imkan\u0131 var.<br \/>\n&#8211; 40 manat sat\u0131\u015f\u0131d\u0131r. 29 manat kompaniya il\u0259<br \/>\nsat\u0131l\u0131r haz\u0131rda.<\/p>\n","protected":false},"excerpt":{"rendered":"<p>Wifi kamera. &#8211; 360* sa\u011fa-sola, 90* a\u015fa\u011f\u0131 yuxar\u0131 d\u00f6nm\u0259 &#8211; \u00c7\u0259kili\u015f keyfiyy\u0259ti: 2MP &#8211; H\u0259r\u0259k\u0259t olduqda sms x\u0259b\u0259rdarl\u0131q &#8211; 1080p Hd \u00e7\u0259kili\u015f &#8211; Daxili v\u0259 xarici yerl\u0259r \u00fc\u00e7\u00fcn uy\u011fundur &#8211; Gec\u0259 g\u00f6r\u00fcnt\u00fcs\u00fc Full r\u0259ngli &#8211; Telefonla 7\/24 canl\u0131 izl\u0259m\u0259 imkan\u0131 &#8211; Videonu s\u0259s il\u0259 qeyd edir. &#8211; Bir ne\u00e7\u0259 telefonla qo\u015fulma &#8211; Yadda\u015f kart\u0131 d\u0259st\u0259yi&hellip;<\/p>\n","protected":false},"featured_media":19103,"comment_status":"open","ping_status":"closed","template":"","meta":[],"product_cat":[2849,2862],"product_tag":[3489,3097,3098,3261],"class_list":{"0":"post-19099","1":"product","2":"type-product","3":"status-publish","4":"has-post-thumbnail","6":"product_cat-videokameralar","7":"product_cat-wifi-kameralar","8":"product_tag-naqilsizkameralar","9":"product_tag-tehlukesizlikkameralari","10":"product_tag-tehlukesizliksistemleri","11":"product_tag-wificamera","12":"description-off","14":"first","15":"instock","16":"shipping-taxable","17":"purchasable","18":"product-type-simple"},"_links":{"self":[{"href":"https:\/\/setap.az\/index.php?rest_route=\/wp\/v2\/product\/19099","targetHints":{"allow":["GET"]}}],"collection":[{"href":"https:\/\/setap.az\/index.php?rest_route=\/wp\/v2\/product"}],"about":[{"href":"https:\/\/setap.az\/index.php?rest_route=\/wp\/v2\/types\/product"}],"replies":[{"embeddable":true,"href":"https:\/\/setap.az\/index.php?rest_route=%2Fwp%2Fv2%2Fcomments&post=19099"}],"wp:featuredmedia":[{"embeddable":true,"href":"https:\/\/setap.az\/index.php?rest_route=\/wp\/v2\/media\/19103"}],"wp:attachment":[{"href":"https:\/\/setap.az\/index.php?rest_route=%2Fwp%2Fv2%2Fmedia&parent=19099"}],"wp:term":[{"taxonomy":"product_cat","embeddable":true,"href":"https:\/\/setap.az\/index.php?rest_route=%2Fwp%2Fv2%2Fproduct_cat&post=19099"},{"taxonomy":"product_tag","embeddable":true,"href":"https:\/\/setap.az\/index.php?rest_route=%2Fwp%2Fv2%2Fproduct_tag&post=19099"}],"curies":[{"name":"wp","href":"https:\/\/api.w.org\/{rel}","templated":true}]}}