{"id":19101,"date":"2025-05-10T11:54:12","date_gmt":"2025-05-10T07:54:12","guid":{"rendered":"https:\/\/setap.az\/?post_type=product&#038;p=19101"},"modified":"2025-06-14T14:15:12","modified_gmt":"2025-06-14T10:15:12","slug":"agilli-ev-sisteml%c9%99ri","status":"publish","type":"product","link":"https:\/\/setap.az\/?product=agilli-ev-sisteml%c9%99ri","title":{"rendered":"A\u011f\u0131ll\u0131 ev sisteml\u0259ri"},"content":{"rendered":"<p>&#8211; Evinizi s\u0259sinizl\u0259 idar\u0259 edin. \ud83d\ude0a<br \/>\n&#8211; Yeni n\u0259sil &#8220;A\u011f\u0131ll\u0131 Ev&#8221; sisteml\u0259ri evinizin t\u0259hl\u00fck\u0259sizliyin\u0259 davaml\u0131 t\u0259qib v\u0259 x\u0259b\u0259rdarl\u0131q sisteml\u0259ri il\u0259 t\u0259minat verir.<br \/>\n&#8211; &#8220;A\u011f\u0131ll\u0131 Ev&#8221; il\u0259 h\u0259r \u015fey daha rahat, daha t\u0259hl\u00fck\u0259sizdir.<br \/>\n&#8211; &#8220;A\u011f\u0131ll\u0131 Ev&#8221; g\u0259r\u0259ksiz enerji itkisinin qar\u015f\u0131s\u0131n\u0131 al\u0131r.<br \/>\n&#8211; M\u00fcasir z\u0259man\u0259nin t\u0259l\u0259bl\u0259rin\u0259 uy\u011fun h\u0259m vaxt\u0131n\u0131za q\u0259na\u0259t, h\u0259md\u0259 i\u015finizi rahatland\u0131racaq a\u011f\u0131ll\u0131 ev sisteml\u0259ri<br \/>\navadanl\u0131qlar\u0131n\u0131n sat\u0131\u015f\u0131 v\u0259 qura\u015fd\u0131r\u0131lmas\u0131 m\u00fcmkund\u00fcr.<br \/>\n&#8211; Art\u0131q b\u00f6y\u00fck m\u0259bl\u0259\u011fd\u0259 pul x\u0259rcl\u0259m\u0259y\u0259, evinizi yenid\u0259n t\u0259mir etm\u0259y\u0259, elektrik x\u0259ttl\u0259rini d\u0259yi\u015fm\u0259y\u0259 ehtiyac qalmayacaq.<br \/>\nEvinizd\u0259 i\u015f\u0131qlanma sistemini, m\u0259i\u015f\u0259t texnikalar\u0131n\u0131z\u0131 ( kondisioner, tv, kombi) T\u0259hl\u00fck\u0259sizlik kamera sistemi, evin<br \/>\ntemperaturunu artiq bir toxunu\u015fla telefonunuzda idar\u0259 etm\u0259k m\u00fcmk\u00fcnd\u00fcr.<br \/>\n-Evd\u0259 ya\u015fay\u0131\u015f varm\u0131\u015f kimi imitasiya etm\u0259k \u00fc\u00e7\u00fcn b\u00fct\u00fcn avadanl\u0131qlar ucuz qiym\u0259t\u0259 ma\u011fazam\u0131zda m\u00f6vcuddur.<br \/>\n-Alexsa il\u0259 s\u0259sl\u0259d\u0259 idar\u0259 etmek olur.<br \/>\n-A\u011f\u0131ll\u0131 ev sisteml\u0259rinin qura\u015fd\u0131r\u0131lmas\u0131.Qiym\u0259t i\u015f\u0259 g\u00f6r\u0259 d\u0259yi\u015fir.<br \/>\n-G\u0259l\u0259c\u0259yin &#8220;A\u011f\u0131ll\u0131 Ev&#8221;-in\u0259 add\u0131m at\u0131n \ud83d\ude0a<\/p>\n","protected":false},"excerpt":{"rendered":"<p>&#8211; Evinizi s\u0259sinizl\u0259 idar\u0259 edin. \ud83d\ude0a &#8211; Yeni n\u0259sil &#8220;A\u011f\u0131ll\u0131 Ev&#8221; sisteml\u0259ri evinizin t\u0259hl\u00fck\u0259sizliyin\u0259 davaml\u0131 t\u0259qib v\u0259 x\u0259b\u0259rdarl\u0131q sisteml\u0259ri il\u0259 t\u0259minat verir. &#8211; &#8220;A\u011f\u0131ll\u0131 Ev&#8221; il\u0259 h\u0259r \u015fey daha rahat, daha t\u0259hl\u00fck\u0259sizdir. &#8211; &#8220;A\u011f\u0131ll\u0131 Ev&#8221; g\u0259r\u0259ksiz enerji itkisinin qar\u015f\u0131s\u0131n\u0131 al\u0131r. &#8211; M\u00fcasir z\u0259man\u0259nin t\u0259l\u0259bl\u0259rin\u0259 uy\u011fun h\u0259m vaxt\u0131n\u0131za q\u0259na\u0259t, h\u0259md\u0259 i\u015finizi rahatland\u0131racaq a\u011f\u0131ll\u0131 ev sisteml\u0259ri avadanl\u0131qlar\u0131n\u0131n&hellip;<\/p>\n","protected":false},"featured_media":19102,"comment_status":"open","ping_status":"closed","template":"","meta":[],"product_cat":[3159,2999,3482],"product_tag":[3000,3007,3001,3004,3005,3003,2938,3006,3002],"class_list":{"0":"post-19101","1":"product","2":"type-product","3":"status-publish","4":"has-post-thumbnail","6":"product_cat-agilli-avtomatlar","7":"product_cat-agilli-ev","8":"product_cat-agilli-qapi-kilidi","9":"product_tag-agilliev","10":"product_tag-agilliknd","11":"product_tag-akilliev","12":"product_tag-elektrik","13":"product_tag-elektrikisleri","14":"product_tag-iot","15":"product_tag-smarthome","16":"product_tag-tmir","17":"product_tag-3002","18":"description-off","20":"first","21":"instock","22":"shipping-taxable","23":"purchasable","24":"product-type-simple"},"_links":{"self":[{"href":"https:\/\/setap.az\/index.php?rest_route=\/wp\/v2\/product\/19101","targetHints":{"allow":["GET"]}}],"collection":[{"href":"https:\/\/setap.az\/index.php?rest_route=\/wp\/v2\/product"}],"about":[{"href":"https:\/\/setap.az\/index.php?rest_route=\/wp\/v2\/types\/product"}],"replies":[{"embeddable":true,"href":"https:\/\/setap.az\/index.php?rest_route=%2Fwp%2Fv2%2Fcomments&post=19101"}],"wp:featuredmedia":[{"embeddable":true,"href":"https:\/\/setap.az\/index.php?rest_route=\/wp\/v2\/media\/19102"}],"wp:attachment":[{"href":"https:\/\/setap.az\/index.php?rest_route=%2Fwp%2Fv2%2Fmedia&parent=19101"}],"wp:term":[{"taxonomy":"product_cat","embeddable":true,"href":"https:\/\/setap.az\/index.php?rest_route=%2Fwp%2Fv2%2Fproduct_cat&post=19101"},{"taxonomy":"product_tag","embeddable":true,"href":"https:\/\/setap.az\/index.php?rest_route=%2Fwp%2Fv2%2Fproduct_tag&post=19101"}],"curies":[{"name":"wp","href":"https:\/\/api.w.org\/{rel}","templated":true}]}}