{"id":19105,"date":"2025-05-10T12:49:28","date_gmt":"2025-05-10T08:49:28","guid":{"rendered":"https:\/\/setap.az\/?post_type=product&#038;p=19105"},"modified":"2025-07-04T16:50:15","modified_gmt":"2025-07-04T12:50:15","slug":"cctv-21-050-shturmann","status":"publish","type":"product","link":"https:\/\/setap.az\/?product=cctv-21-050-shturmann","title":{"rendered":"CCTV 2+1&#8212;050 Shturmann"},"content":{"rendered":"<p>HD Kameralar\u0131n \u00e7\u0259kili\u015fi \u00fc\u00e7\u00fcn n\u0259z\u0259rd\u0259 tutulmu\u015f CCTV kabel.<br \/>\nT\u0259miz mis material.<br \/>\nKabelin \u00e7\u00f6l izolyasiyas\u0131 g\u00fcn v\u0259 ya\u011f\u0131\u015fa qar\u015f\u0131 \u00e7ox d\u00f6z\u00fcml\u00fcd\u00fcr. \u00c7\u00f6l \u015f\u0259raiti \u00fc\u00e7\u00fcn 10 il z\u0259man\u0259t verilir<\/p>\n","protected":false},"excerpt":{"rendered":"<p>HD Kameralar\u0131n \u00e7\u0259kili\u015fi \u00fc\u00e7\u00fcn n\u0259z\u0259rd\u0259 tutulmu\u015f CCTV kabel. T\u0259miz mis material. Kabelin \u00e7\u00f6l izolyasiyas\u0131 g\u00fcn v\u0259 ya\u011f\u0131\u015fa qar\u015f\u0131 \u00e7ox d\u00f6z\u00fcml\u00fcd\u00fcr. \u00c7\u00f6l \u015f\u0259raiti \u00fc\u00e7\u00fcn 10 il z\u0259man\u0259t verilir<\/p>\n","protected":false},"featured_media":19106,"comment_status":"open","ping_status":"closed","template":"","meta":[],"product_cat":[2808,2818,2819],"product_tag":[3499,3507,3498,3497,3505,3504,3502,3506,3501,3500,3503],"class_list":{"0":"post-19105","1":"product","2":"type-product","3":"status-publish","4":"has-post-thumbnail","6":"product_cat-kabel-mhsullari","7":"product_cat-video-kabellr","8":"product_cat-video-nzart-ucun-kabellr","9":"product_tag-050kabel","10":"product_tag-050mmkabel","11":"product_tag-2plus1kabel","12":"product_tag-cctvkabel","13":"product_tag-cctvthluksizlik","14":"product_tag-gucvsinyal","15":"product_tag-kamerakabeli","16":"product_tag-koaksial2plus1","17":"product_tag-koaksialkabel","18":"product_tag-shturmann","19":"product_tag-videonzartkabeli","20":"description-off","22":"first","23":"instock","24":"shipping-taxable","25":"purchasable","26":"product-type-simple"},"_links":{"self":[{"href":"https:\/\/setap.az\/index.php?rest_route=\/wp\/v2\/product\/19105","targetHints":{"allow":["GET"]}}],"collection":[{"href":"https:\/\/setap.az\/index.php?rest_route=\/wp\/v2\/product"}],"about":[{"href":"https:\/\/setap.az\/index.php?rest_route=\/wp\/v2\/types\/product"}],"replies":[{"embeddable":true,"href":"https:\/\/setap.az\/index.php?rest_route=%2Fwp%2Fv2%2Fcomments&post=19105"}],"wp:featuredmedia":[{"embeddable":true,"href":"https:\/\/setap.az\/index.php?rest_route=\/wp\/v2\/media\/19106"}],"wp:attachment":[{"href":"https:\/\/setap.az\/index.php?rest_route=%2Fwp%2Fv2%2Fmedia&parent=19105"}],"wp:term":[{"taxonomy":"product_cat","embeddable":true,"href":"https:\/\/setap.az\/index.php?rest_route=%2Fwp%2Fv2%2Fproduct_cat&post=19105"},{"taxonomy":"product_tag","embeddable":true,"href":"https:\/\/setap.az\/index.php?rest_route=%2Fwp%2Fv2%2Fproduct_tag&post=19105"}],"curies":[{"name":"wp","href":"https:\/\/api.w.org\/{rel}","templated":true}]}}