{"id":19111,"date":"2025-05-10T13:14:07","date_gmt":"2025-05-10T09:14:07","guid":{"rendered":"https:\/\/setap.az\/?post_type=product&#038;p=19111"},"modified":"2025-06-26T14:01:32","modified_gmt":"2025-06-26T10:01:32","slug":"imou-rex-vt-pro-ipc-s2vbp-5m0wr-musahid%c9%99-kamerasi","status":"publish","type":"product","link":"https:\/\/setap.az\/?product=imou-rex-vt-pro-ipc-s2vbp-5m0wr-musahid%c9%99-kamerasi","title":{"rendered":"\u0130MOU Rex VT Pro (IPC-S2VBP-5M0WR) m\u00fc\u015fahid\u0259 kameras\u0131"},"content":{"rendered":"<p>\ud83d\udd39 Model: Rex VT Pro (IPC-S2VBP-5M0WR) \ud83d\udd39<br \/>\n\u2714Matris: 1\/2.7&#8243; CMOS<br \/>\n\u2714Effektiv piksell\u0259r: 2880 x 1620<br \/>\n\u2714Gec\u0259 g\u00f6r\u00fcnt\u00fcs\u00fc: 20 m (66 fut)<br \/>\n\u2714Fokus m\u0259saf\u0259si: 3.6 mm<br \/>\n\u2714Bax\u0131\u015f buca\u011f\u0131: \u00dcfuqi:87\u00b0; \u015eaquli:48\u00b0; Diaqonal:108\u00b0<br \/>\n\u2714Panorama \/ \u018fyilm\u0259 Panorama:0 ~ 355\u00b0; \u018fyilm\u0259:0 ~ 90\u00b0<br \/>\n\u2714Batareya: 2000 mAh<br \/>\n\u2714Video kadrlar\u0131n say\u0131: Saniy\u0259d\u0259 15 kadra q\u0259d\u0259r<br \/>\n\u2714Audio: \u0130kit\u0259r\u0259fli s\u00f6hb\u0259t<br \/>\n\u2714H\u0259r\u0259k\u0259tin a\u015fkarlanmas\u0131: Var<br \/>\n\u2714\u0130nsanlar\u0131n a\u015fkarlanmas\u0131 Var<br \/>\n\u2714Ev heyvanlar\u0131n\u0131n a\u015fkarlanmas\u0131: Var<br \/>\n\u2714Anormal s\u0259s siqnal\u0131<br \/>\n\u2714512 Gb q\u0259d\u0259r Mikro SD kart<br \/>\n\u2714Audio: Daxili mikrofon v\u0259 dinamik<br \/>\n\u2714S\u0131f\u0131rlama d\u00fcym\u0259si: Var<br \/>\n\u2714\u0130stifad\u0259 temperaturu: -10\u00b0C~+45\u00b0C, 95 %<\/p>\n","protected":false},"excerpt":{"rendered":"<p>\ud83d\udd39 Model: Rex VT Pro (IPC-S2VBP-5M0WR) \ud83d\udd39 \u2714Matris: 1\/2.7&#8243; CMOS \u2714Effektiv piksell\u0259r: 2880 x 1620 \u2714Gec\u0259 g\u00f6r\u00fcnt\u00fcs\u00fc: 20 m (66 fut) \u2714Fokus m\u0259saf\u0259si: 3.6 mm \u2714Bax\u0131\u015f buca\u011f\u0131: \u00dcfuqi:87\u00b0; \u015eaquli:48\u00b0; Diaqonal:108\u00b0 \u2714Panorama \/ \u018fyilm\u0259 Panorama:0 ~ 355\u00b0; \u018fyilm\u0259:0 ~ 90\u00b0 \u2714Batareya: 2000 mAh \u2714Video kadrlar\u0131n say\u0131: Saniy\u0259d\u0259 15 kadra q\u0259d\u0259r \u2714Audio: \u0130kit\u0259r\u0259fli s\u00f6hb\u0259t \u2714H\u0259r\u0259k\u0259tin a\u015fkarlanmas\u0131: Var&hellip;<\/p>\n","protected":false},"featured_media":19112,"comment_status":"open","ping_status":"closed","template":"","meta":[],"product_cat":[4089,2841,2862],"product_tag":[3068,3070,3533,3058,3069,3072,3071],"class_list":{"0":"post-19111","1":"product","2":"type-product","3":"status-publish","4":"has-post-thumbnail","6":"product_cat-imou","7":"product_cat-videonzart","8":"product_cat-wifi-kameralar","9":"product_tag-imou","10":"product_tag-imouthluksizlik","11":"product_tag-musahid","12":"product_tag-musahidkamerasi","13":"product_tag-sumqayitimou","14":"product_tag-sumqayitthluksizlik","15":"product_tag-thluksizlikkameralari","16":"description-off","18":"first","19":"instock","20":"shipping-taxable","21":"purchasable","22":"product-type-simple"},"_links":{"self":[{"href":"https:\/\/setap.az\/index.php?rest_route=\/wp\/v2\/product\/19111","targetHints":{"allow":["GET"]}}],"collection":[{"href":"https:\/\/setap.az\/index.php?rest_route=\/wp\/v2\/product"}],"about":[{"href":"https:\/\/setap.az\/index.php?rest_route=\/wp\/v2\/types\/product"}],"replies":[{"embeddable":true,"href":"https:\/\/setap.az\/index.php?rest_route=%2Fwp%2Fv2%2Fcomments&post=19111"}],"wp:featuredmedia":[{"embeddable":true,"href":"https:\/\/setap.az\/index.php?rest_route=\/wp\/v2\/media\/19112"}],"wp:attachment":[{"href":"https:\/\/setap.az\/index.php?rest_route=%2Fwp%2Fv2%2Fmedia&parent=19111"}],"wp:term":[{"taxonomy":"product_cat","embeddable":true,"href":"https:\/\/setap.az\/index.php?rest_route=%2Fwp%2Fv2%2Fproduct_cat&post=19111"},{"taxonomy":"product_tag","embeddable":true,"href":"https:\/\/setap.az\/index.php?rest_route=%2Fwp%2Fv2%2Fproduct_tag&post=19111"}],"curies":[{"name":"wp","href":"https:\/\/api.w.org\/{rel}","templated":true}]}}