{"id":19125,"date":"2025-05-10T17:02:07","date_gmt":"2025-05-10T13:02:07","guid":{"rendered":"https:\/\/setap.az\/?post_type=product&#038;p=19125"},"modified":"2026-01-12T14:03:24","modified_gmt":"2026-01-12T10:03:24","slug":"dahua-dh-ipc-hfw3241t-zs-s2","status":"publish","type":"product","link":"https:\/\/setap.az\/?product=dahua-dh-ipc-hfw3241t-zs-s2","title":{"rendered":"Dahua DH-IPC-HFW3241T-ZS-S2 2MP IP Kamera"},"content":{"rendered":"<p>Dahua DH-IPC-HFW3241T-ZS-S2 2MP IP T\u0259hl\u00fck\u0259sizlik Kameras\u0131<br \/>\nSensor: 1\/2.8&#8243; 2MP Progressive Scan CMOS<br \/>\nEffektiv Piksel: 1920 \u00d7 1080 (Full HD)<br \/>\nLens: 2.7 mm ~ 13.5 mm motorlu Vari-Focal (Avtomatik fokuslanma v\u0259 zoom imkan\u0131)<br \/>\nBax\u0131\u015f buca\u011f\u0131: H: 108\u00b0 ~ 29\u00b0, V: 56\u00b0 ~ 16\u00b0, D: 127\u00b0 ~ 33\u00b0<br \/>\nIR Gec\u0259 G\u00f6rm\u0259: 60 metr\u0259 q\u0259d\u0259r<\/p>\n<p> Gec\u0259 G\u00f6rm\u0259 v\u0259 Ayd\u0131n G\u00f6r\u00fcnt\u00fc<br \/>\n60 metr\u0259 q\u0259d\u0259r IR LED-l\u0259 gec\u0259 g\u00f6rm\u0259 \u2013 Tam qaranl\u0131qda bel\u0259 ayd\u0131n g\u00f6r\u00fcnt\u00fc!<br \/>\nStarlight Texnologiyas\u0131 \u2013 Az i\u015f\u0131ql\u0131 \u015f\u0259raitd\u0259 daha ayd\u0131n g\u00f6r\u00fcnt\u00fc!<br \/>\n120dB WDR (Geni\u015f Dinamik Diapazon) \u2013 G\u00fccl\u00fc i\u015f\u0131q kontrastlar\u0131nda bel\u0259 d\u0259qiq g\u00f6r\u00fcnt\u00fc!<\/p>\n<p> Video v\u0259 S\u0259s X\u00fcsusiyy\u0259tl\u0259ri<br \/>\nH.265+ \/ H.264+ Video S\u0131x\u0131lma Texnologiyas\u0131 \u2013 Yadda\u015f v\u0259 \u015f\u0259b\u0259k\u0259 istifad\u0259sini optimalla\u015fd\u0131r\u0131r!<br \/>\nSaniy\u0259d\u0259 25\/30 kadr s\u00fcr\u0259tind\u0259 1080p Full HD video qeydiyyat\u0131<br \/>\nDaxili Mikrofon \u2013 Canl\u0131 s\u0259s dinl\u0259m\u0259 v\u0259 audio qeyd imkan\u0131!<br \/>\n3D DNR (R\u0259q\u0259msal S\u0259s Azaltma) \u2013 Daha t\u0259miz v\u0259 detall\u0131 g\u00f6r\u00fcnt\u00fc!<\/p>\n<p> T\u0259hl\u00fck\u0259sizlik v\u0259 Funksional X\u00fcsusiyy\u0259tl\u0259r<br \/>\nS\u00fcni \u0130ntellekt (AI) Funksiyalar\u0131:<br \/>\n\u0130nsan v\u0259 avtomobil a\u015fkarlanmas\u0131 \u2013 S\u0259hv h\u0259y\u0259can siqnallar\u0131n\u0131 azald\u0131r!<br \/>\nPerimetr m\u00fchafiz\u0259si \u2013 Giri\u015f-\u00e7\u0131x\u0131\u015fa n\u0259zar\u0259t \u00fc\u00e7\u00fcn ideal!<br \/>\nH\u0259r\u0259k\u0259t A\u015fkarlama v\u0259 X\u0259b\u0259rdarl\u0131qlar \u2013 \u015e\u00fcbh\u0259li h\u0259r\u0259k\u0259t olduqda d\u0259rhal bildiri\u015f!<br \/>\nIP67 Suya v\u0259 Toza Dayan\u0131ql\u0131l\u0131q \u2013 H\u0259r c\u00fcr hava \u015f\u0259raitin\u0259 uy\u011fundur!<br \/>\nPoE (Power over Ethernet) d\u0259st\u0259yi \u2013 G\u00fcc v\u0259 m\u0259lumat\u0131 eyni kabel \u00fcz\u0259rind\u0259n \u00f6t\u00fcrm\u0259 imkan\u0131!<\/p>\n<p> \u015e\u0259b\u0259k\u0259 v\u0259 Ba\u011flant\u0131lar<br \/>\nLAN Portu: 10\/100 Mbps Ethernet<br \/>\nONVIF, RTSP, P2P d\u0259st\u0259yi \u2013 M\u00fcxt\u0259lif NVR sisteml\u0259ri il\u0259 uy\u011funluq!<br \/>\nMobil T\u0259tbiq: Dahua DMSS App (iOS &#038; Android) \u2013 D\u00fcnyan\u0131n ist\u0259nil\u0259n yerind\u0259n idar\u0259 et!<\/p>\n<p> Yadda\u015f v\u0259 Qura\u015fd\u0131rma<br \/>\nMicroSD kart d\u0259st\u0259yi (256GB-a q\u0259d\u0259r) \u2013 Offline video saxlamaq \u00fc\u00e7\u00fcn<\/p>\n","protected":false},"excerpt":{"rendered":"<p>Dahua DH-IPC-HFW3241T-ZS-S2 (2.7-13.5 mm) \u2013 2MP Bullet IP Kamera<br \/>\nDahua DH-IPC-HFW3241T-ZS-S2 \u2013 s\u00fcni intellekt (AI) il\u0259 insan v\u0259 n\u0259qliyyat a\u015fkarlanmas\u0131, 2MP Full HD keyfiyy\u0259t, WDR texnologiyas\u0131, 60 metr IR gec\u0259 g\u00f6rm\u0259 v\u0259 motorlu fokuslanma x\u00fcsusiyy\u0259tl\u0259rin\u0259 malik pe\u015f\u0259kar t\u0259hl\u00fck\u0259sizlik kameras\u0131d\u0131r. A\u00e7\u0131q m\u0259kanlar, anbarlar, ma\u011fazalar v\u0259 i\u015f yerl\u0259ri \u00fc\u00e7\u00fcn ideal se\u00e7imdir.<\/p>\n","protected":false},"featured_media":19126,"comment_status":"open","ping_status":"closed","template":"","meta":[],"product_cat":[4086,2803,5271,2841],"product_tag":[3571,3570,3581,3573,3574,3572],"class_list":{"0":"post-19125","1":"product","2":"type-product","3":"status-publish","4":"has-post-thumbnail","6":"product_cat-dahua","7":"product_cat-ip","8":"product_cat-thluksizlik-kamerasi","9":"product_cat-videonzart","10":"product_tag-dahuaazerbaijan","11":"product_tag-dahuaazrbaycan","12":"product_tag-siqnal","13":"product_tag-thluksiz","14":"product_tag-thluksizlikkamerari","15":"product_tag-thluksizyasam","16":"description-off","18":"first","19":"instock","20":"shipping-taxable","21":"purchasable","22":"product-type-simple"},"_links":{"self":[{"href":"https:\/\/setap.az\/index.php?rest_route=\/wp\/v2\/product\/19125","targetHints":{"allow":["GET"]}}],"collection":[{"href":"https:\/\/setap.az\/index.php?rest_route=\/wp\/v2\/product"}],"about":[{"href":"https:\/\/setap.az\/index.php?rest_route=\/wp\/v2\/types\/product"}],"replies":[{"embeddable":true,"href":"https:\/\/setap.az\/index.php?rest_route=%2Fwp%2Fv2%2Fcomments&post=19125"}],"wp:featuredmedia":[{"embeddable":true,"href":"https:\/\/setap.az\/index.php?rest_route=\/wp\/v2\/media\/19126"}],"wp:attachment":[{"href":"https:\/\/setap.az\/index.php?rest_route=%2Fwp%2Fv2%2Fmedia&parent=19125"}],"wp:term":[{"taxonomy":"product_cat","embeddable":true,"href":"https:\/\/setap.az\/index.php?rest_route=%2Fwp%2Fv2%2Fproduct_cat&post=19125"},{"taxonomy":"product_tag","embeddable":true,"href":"https:\/\/setap.az\/index.php?rest_route=%2Fwp%2Fv2%2Fproduct_tag&post=19125"}],"curies":[{"name":"wp","href":"https:\/\/api.w.org\/{rel}","templated":true}]}}