{"id":19129,"date":"2025-05-12T10:57:12","date_gmt":"2025-05-12T06:57:12","guid":{"rendered":"https:\/\/setap.az\/?post_type=product&#038;p=19129"},"modified":"2026-02-03T11:53:40","modified_gmt":"2026-02-03T07:53:40","slug":"ds-2ce5ahot-vpit3ze-hikvision-musahid%c9%99-kamerasi","status":"publish","type":"product","link":"https:\/\/setap.az\/?product=ds-2ce5ahot-vpit3ze-hikvision-musahid%c9%99-kamerasi","title":{"rendered":"DS-2CE5AHOT-VPIT3ZE &#8220;Hikvision&#8221; 5MP Analoq T\u0259hl\u00fck\u0259sizlik kameras\u0131"},"content":{"rendered":"<p>DS-2CE5AHOT-VPIT3ZE &#8220;Hikvision&#8221; T\u0259hl\u00fck\u0259sizlik kameras\u0131<br \/>\n\u2714 \u018fsas X\u00fcsusiyy\u0259tl\u0259r:<br \/>\n\u00c7\u00f6z\u00fcn\u00fcrl\u00fck: 5 MP (2560 \u00d7 1944)<br \/>\nLens: 2.7 mm\u201313.5 mm motorlu varifokal lens<br \/>\nG\u00f6r\u00fc\u015f buca\u011f\u0131: Yatay: 95\u00b0\u201326\u00b0, \u015eaquli: 72\u00b0\u201320\u00b0, Diaqonal: 126\u00b0\u201333\u00b0<br \/>\nGec\u0259 G\u00f6r\u00fcnt\u00fcs\u00fc: 40 metr\u0259 q\u0259d\u0259r EXIR 2.0 infraq\u0131rm\u0131z\u0131 i\u015f\u0131qland\u0131rma<br \/>\nMinimum \u0130\u015f\u0131qland\u0131rma: 0.01 Lux @ (F1.6, AGC ON), 0 Lux (IR il\u0259)<br \/>\nVideo Kompressiyas\u0131: H.265 v\u0259 H.264 d\u0259st\u0259yi<br \/>\nGeni\u015f Dinamik Aral\u0131q (WDR): R\u0259q\u0259msal WDR<br \/>\nS\u0259s: Daxili mikrofon<br \/>\nEnerji T\u0259chizat\u0131: 12 VDC \u00b115% v\u0259 ya PoC.at (koaksial kabel \u00fcz\u0259rind\u0259n enerji)<br \/>\nEnerji \u0130stehlak\u0131: Maksimum 7.4 W<br \/>\n\u018fm\u0259liyyat Temperaturu: -40\u00b0C-d\u0259n +60\u00b0C-y\u0259 q\u0259d\u0259r<br \/>\nKorpus: Metal, IP67 suya v\u0259 toza davaml\u0131l\u0131q, IK10 vandalizm\u0259 qar\u015f\u0131 davaml\u0131l\u0131q<br \/>\n\u00d6l\u00e7\u00fcl\u0259r: \u00d8145 mm \u00d7 111.3 mm<br \/>\n\u00c7\u0259ki: T\u0259xmin\u0259n 863 g<br \/>\n\u2714 \u018flav\u0259 Funksiyalar:<br \/>\nG\u00fcnd\u00fcz\/Gec\u0259 Rejimi: Avtomatik, R\u0259ngli, Q\/Q (Qara v\u0259 A\u011f)<br \/>\nA\u011f\u0131ll\u0131 IR: Smart IR texnologiyas\u0131 il\u0259 gec\u0259 g\u00f6r\u00fcnt\u00fcs\u00fcnd\u0259 daha ayd\u0131n t\u0259svir<br \/>\nS\u0259sli K\u00f6m\u0259k\u00e7il\u0259rl\u0259 \u0130nteqrasiya: Google Assistant v\u0259 Amazon Alexa il\u0259 uy\u011funluq<\/p>\n","protected":false},"excerpt":{"rendered":"<p>Hikvision DS-2CE5AH0T-VPIT3ZE \u2014 5 MP \u00e7\u00f6z\u00fcn\u00fcrl\u00fckl\u00fc, motorlu varifokal lensli v\u0259 vandalizm\u0259 davaml\u0131 dome tipli Turbo HD t\u0259hl\u00fck\u0259sizlik kameras\u0131d\u0131r.<br \/>\nBu model, h\u0259m daxili, h\u0259m d\u0259 a\u00e7\u0131q hava \u015f\u0259raitind\u0259 istifad\u0259 \u00fc\u00e7\u00fcn n\u0259z\u0259rd\u0259 tutulub v\u0259 y\u00fcks\u0259k keyfiyy\u0259tli g\u00f6r\u00fcnt\u00fc t\u0259min edir.<br \/>\n&#8211; Y\u00fcks\u0259k keyfiyy\u0259tli 5MP il\u0259 g\u00f6r\u00fcnt\u00fc<br \/>\n&#8211; Varifokal g\u00fcnb\u0259z kamera.<br \/>\n&#8211; Fokus m\u0259saf\u0259si: 2.7mm d\u0259n 13.5mm-\u0259 q\u0259d\u0259r.<br \/>\n&#8211; Parlaq gec\u0259 t\u0259sviri \u00fc\u00e7\u00fcn 40m-\u0259 q\u0259d\u0259r g\u00f6r\u00fc\u015f m\u0259saf\u0259si.<br \/>\n&#8211; Suya v\u0259 toza davaml\u0131: IP67<br \/>\n&#8211; Eyni koaksial kabel vasit\u0259sil\u0259 h\u0259m HD video, h\u0259m d\u0259 g\u00fcc\u00fc \u00f6t\u00fcr\u00fcr.<\/p>\n","protected":false},"featured_media":19131,"comment_status":"open","ping_status":"closed","template":"","meta":[],"product_cat":[2802,4016,5271,2841],"product_tag":[3583,3582,3373,3298,2941,3586,3377,3585,3349,3587,3584],"class_list":{"0":"post-19129","1":"product","2":"type-product","3":"status-publish","4":"has-post-thumbnail","6":"product_cat-analoq","7":"product_cat-hikvision","8":"product_cat-thluksizlik-kamerasi","9":"product_cat-videonzart","10":"product_tag-5mpkamera","11":"product_tag-ds2ce5ah0tvpit3ze","12":"product_tag-exir2","13":"product_tag-gecgorm","14":"product_tag-hikvision","15":"product_tag-ik10","16":"product_tag-ip67","17":"product_tag-poc","18":"product_tag-turbohd","19":"product_tag-vandalproof","20":"product_tag-varifokallens","21":"description-off","23":"first","24":"instock","25":"shipping-taxable","26":"purchasable","27":"product-type-simple"},"_links":{"self":[{"href":"https:\/\/setap.az\/index.php?rest_route=\/wp\/v2\/product\/19129","targetHints":{"allow":["GET"]}}],"collection":[{"href":"https:\/\/setap.az\/index.php?rest_route=\/wp\/v2\/product"}],"about":[{"href":"https:\/\/setap.az\/index.php?rest_route=\/wp\/v2\/types\/product"}],"replies":[{"embeddable":true,"href":"https:\/\/setap.az\/index.php?rest_route=%2Fwp%2Fv2%2Fcomments&post=19129"}],"wp:featuredmedia":[{"embeddable":true,"href":"https:\/\/setap.az\/index.php?rest_route=\/wp\/v2\/media\/19131"}],"wp:attachment":[{"href":"https:\/\/setap.az\/index.php?rest_route=%2Fwp%2Fv2%2Fmedia&parent=19129"}],"wp:term":[{"taxonomy":"product_cat","embeddable":true,"href":"https:\/\/setap.az\/index.php?rest_route=%2Fwp%2Fv2%2Fproduct_cat&post=19129"},{"taxonomy":"product_tag","embeddable":true,"href":"https:\/\/setap.az\/index.php?rest_route=%2Fwp%2Fv2%2Fproduct_tag&post=19129"}],"curies":[{"name":"wp","href":"https:\/\/api.w.org\/{rel}","templated":true}]}}