{"id":19135,"date":"2025-05-14T11:57:29","date_gmt":"2025-05-14T07:57:29","guid":{"rendered":"https:\/\/setap.az\/?post_type=product&#038;p=19135"},"modified":"2026-01-12T13:28:31","modified_gmt":"2026-01-12T09:28:31","slug":"dahua-dh-ipc-hdbw2431fp-as-s2-2mp-ip-kamera","status":"publish","type":"product","link":"https:\/\/setap.az\/?product=dahua-dh-ipc-hdbw2431fp-as-s2-2mp-ip-kamera","title":{"rendered":"Dahua DH-IPC-HDBW2431FP-AS-S2  2MP IP Kamera"},"content":{"rendered":"<p>Dahua DH-IPC-HDBW2431FP-AS-S2  2MP IP Kamera<br \/>\n\u2714Matris: 1\/3\u201d progressive scan CMOS\u2122<br \/>\n\u2714Kodla\u015fd\u0131rma: H.265\/H.264<br \/>\n\u2714Kadr tezliyi: 4Mp@ 20 kadr\/s<br \/>\n\u2714WDR (120 dB), Day\/Night (ICR), 3D-DNR, AWB, AGC, BLC<br \/>\n\u2714Monitorinq: Web browser, CMS (DSS\/PSS), app DMSS<br \/>\n\u2714Qura\u015fd\u0131r\u0131lm\u0131\u015f mikrofon<br \/>\n\u2714Fokus m\u0259saf\u0259si: 2.8 mm (sabit linza)<br \/>\n\u2714IQ i\u015f\u0131qland\u0131rma m\u0259saf\u0259si (gec\u0259 g\u00f6r\u00fcnt\u00fcs\u00fc): 30 metr<br \/>\n\u2714Micro SD kart d\u0259st\u0259yi<br \/>\n\u2714Qorunma d\u0259r\u0259c\u0259si (IP reytinqi): IP67<br \/>\n\u2714Enerji t\u0259chizat\u0131: DC 12V, IK10<\/p>\n","protected":false},"excerpt":{"rendered":"<p>Dahua DH-IPC-HDBW2431FP-AS-S2, 4 MP \u00e7\u00f6z\u00fcn\u00fcrl\u00fckl\u00fc, sabit lensli v\u0259 IR gec\u0259 g\u00f6r\u00fcnt\u00fcl\u00fc bir IP dome kamerad\u0131r. Bu kamera, h\u0259m daxili, h\u0259m d\u0259 xarici m\u00fchitl\u0259rd\u0259 istifad\u0259 \u00fc\u00e7\u00fcn n\u0259z\u0259rd\u0259 tutulmu\u015fdur.<br \/>\nBu kamera, y\u00fcks\u0259k keyfiyy\u0259tli g\u00f6r\u00fcnt\u00fc v\u0259 geni\u015f funksionall\u0131\u011f\u0131 il\u0259 t\u0259hl\u00fck\u0259sizlik sisteml\u0259ri \u00fc\u00e7\u00fcn ideal se\u00e7imdir. Daxili mikrofon v\u0259 IR gec\u0259 g\u00f6r\u00fcnt\u00fcs\u00fc kimi x\u00fcsusiyy\u0259tl\u0259ri il\u0259 h\u0259m g\u00fcnd\u00fcz, h\u0259m d\u0259 gec\u0259 \u015f\u0259raitind\u0259 effektiv m\u00fc\u015fahid\u0259 imkan\u0131 t\u0259qdim edir.<\/p>\n","protected":false},"featured_media":19137,"comment_status":"open","ping_status":"closed","template":"","meta":[],"product_cat":[4086,2803,5271,2841],"product_tag":[3592,3591,3571,3570,3576,3589,3578,3588,3590,3574,3593],"class_list":{"0":"post-19135","1":"product","2":"type-product","3":"status-publish","4":"has-post-thumbnail","6":"product_cat-dahua","7":"product_cat-ip","8":"product_cat-thluksizlik-kamerasi","9":"product_cat-videonzart","10":"product_tag-bizneshllr","11":"product_tag-biznesucun","12":"product_tag-dahuaazerbaijan","13":"product_tag-dahuaazrbaycan","14":"product_tag-dahuakameralari","15":"product_tag-dahuasiqnalizasiya","16":"product_tag-hllr","17":"product_tag-rahathyat","18":"product_tag-simsiz","19":"product_tag-thluksizlikkamerari","20":"product_tag-yenilik","21":"description-off","23":"first","24":"instock","25":"shipping-taxable","26":"purchasable","27":"product-type-simple"},"_links":{"self":[{"href":"https:\/\/setap.az\/index.php?rest_route=\/wp\/v2\/product\/19135","targetHints":{"allow":["GET"]}}],"collection":[{"href":"https:\/\/setap.az\/index.php?rest_route=\/wp\/v2\/product"}],"about":[{"href":"https:\/\/setap.az\/index.php?rest_route=\/wp\/v2\/types\/product"}],"replies":[{"embeddable":true,"href":"https:\/\/setap.az\/index.php?rest_route=%2Fwp%2Fv2%2Fcomments&post=19135"}],"wp:featuredmedia":[{"embeddable":true,"href":"https:\/\/setap.az\/index.php?rest_route=\/wp\/v2\/media\/19137"}],"wp:attachment":[{"href":"https:\/\/setap.az\/index.php?rest_route=%2Fwp%2Fv2%2Fmedia&parent=19135"}],"wp:term":[{"taxonomy":"product_cat","embeddable":true,"href":"https:\/\/setap.az\/index.php?rest_route=%2Fwp%2Fv2%2Fproduct_cat&post=19135"},{"taxonomy":"product_tag","embeddable":true,"href":"https:\/\/setap.az\/index.php?rest_route=%2Fwp%2Fv2%2Fproduct_tag&post=19135"}],"curies":[{"name":"wp","href":"https:\/\/api.w.org\/{rel}","templated":true}]}}