{"id":19142,"date":"2025-05-14T12:52:38","date_gmt":"2025-05-14T08:52:38","guid":{"rendered":"https:\/\/setap.az\/?post_type=product&#038;p=19142"},"modified":"2025-06-26T13:57:17","modified_gmt":"2025-06-26T09:57:17","slug":"dahua-dh-ipc-hfw1239tl1-a-il-ip-kamera","status":"publish","type":"product","link":"https:\/\/setap.az\/?product=dahua-dh-ipc-hfw1239tl1-a-il-ip-kamera","title":{"rendered":"Dahua DH-IPC-HFW1239TL1-A-IL IP Kamera"},"content":{"rendered":"<p>Dahua DH-IPC-HFW1239TL1-A-IL IP Kamera<br \/>\nX\u00fcsusiyy\u0259tl\u0259r:<br \/>\n\u2714Matris: 1\/2.8&#8243; CMOS<br \/>\n\u2714Fokus m\u0259saf\u0259si: 2,8 mm<br \/>\n\u2714H\u0259ssasl\u0131q 0.005lx@F1.6<br \/>\n\u2714S\u0131x\u0131lma: H.265+, H.265, H.264+, H.264, MJPEG, y\u00fcks\u0259k s\u0131x\u0131lma, ultra a\u015fa\u011f\u0131 bit s\u00fcr\u0259ti.<br \/>\n\u2714Qeyd: 2MP@25fps-\u0259 q\u0259d\u0259r 2 ax\u0131n<br \/>\n\u2714Smart Dual Light texnologiyas\u0131 say\u0259sind\u0259 gec\u0259 v\u0259 g\u00fcnd\u00fcz r\u0259ngli g\u00f6r\u00fcnt\u00fc<br \/>\n\u2714Funksiyalar: F\u0131rlanma rejimi, DWDR, 3D NR, HLC, BLC, r\u0259q\u0259msal ni\u015fanlar<br \/>\n\u2714Anomaliyalar\u0131n a\u015fkarlanmas\u0131: h\u0259r\u0259k\u0259tin a\u015fkarlanmas\u0131, videonun d\u0259yi\u015fdirilm\u0259si, s\u0259s a\u015fkarlanmas\u0131, \u015f\u0259b\u0259k\u0259nin k\u0259silm\u0259si, IP-y\u0259 m\u00fcdaxil\u0259 v\u0259 \u0259raziy\u0259 qeyri-qanuni daxil olma.<br \/>\n\u2714A\u011f\u0131ll\u0131 ikili i\u015f\u0131qland\u0131r\u0131lmas\u0131<br \/>\n\u2714Qura\u015fd\u0131r\u0131lm\u0131\u015f mikrofon<br \/>\n\u2714Qoruma d\u0259r\u0259c\u0259si: IP67<br \/>\n\u2714Enerji t\u0259chizat\u0131: 12V(DC), PoE<\/p>\n","protected":false},"excerpt":{"rendered":"<p>Dahua DH-IPC-HFW1239TL1-A-IL IP Kamera \u2014 m\u00fcxt\u0259lif \u015f\u0259raitl\u0259rd\u0259 video n\u0259zar\u0259t \u00fc\u00e7\u00fcn n\u0259z\u0259rd\u0259 tutulmu\u015f sabit obyektivli m\u00fcasir \u0130P kamerad\u0131r. Kamera ist\u0259nil\u0259n \u015f\u0259raitind\u0259, o c\u00fcml\u0259d\u0259n gec\u0259 vaxt\u0131 y\u00fcks\u0259k keyfiyy\u0259tli t\u0259svirl\u0259r v\u0259 etibarl\u0131 \u0259m\u0259liyyat t\u0259min ed\u0259n y\u00fcks\u0259k x\u00fcsusiyy\u0259tl\u0259r\u0259 v\u0259 texnologiyalara malikdir.<br \/>\nDahua DH-IPC-HFW1239TL1-A-IL IP kameras\u0131 gec\u0259 v\u0259 g\u00fcnd\u00fcz r\u0259ngli g\u00f6r\u00fcnt\u00fc t\u0259qdim edir. Bu, onun Smart Dual Light texnologiyas\u0131 say\u0259sind\u0259 m\u00fcmk\u00fcnd\u00fcr.<\/p>\n","protected":false},"featured_media":19143,"comment_status":"open","ping_status":"closed","template":"","meta":[],"product_cat":[4086,2849],"product_tag":[3575,3571,3570,3576,3578,3520,3573,3574,3572,3577],"class_list":{"0":"post-19142","1":"product","2":"type-product","3":"status-publish","4":"has-post-thumbnail","6":"product_cat-dahua","7":"product_cat-videokameralar","8":"product_tag-dahua","9":"product_tag-dahuaazerbaijan","10":"product_tag-dahuaazrbaycan","11":"product_tag-dahuakameralari","12":"product_tag-hllr","13":"product_tag-siqnalizasiya","14":"product_tag-thluksiz","15":"product_tag-thluksizlikkamerari","16":"product_tag-thluksizyasam","17":"product_tag-ttbiq","18":"description-off","20":"first","21":"instock","22":"shipping-taxable","23":"purchasable","24":"product-type-simple"},"_links":{"self":[{"href":"https:\/\/setap.az\/index.php?rest_route=\/wp\/v2\/product\/19142","targetHints":{"allow":["GET"]}}],"collection":[{"href":"https:\/\/setap.az\/index.php?rest_route=\/wp\/v2\/product"}],"about":[{"href":"https:\/\/setap.az\/index.php?rest_route=\/wp\/v2\/types\/product"}],"replies":[{"embeddable":true,"href":"https:\/\/setap.az\/index.php?rest_route=%2Fwp%2Fv2%2Fcomments&post=19142"}],"wp:featuredmedia":[{"embeddable":true,"href":"https:\/\/setap.az\/index.php?rest_route=\/wp\/v2\/media\/19143"}],"wp:attachment":[{"href":"https:\/\/setap.az\/index.php?rest_route=%2Fwp%2Fv2%2Fmedia&parent=19142"}],"wp:term":[{"taxonomy":"product_cat","embeddable":true,"href":"https:\/\/setap.az\/index.php?rest_route=%2Fwp%2Fv2%2Fproduct_cat&post=19142"},{"taxonomy":"product_tag","embeddable":true,"href":"https:\/\/setap.az\/index.php?rest_route=%2Fwp%2Fv2%2Fproduct_tag&post=19142"}],"curies":[{"name":"wp","href":"https:\/\/api.w.org\/{rel}","templated":true}]}}