{"id":19148,"date":"2025-05-14T13:18:43","date_gmt":"2025-05-14T09:18:43","guid":{"rendered":"https:\/\/setap.az\/?post_type=product&#038;p=19148"},"modified":"2026-01-12T15:10:04","modified_gmt":"2026-01-12T11:10:04","slug":"dahua-dh-ipc-hfw1239s1-led-0280b-s5-2mp-ip-kamera","status":"publish","type":"product","link":"https:\/\/setap.az\/?product=dahua-dh-ipc-hfw1239s1-led-0280b-s5-2mp-ip-kamera","title":{"rendered":"Dahua DH-IPC-HFW1239S1-LED-0280B-S5  2Mp IP Kamera"},"content":{"rendered":"<p>Dahua DH-IPC-HFW1239S1-LED-0280B-S5  2Mp IP T\u0259hl\u00fck\u0259sizlik Kameras\u0131<br \/>\n\u2714Matris: 2MP, 1\/2.8\u201d CMOS g\u00f6r\u00fcnt\u00fc sensoru, y\u00fcks\u0259k \u00e7\u00f6z\u00fcn\u00fcrl\u00fck<br \/>\n\u2714Kadr tezliyi: 2MP (1920\u00d71080) @ 25\/30 kadr\/s<br \/>\n\u2714Fokus m\u0259saf\u0259si: 2.8 mm<br \/>\n\u2714H.265 kodek, y\u00fcks\u0259k s\u0131xma nisb\u0259ti<br \/>\n\u2714IQ i\u015f\u0131qland\u0131rma m\u0259saf\u0259si (gec\u0259 g\u00f6r\u00fcnt\u00fcs\u00fc): 30 metr, Smart IR<br \/>\nROI, SMART H.264+\/H.265+, \u00e7evik kodla\u015fd\u0131rma<br \/>\n\u2714DWDR, 3D NR, HLC, BLC<br \/>\n\u2714Anomaliyalar\u0131n a\u015fkarlanmas\u0131: h\u0259r\u0259k\u0259t a\u015fkarlanmas\u0131, videonun g\u00f6r\u00fcnt\u00fcy\u0259 m\u00fcdaxil\u0259, IP m\u00fcnaqi\u015f\u0259si v\u0259 m\u00fcdaxil\u0259, \u015f\u0259b\u0259k\u0259nin k\u0259silm\u0259si v\u0259 s.<br \/>\n\u2714Enerji t\u0259chizat\u0131: DC12V \/ PoE d\u0259st\u0259yi;<br \/>\n\u2714Qorunma d\u0259r\u0259c\u0259si (IP reytinqi): IP67.<\/p>\n","protected":false},"excerpt":{"rendered":"<p>Dahua DH-IPC-HFW1239S1-LED-0280B-S5 \u2014 2MP \u00e7\u00f6z\u00fcn\u00fcrl\u00fckl\u00fc, r\u0259ngli g\u00f6r\u00fcnt\u00fc t\u0259qdim ed\u0259n v\u0259 gec\u0259-g\u00fcnd\u00fcz m\u00fc\u015fahid\u0259 \u00fc\u00e7\u00fcn n\u0259z\u0259rd\u0259 tutulmu\u015f bullet tipli IP kamerad\u0131r. Bu model, evl\u0259r, ki\u00e7ik biznes obyektl\u0259ri v\u0259 p\u0259rak\u0259nd\u0259 sat\u0131\u015f m\u0259kanlar\u0131 kimi ki\u00e7ik v\u0259 orta \u00f6l\u00e7\u00fcl\u00fc \u0259razil\u0259rin t\u0259hl\u00fck\u0259sizlik m\u00fc\u015fahid\u0259si \u00fc\u00e7\u00fcn ideal se\u00e7imdir.<\/p>\n","protected":false},"featured_media":19150,"comment_status":"open","ping_status":"closed","template":"","meta":[],"product_cat":[4086,2803,5271,2841],"product_tag":[3575,3571,3570,3576,3520,3573,3574,3572,3577],"class_list":{"0":"post-19148","1":"product","2":"type-product","3":"status-publish","4":"has-post-thumbnail","6":"product_cat-dahua","7":"product_cat-ip","8":"product_cat-thluksizlik-kamerasi","9":"product_cat-videonzart","10":"product_tag-dahua","11":"product_tag-dahuaazerbaijan","12":"product_tag-dahuaazrbaycan","13":"product_tag-dahuakameralari","14":"product_tag-siqnalizasiya","15":"product_tag-thluksiz","16":"product_tag-thluksizlikkamerari","17":"product_tag-thluksizyasam","18":"product_tag-ttbiq","19":"description-off","21":"first","22":"instock","23":"shipping-taxable","24":"purchasable","25":"product-type-simple"},"_links":{"self":[{"href":"https:\/\/setap.az\/index.php?rest_route=\/wp\/v2\/product\/19148","targetHints":{"allow":["GET"]}}],"collection":[{"href":"https:\/\/setap.az\/index.php?rest_route=\/wp\/v2\/product"}],"about":[{"href":"https:\/\/setap.az\/index.php?rest_route=\/wp\/v2\/types\/product"}],"replies":[{"embeddable":true,"href":"https:\/\/setap.az\/index.php?rest_route=%2Fwp%2Fv2%2Fcomments&post=19148"}],"wp:featuredmedia":[{"embeddable":true,"href":"https:\/\/setap.az\/index.php?rest_route=\/wp\/v2\/media\/19150"}],"wp:attachment":[{"href":"https:\/\/setap.az\/index.php?rest_route=%2Fwp%2Fv2%2Fmedia&parent=19148"}],"wp:term":[{"taxonomy":"product_cat","embeddable":true,"href":"https:\/\/setap.az\/index.php?rest_route=%2Fwp%2Fv2%2Fproduct_cat&post=19148"},{"taxonomy":"product_tag","embeddable":true,"href":"https:\/\/setap.az\/index.php?rest_route=%2Fwp%2Fv2%2Fproduct_tag&post=19148"}],"curies":[{"name":"wp","href":"https:\/\/api.w.org\/{rel}","templated":true}]}}