{"id":19151,"date":"2025-05-14T13:30:59","date_gmt":"2025-05-14T09:30:59","guid":{"rendered":"https:\/\/setap.az\/?post_type=product&#038;p=19151"},"modified":"2026-02-02T16:39:58","modified_gmt":"2026-02-02T12:39:58","slug":"ds-2ce19h0t-ait3zfc-turbo-hd-camera","status":"publish","type":"product","link":"https:\/\/setap.az\/?product=ds-2ce19h0t-ait3zfc-turbo-hd-camera","title":{"rendered":"DS-2CE19H0T-AIT3ZF(C) &#8211; 5MP Analoq Kamera"},"content":{"rendered":"<p>DS-2CE19H0T-AIT3ZF(C) &#8211; 5MP Analoq T\u0259hl\u00fck\u0259sizlik Kameras\u0131<br \/>\nHikvision DS-2CE19H0T-AIT3ZF(C) \u2014 5 MP (\u22482560\u00d71944) Turbo HD (HD-TVI) bullet (silindrik) tipli kamera:<br \/>\n\u2714 Ana m\u0259qs\u0259d: T\u0259hl\u00fck\u0259sizlik v\u0259 n\u0259zar\u0259t \u00fc\u00e7\u00fcn video monitorinq<br \/>\n\u2714 Tip: Analogue HD-TVI (\u015f\u0259b\u0259k\u0259\/IP deyil)<br \/>\n\u2714 DVR\/XVR il\u0259: HD siqnal DVR-\u0259 qo\u015fulur v\u0259 orada qeyd edilir<br \/>\nQ\u0259tnam\u0259: 5 MP (2560\u00d71944) \u2014 y\u00fcks\u0259k keyfiyy\u0259tli Full HD-d\u0259n yuxar\u0131 g\u00f6r\u00fcnt\u00fc<br \/>\nSensor: 5 MP CMOS<br \/>\nMinimum i\u015f\u0131q: 0.01 Lux (AGC ON) v\u0259 IR zaman\u0131 tam qaranl\u0131qda da g\u00f6r\u00fcnt\u00fc<br \/>\nLens: 2.7 mm \u2013 13.5 mm motorlu varifocal lens (uza\u011f\u0131\/k\u00fc\u00e7\u0259ni DVR-d\u0259n zoomla d\u0259yi\u015fm\u0259k imkan\u0131)<br \/>\nG\u00f6r\u00fc\u015f buca\u011f\u0131 horizontalda \u224895\u00b0\u201326\u00b0 aras\u0131nda d\u0259yi\u015fir<br \/>\nIR gec\u0259g\u00f6rm\u0259: t\u0259xmin\u0259n 40 m m\u0259saf\u0259y\u0259 q\u0259d\u0259r ayd\u0131n gec\u0259 g\u00f6r\u00fcnt\u00fcs\u00fc<br \/>\nIR Cut filter: g\u00fcnd\u00fcz\/ gec\u0259 rejimi \u00fc\u00e7\u00fcn avtomatik ke\u00e7id<br \/>\nDigital WDR: geni\u015f dinamik aral\u0131q<br \/>\nDWDR, BLC \/ HLC: parlaql\u0131q balans\u0131 v\u0259 g\u00f6r\u00fcnt\u00fc t\u0259kmill\u0259\u015fdirm\u0259<br \/>\n2D DNR: s\u0259s-k\u00fcy azald\u0131lmas\u0131<br \/>\nSwitchable siqnal: TVI \/ AHD \/ CVI \/ CVBS \u2014 m\u00fcxt\u0259lif DVR\/XVR sisteml\u0259ri il\u0259 uy\u011funluq<br \/>\nPower: 12 V DC v\u0259 ya 24 VAC (\u00b115 %)<br \/>\nEnerji s\u0259rfiyyat\u0131: max ~8.8 W<br \/>\nKorpus: \u00d6n hiss\u0259 metal, \u0259sas hiss\u0259 plastik \u2014 davaml\u0131 qurulu\u015f<br \/>\nSu\/toz qorunmas\u0131: IP67 \u2014 \u00e7\u00f6l \u015f\u0259raitind\u0259 istifad\u0259y\u0259 uy\u011fun<br \/>\n\u0130\u015f temperaturu: \u221240 \u00b0C \u2026 +60 \u00b0C<br \/>\n\u00d6l\u00e7\u00fc: t\u0259xmin\u0259n 84.5 \u00d7 92 \u00d7 255.1 mm, \u00e7\u0259kisi ~682 g<\/p>\n","protected":false},"excerpt":{"rendered":"<p>Hikvision DS-2CE19H0T-AIT3ZF(C) \u2014 5 MP \u00e7\u00f6z\u00fcn\u00fcrl\u00fckl\u00fc, motorlu varifokal lensli v\u0259 g\u00fccl\u00fc IR gec\u0259 g\u00f6r\u00fcnt\u00fcs\u00fc il\u0259 t\u0259chiz olunmu\u015f Turbo HD bullet tipli t\u0259hl\u00fck\u0259sizlik kameras\u0131d\u0131r. Bu model, daxili v\u0259 xarici m\u00fchitl\u0259rd\u0259 istifad\u0259 \u00fc\u00e7\u00fcn uy\u011fundur v\u0259 daha geni\u015f \u0259razil\u0259rin m\u00fc\u015fahid\u0259si \u00fc\u00e7\u00fcn ideal se\u00e7imdir.<\/p>\n","protected":false},"featured_media":19641,"comment_status":"open","ping_status":"closed","template":"","meta":[],"product_cat":[2802,4016,5271,2841],"product_tag":[3382,3132,2941,3379,2942,3380,3385,3381,3383,2937,3260,2939,2934,3378,3135,3142,3071,3384],"class_list":{"0":"post-19151","1":"product","2":"type-product","3":"status-publish","4":"has-post-thumbnail","6":"product_cat-analoq","7":"product_cat-hikvision","8":"product_cat-thluksizlik-kamerasi","9":"product_cat-videonzart","10":"product_tag-camerainstallation","11":"product_tag-cctv","12":"product_tag-hikvision","13":"product_tag-hikvisioncamera","14":"product_tag-hikvisioncctv","15":"product_tag-hikvisionsecurity","16":"product_tag-hikvisionsolutions","17":"product_tag-hikvisionsystem","18":"product_tag-hikvisiontechnology","19":"product_tag-homesecurity","20":"product_tag-ipcamera","21":"product_tag-securitycamera","22":"product_tag-smartsecurity","23":"product_tag-sumqayithikvision","24":"product_tag-surveillance","25":"product_tag-thluksizlik","26":"product_tag-thluksizlikkameralari","27":"product_tag-videosurveillance","28":"description-off","30":"first","31":"instock","32":"shipping-taxable","33":"purchasable","34":"product-type-simple"},"_links":{"self":[{"href":"https:\/\/setap.az\/index.php?rest_route=\/wp\/v2\/product\/19151","targetHints":{"allow":["GET"]}}],"collection":[{"href":"https:\/\/setap.az\/index.php?rest_route=\/wp\/v2\/product"}],"about":[{"href":"https:\/\/setap.az\/index.php?rest_route=\/wp\/v2\/types\/product"}],"replies":[{"embeddable":true,"href":"https:\/\/setap.az\/index.php?rest_route=%2Fwp%2Fv2%2Fcomments&post=19151"}],"wp:featuredmedia":[{"embeddable":true,"href":"https:\/\/setap.az\/index.php?rest_route=\/wp\/v2\/media\/19641"}],"wp:attachment":[{"href":"https:\/\/setap.az\/index.php?rest_route=%2Fwp%2Fv2%2Fmedia&parent=19151"}],"wp:term":[{"taxonomy":"product_cat","embeddable":true,"href":"https:\/\/setap.az\/index.php?rest_route=%2Fwp%2Fv2%2Fproduct_cat&post=19151"},{"taxonomy":"product_tag","embeddable":true,"href":"https:\/\/setap.az\/index.php?rest_route=%2Fwp%2Fv2%2Fproduct_tag&post=19151"}],"curies":[{"name":"wp","href":"https:\/\/api.w.org\/{rel}","templated":true}]}}