{"id":19161,"date":"2025-05-14T14:30:31","date_gmt":"2025-05-14T10:30:31","guid":{"rendered":"https:\/\/setap.az\/?post_type=product&#038;p=19161"},"modified":"2026-01-12T15:00:18","modified_gmt":"2026-01-12T11:00:18","slug":"dahua-dh-ipc-hfw2241t-zs-2-8-mm","status":"publish","type":"product","link":"https:\/\/setap.az\/?product=dahua-dh-ipc-hfw2241t-zs-2-8-mm","title":{"rendered":"Dahua DH-IPC-HFW2241T-ZS (2.8 mm) 2MP IP Kamera"},"content":{"rendered":"<p> Dahua DH-IPC-HFW2241T-ZS (2.8 mm) 2MP IP T\u0259hl\u00fck\u0259sizlik Kameras\u0131<br \/>\nSensor: 1\/2.8&#8243; 2MP Progressive Scan CMOS<br \/>\nEffektiv Piksel: 1920 \u00d7 1080 (Full HD)<br \/>\nLens: 2.8 mm ~ 12 mm Vari-Focal (Zoom v\u0259 Fokus Ayarlama \u0130mkan\u0131)<br \/>\nBax\u0131\u015f buca\u011f\u0131: H: 108\u00b0~33\u00b0, V: 56\u00b0~19\u00b0, D: 127\u00b0~37\u00b0<br \/>\nIR Gec\u0259 G\u00f6rm\u0259: 60 metr\u0259 q\u0259d\u0259r<br \/>\nStarlight Texnologiyas\u0131 \u2013 Az i\u015f\u0131ql\u0131 \u015f\u0259raitd\u0259 daha ayd\u0131n g\u00f6r\u00fcnt\u00fc!<br \/>\nWDR (120dB) \u2013 G\u00fccl\u00fc i\u015f\u0131q kontrastlar\u0131nda bel\u0259 d\u0259qiq g\u00f6r\u00fcnt\u00fc!<\/p>\n<p> Video v\u0259 S\u0259s X\u00fcsusiyy\u0259tl\u0259ri<br \/>\nH.265 \/ H.264 \/ MJPEG Video S\u0131x\u0131lma \u2013 Daha az yer tutur, y\u00fcks\u0259k keyfiyy\u0259tli video!<br \/>\nSaniy\u0259d\u0259 25\/30 kadr s\u00fcr\u0259tind\u0259 1080p Full HD video qeydiyyat\u0131<br \/>\nDaxili Mikrofon \u2013 Canl\u0131 s\u0259s dinl\u0259m\u0259 imkan\u0131!<br \/>\n3D DNR (R\u0259q\u0259msal S\u0259s Azaltma) \u2013 Daha ayd\u0131n g\u00f6r\u00fcnt\u00fc!<\/p>\n<p> T\u0259hl\u00fck\u0259sizlik v\u0259 Funksional X\u00fcsusiyy\u0259tl\u0259r<br \/>\nH\u0259r\u0259k\u0259t A\u015fkarlama v\u0259 X\u0259b\u0259rdarl\u0131qlar \u2013 G\u00f6zl\u0259nilm\u0259z h\u0259r\u0259k\u0259tl\u0259r zaman\u0131 d\u0259rhal bildiri\u015f al!<br \/>\nAI S\u00fcni \u0130ntellekt Funksiyalar\u0131: \u0130nsan v\u0259 avtomobil a\u015fkarlanmas\u0131!<br \/>\nIP67 Suya v\u0259 Toza Dayan\u0131ql\u0131l\u0131q \u2013 H\u0259r c\u00fcr hava \u015f\u0259raitind\u0259 i\u015fl\u0259m\u0259y\u0259 uy\u011fundur!<br \/>\nPoE (Power over Ethernet) d\u0259st\u0259yi \u2013 G\u00fcc v\u0259 m\u0259lumat\u0131 eyni kabel \u00fcz\u0259rind\u0259n \u00f6t\u00fcrm\u0259 imkan\u0131!<\/p>\n<p> Mobil T\u0259tbiq: Dahua DMSS App (iOS &#038; Android) \u2013 D\u00fcnyan\u0131n ist\u0259nil\u0259n yerind\u0259n idar\u0259 et!<br \/>\n MicroSD kart d\u0259st\u0259yi (256GB-a q\u0259d\u0259r) \u2013 Offline video saxlamaq \u00fc\u00e7\u00fcn!<\/p>\n","protected":false},"excerpt":{"rendered":"<p>Dahua DH-IPC-HFW2241T-ZS (2.8 mm) \u2013 2MP Vari-Focal Bullet IP Kamera<br \/>\n2MP \u00e7\u00f6z\u00fcn\u00fcrl\u00fck, AI s\u00fcni intellekt funksiyalar\u0131, WDR texnologiyas\u0131 v\u0259 60 metr\u0259 q\u0259d\u0259r IR gec\u0259 g\u00f6rm\u0259 qabiliyy\u0259ti il\u0259 pe\u015f\u0259kar t\u0259hl\u00fck\u0259sizlik kameras\u0131d\u0131r. Ofis, anbar, ma\u011faza v\u0259 a\u00e7\u0131q m\u0259kan n\u0259zar\u0259ti \u00fc\u00e7\u00fcn ideal se\u00e7imdir.<\/p>\n","protected":false},"featured_media":19162,"comment_status":"open","ping_status":"closed","template":"","meta":[],"product_cat":[4086,2803,5271,2841],"product_tag":[3575,3571,3570,3576,3520,3573,3574,3572,3577],"class_list":{"0":"post-19161","1":"product","2":"type-product","3":"status-publish","4":"has-post-thumbnail","6":"product_cat-dahua","7":"product_cat-ip","8":"product_cat-thluksizlik-kamerasi","9":"product_cat-videonzart","10":"product_tag-dahua","11":"product_tag-dahuaazerbaijan","12":"product_tag-dahuaazrbaycan","13":"product_tag-dahuakameralari","14":"product_tag-siqnalizasiya","15":"product_tag-thluksiz","16":"product_tag-thluksizlikkamerari","17":"product_tag-thluksizyasam","18":"product_tag-ttbiq","19":"description-off","21":"first","22":"instock","23":"shipping-taxable","24":"purchasable","25":"product-type-simple"},"_links":{"self":[{"href":"https:\/\/setap.az\/index.php?rest_route=\/wp\/v2\/product\/19161","targetHints":{"allow":["GET"]}}],"collection":[{"href":"https:\/\/setap.az\/index.php?rest_route=\/wp\/v2\/product"}],"about":[{"href":"https:\/\/setap.az\/index.php?rest_route=\/wp\/v2\/types\/product"}],"replies":[{"embeddable":true,"href":"https:\/\/setap.az\/index.php?rest_route=%2Fwp%2Fv2%2Fcomments&post=19161"}],"wp:featuredmedia":[{"embeddable":true,"href":"https:\/\/setap.az\/index.php?rest_route=\/wp\/v2\/media\/19162"}],"wp:attachment":[{"href":"https:\/\/setap.az\/index.php?rest_route=%2Fwp%2Fv2%2Fmedia&parent=19161"}],"wp:term":[{"taxonomy":"product_cat","embeddable":true,"href":"https:\/\/setap.az\/index.php?rest_route=%2Fwp%2Fv2%2Fproduct_cat&post=19161"},{"taxonomy":"product_tag","embeddable":true,"href":"https:\/\/setap.az\/index.php?rest_route=%2Fwp%2Fv2%2Fproduct_tag&post=19161"}],"curies":[{"name":"wp","href":"https:\/\/api.w.org\/{rel}","templated":true}]}}