{"id":19163,"date":"2025-05-14T15:49:08","date_gmt":"2025-05-14T11:49:08","guid":{"rendered":"https:\/\/setap.az\/?post_type=product&#038;p=19163"},"modified":"2025-06-26T13:34:25","modified_gmt":"2025-06-26T09:34:25","slug":"dahua-dh-h3d-3f","status":"publish","type":"product","link":"https:\/\/setap.az\/?product=dahua-dh-h3d-3f","title":{"rendered":"Dahua DH-H3D-3F"},"content":{"rendered":"<p> \u018fsas X\u00fcsusiyy\u0259tl\u0259r:<br \/>\nModel: Dahua DH-H3D-3F<br \/>\nKamera Sensoru: 1\/2.8&#8243; 3MP CMOS (\u0130ki linza, \u00fcmumi 6MP g\u00f6r\u00fcnt\u00fc keyfiyy\u0259ti)<br \/>\nEffektiv Piksel: 2 \u00d7 2304 \u00d7 1296<br \/>\nLens: Fiks 2.8 mm lens<br \/>\nBax\u0131\u015f buca\u011f\u0131: Geni\u015f bucaq, tam panoramik g\u00f6r\u00fcnt\u00fc<br \/>\nPTZ Funksiyas\u0131: Pan: 0\u00b0 &#8211; 355\u00b0, Tilt: 0\u00b0 &#8211; 90\u00b0<br \/>\nGec\u0259 G\u00f6rm\u0259: 30 metr\u0259 q\u0259d\u0259r IR infraq\u0131rm\u0131z\u0131 i\u015f\u0131qland\u0131rma<br \/>\nVideo S\u0131x\u0131lma: H.265+ \/ H.264<\/p>\n<p> Gec\u0259 G\u00f6rm\u0259 v\u0259 Ayd\u0131n G\u00f6r\u00fcnt\u00fc<br \/>\n\u0130ki kamera modulu il\u0259 3+3MP y\u00fcks\u0259k keyfiyy\u0259tli g\u00f6r\u00fcnt\u00fc<br \/>\n30 metr\u0259 q\u0259d\u0259r IR gec\u0259 g\u00f6rm\u0259 \u2013 Qaranl\u0131qda bel\u0259 ayd\u0131n t\u0259svir!<br \/>\nH.265+ Video S\u0131x\u0131lma Texnologiyas\u0131 \u2013 Yadda\u015fa q\u0259na\u0259t v\u0259 daha uzunm\u00fcdd\u0259tli qeydl\u0259r!<br \/>\nWDR v\u0259 3D DNR texnologiyas\u0131<br \/>\n6MP (3+3MP) Super HD video qeydiyyat\u0131 \u2013 Ayd\u0131n v\u0259 detall\u0131 g\u00f6r\u00fcnt\u00fc!<br \/>\n\u0130kit\u0259r\u0259fli Audio D\u0259st\u0259yi \u2013 Mikrofon v\u0259 dinamik il\u0259 qar\u015f\u0131l\u0131ql\u0131 dan\u0131\u015f\u0131q imkan\u0131!<br \/>\n360\u00b0 Panoramik G\u00f6r\u00fcnt\u00fc \u2013 Ota\u011f\u0131n h\u0259r t\u0259r\u0259fini izl\u0259m\u0259k \u00fc\u00e7\u00fcn ideal!<br \/>\nReal-Time Live Yay\u0131m v\u0259 Mobil N\u0259zar\u0259t \u2013 D\u00fcnyan\u0131n ist\u0259nil\u0259n yerind\u0259n izl\u0259m\u0259 imkan\u0131!<\/p>\n<p>H\u0259r\u0259k\u0259t A\u015fkarlama v\u0259 A\u011f\u0131ll\u0131 Bildiri\u015fl\u0259r \u2013 T\u0259hl\u00fck\u0259 an\u0131nda ani x\u0259b\u0259rdarl\u0131qlar!<br \/>\n\u0130nsan A\u015fkarlama v\u0259 A\u011f\u0131ll\u0131 \u0130zl\u0259m\u0259 \u2013 \u015e\u00fcbh\u0259li \u015f\u0259xsl\u0259ri avtomatik izl\u0259m\u0259!<br \/>\nS\u0259s v\u0259 \u0130\u015f\u0131q Siqnalizasiya Funksiyas\u0131 \u2013 Nam\u0259lum \u015f\u0259xsl\u0259ri uzaqla\u015fd\u0131rmaq \u00fc\u00e7\u00fcn s\u0259sli v\u0259 i\u015f\u0131ql\u0131 x\u0259b\u0259rdarl\u0131q!<br \/>\nM\u0259xfilik Rejimi \u2013 Kamera obyektivini ba\u011flamaq imkan\u0131!<\/p>\n<p>Wi-Fi v\u0259 LAN d\u0259st\u0259yi (IEEE 802.11 b\/g\/n, 2.4 GHz) \u2013 Kabelsiz rahat ba\u011flant\u0131!<br \/>\nONVIF d\u0259st\u0259yi \u2013 Dig\u0259r t\u0259hl\u00fck\u0259sizlik sisteml\u0259ri il\u0259 uy\u011funluq!<\/p>\n<p>MicroSD kart d\u0259st\u0259yi (256GB-a q\u0259d\u0259r) \u2013 Offline video saxlamaq \u00fc\u00e7\u00fcn!<br \/>\nBulud yadda\u015f d\u0259st\u0259yi \u2013 Videolar\u0131n\u0131z\u0131 internetd\u0259 t\u0259hl\u00fck\u0259siz saxlay\u0131n!<\/p>\n","protected":false},"excerpt":{"rendered":"<p>Dahua DH-H3D-3F \u2013 Mini-PT (Pan-Tilt) funksiyas\u0131 il\u0259 t\u0259chiz olunmu\u015f, 3+3MP y\u00fcks\u0259k keyfiyy\u0259tli g\u00f6r\u00fcnt\u00fc, geni\u015f bax\u0131\u015f buca\u011f\u0131 v\u0259 a\u011f\u0131ll\u0131 t\u0259hl\u00fck\u0259sizlik x\u00fcsusiyy\u0259tl\u0259ri t\u0259qdim ed\u0259n m\u00fcasir bir IP kamerad\u0131r. Evinizd\u0259, ofisinizd\u0259 v\u0259 dig\u0259r obyektl\u0259rinizd\u0259 t\u0259hl\u00fck\u0259sizliyi t\u0259min etm\u0259k \u00fc\u00e7\u00fcn ideal bir se\u00e7imdir.<\/p>\n","protected":false},"featured_media":19164,"comment_status":"open","ping_status":"closed","template":"","meta":[],"product_cat":[4086,2849,2862],"product_tag":[3575,3571,3570,3595,3520,3573,3574,3572],"class_list":{"0":"post-19163","1":"product","2":"type-product","3":"status-publish","4":"has-post-thumbnail","6":"product_cat-dahua","7":"product_cat-videokameralar","8":"product_cat-wifi-kameralar","9":"product_tag-dahua","10":"product_tag-dahuaazerbaijan","11":"product_tag-dahuaazrbaycan","12":"product_tag-dahuakamera","13":"product_tag-siqnalizasiya","14":"product_tag-thluksiz","15":"product_tag-thluksizlikkamerari","16":"product_tag-thluksizyasam","17":"description-off","19":"first","20":"instock","21":"shipping-taxable","22":"purchasable","23":"product-type-simple"},"_links":{"self":[{"href":"https:\/\/setap.az\/index.php?rest_route=\/wp\/v2\/product\/19163","targetHints":{"allow":["GET"]}}],"collection":[{"href":"https:\/\/setap.az\/index.php?rest_route=\/wp\/v2\/product"}],"about":[{"href":"https:\/\/setap.az\/index.php?rest_route=\/wp\/v2\/types\/product"}],"replies":[{"embeddable":true,"href":"https:\/\/setap.az\/index.php?rest_route=%2Fwp%2Fv2%2Fcomments&post=19163"}],"wp:featuredmedia":[{"embeddable":true,"href":"https:\/\/setap.az\/index.php?rest_route=\/wp\/v2\/media\/19164"}],"wp:attachment":[{"href":"https:\/\/setap.az\/index.php?rest_route=%2Fwp%2Fv2%2Fmedia&parent=19163"}],"wp:term":[{"taxonomy":"product_cat","embeddable":true,"href":"https:\/\/setap.az\/index.php?rest_route=%2Fwp%2Fv2%2Fproduct_cat&post=19163"},{"taxonomy":"product_tag","embeddable":true,"href":"https:\/\/setap.az\/index.php?rest_route=%2Fwp%2Fv2%2Fproduct_tag&post=19163"}],"curies":[{"name":"wp","href":"https:\/\/api.w.org\/{rel}","templated":true}]}}