{"id":19167,"date":"2025-05-14T16:18:17","date_gmt":"2025-05-14T12:18:17","guid":{"rendered":"https:\/\/setap.az\/?post_type=product&#038;p=19167"},"modified":"2026-01-12T14:54:32","modified_gmt":"2026-01-12T10:54:32","slug":"dahua-dh-ipc-hdw2249t-s","status":"publish","type":"product","link":"https:\/\/setap.az\/?product=dahua-dh-ipc-hdw2249t-s","title":{"rendered":"Dahua DH-IPC-HDW2249T-S 2MP IP Kamera"},"content":{"rendered":"<p>Dahua DH-IPC-HDW2249T-S-LED 2MP IP Kamera \u2013 A\u011f\u0131ll\u0131 t\u0259hl\u00fck\u0259sizlik, ultra ayd\u0131n g\u00f6r\u00fcnt\u00fc!<br \/>\n \u018fSAS X\u00dcSUS\u0130YY\u018fTL\u018fR:<br \/>\n 2MP Full-Color HD Kamera \u2013 Ayd\u0131n v\u0259 r\u0259ngli g\u00f6r\u00fcnt\u00fc, gec\u0259 v\u0259 g\u00fcnd\u00fcz!<br \/>\n Full-Color Gec\u0259 G\u00f6rm\u0259 (LED d\u0259st\u0259yi) \u2013 Qaranl\u0131qda bel\u0259 r\u0259ngli g\u00f6r\u00fcnt\u00fc!<br \/>\n A\u011f\u0131ll\u0131 LED \u0130\u015f\u0131qland\u0131rma \u2013 H\u0259r\u0259k\u0259t a\u015fkarland\u0131qda avtomatik i\u015f\u0131q yan\u0131r!<br \/>\n H\u0259r\u0259k\u0259t v\u0259 Anomal A\u015fkarlama \u2013 D\u0259rhal bildiri\u015f al\u0131n v\u0259 t\u0259dbir g\u00f6r\u00fcn!<br \/>\n \u0130kit\u0259r\u0259fli S\u0259s Rabit\u0259si \u2013 Kameradan dan\u0131\u015f\u0131n v\u0259 uzaqdan n\u0259zar\u0259t edin!<br \/>\n G\u00fccl\u00fc Wi-Fi v\u0259 LAN Ba\u011flant\u0131s\u0131 \u2013 Stabil v\u0259 s\u00fcr\u0259tli rabit\u0259!<br \/>\n H.265 Video S\u0131x\u0131lma Texnologiyas\u0131 \u2013 Daha az yadda\u015f, daha y\u00fcks\u0259k keyfiyy\u0259t!<br \/>\n 256GB-a q\u0259d\u0259r MicroSD Kart D\u0259st\u0259yi \u2013 Uzunm\u00fcdd\u0259tli video yadda\u015f\u0131!<br \/>\n Suya v\u0259 Toza Davaml\u0131 IP67 Korpus \u2013 \u00c7\u0259tin hava \u015f\u0259raitin\u0259 qar\u015f\u0131 m\u00f6hk\u0259m qoruma!<br \/>\n Dahua Mobil T\u0259tbiqi (iOS &#038; Android) \u2013 D\u00fcnyan\u0131n ist\u0259nil\u0259n yerind\u0259n idar\u0259 edin!<\/p>\n","protected":false},"excerpt":{"rendered":"<p>Dahua DH-IPC-HDW2249T-S-IL \u2014 2MP \u00e7\u00f6z\u00fcn\u00fcrl\u00fckl\u00fc, a\u011f\u0131ll\u0131 dual i\u015f\u0131qland\u0131rma texnologiyas\u0131na malik, WizSense seriyas\u0131na daxil olan dome tipli IP t\u0259hl\u00fck\u0259sizlik kameras\u0131d\u0131r. Bu model, gec\u0259 v\u0259 g\u00fcnd\u00fcz r\u0259ngli m\u00fc\u015fahid\u0259 imkan\u0131 t\u0259qdim edir v\u0259 a\u011f\u0131ll\u0131 analiz funksiyalar\u0131 il\u0259 t\u0259chiz olunmu\u015fdur.<\/p>\n","protected":false},"featured_media":19168,"comment_status":"open","ping_status":"closed","template":"","meta":[],"product_cat":[4086,2803,2841],"product_tag":[3592,3591,3571,3570,3576,3589,3578,3588,3590,3574,3593],"class_list":{"0":"post-19167","1":"product","2":"type-product","3":"status-publish","4":"has-post-thumbnail","6":"product_cat-dahua","7":"product_cat-ip","8":"product_cat-videonzart","9":"product_tag-bizneshllr","10":"product_tag-biznesucun","11":"product_tag-dahuaazerbaijan","12":"product_tag-dahuaazrbaycan","13":"product_tag-dahuakameralari","14":"product_tag-dahuasiqnalizasiya","15":"product_tag-hllr","16":"product_tag-rahathyat","17":"product_tag-simsiz","18":"product_tag-thluksizlikkamerari","19":"product_tag-yenilik","20":"description-off","22":"first","23":"instock","24":"shipping-taxable","25":"purchasable","26":"product-type-simple"},"_links":{"self":[{"href":"https:\/\/setap.az\/index.php?rest_route=\/wp\/v2\/product\/19167","targetHints":{"allow":["GET"]}}],"collection":[{"href":"https:\/\/setap.az\/index.php?rest_route=\/wp\/v2\/product"}],"about":[{"href":"https:\/\/setap.az\/index.php?rest_route=\/wp\/v2\/types\/product"}],"replies":[{"embeddable":true,"href":"https:\/\/setap.az\/index.php?rest_route=%2Fwp%2Fv2%2Fcomments&post=19167"}],"wp:featuredmedia":[{"embeddable":true,"href":"https:\/\/setap.az\/index.php?rest_route=\/wp\/v2\/media\/19168"}],"wp:attachment":[{"href":"https:\/\/setap.az\/index.php?rest_route=%2Fwp%2Fv2%2Fmedia&parent=19167"}],"wp:term":[{"taxonomy":"product_cat","embeddable":true,"href":"https:\/\/setap.az\/index.php?rest_route=%2Fwp%2Fv2%2Fproduct_cat&post=19167"},{"taxonomy":"product_tag","embeddable":true,"href":"https:\/\/setap.az\/index.php?rest_route=%2Fwp%2Fv2%2Fproduct_tag&post=19167"}],"curies":[{"name":"wp","href":"https:\/\/api.w.org\/{rel}","templated":true}]}}