{"id":19169,"date":"2025-05-14T16:29:15","date_gmt":"2025-05-14T12:29:15","guid":{"rendered":"https:\/\/setap.az\/?post_type=product&#038;p=19169"},"modified":"2026-01-12T10:56:58","modified_gmt":"2026-01-12T06:56:58","slug":"19169","status":"publish","type":"product","link":"https:\/\/setap.az\/?product=19169","title":{"rendered":"Hikvision 2CE56D8T-IRS 2MP Analoq Kamera"},"content":{"rendered":"<p>Hikvision 2CE56D8T-IRS 2MP Analoq T\u0259hl\u00fck\u0259sizlik Kameras\u0131<br \/>\n\u018fsas X\u00fcsusiyy\u0259tl\u0259r:<br \/>\n\u00c7\u00f6z\u00fcn\u00fcrl\u00fck: 2 MP (1920 \u00d7 1080 piksel)<br \/>\nLens: 2.8 mm, 3.6 mm v\u0259 ya 6 mm sabit fokuslu lens se\u00e7imi<br \/>\nGec\u0259 G\u00f6r\u00fc\u015f\u00fc: EXIR 2.0 texnologiyas\u0131 il\u0259 20 metr\u0259 q\u0259d\u0259r IR i\u015f\u0131qland\u0131rma<br \/>\nA\u015fa\u011f\u0131 \u0130\u015f\u0131q H\u0259ssasiyy\u0259ti: 0.005 Lux @ (F1.2, AGC ON), 0 Lux IR aktiv olduqda<br \/>\nGeni\u015f Dinamik Aral\u0131q (WDR): 120 dB h\u0259qiqi WDR texnologiyas\u0131 il\u0259 parlaq v\u0259 qaranl\u0131q sah\u0259l\u0259rd\u0259 balansl\u0131 g\u00f6r\u00fcnt\u00fc<br \/>\nS\u0259s: Daxili mikrofon il\u0259 s\u0259sli m\u00fc\u015fahid\u0259 imkan\u0131<br \/>\nVideo \u00c7\u0131x\u0131\u015f\u0131: TVI, AHD, CVI v\u0259 CVBS formatlar\u0131<br \/>\n\u018flav\u0259 Funksiyalar: 3D DNR (r\u0259q\u0259msal s\u0259s-k\u00fcy azald\u0131lmas\u0131), OSD menyu, a\u011f\u0131ll\u0131 IR<br \/>\nQoruma S\u0259viyy\u0259si: IP67 (toz v\u0259 suya qar\u015f\u0131 davaml\u0131)<br \/>\n\u0130\u015fl\u0259m\u0259 Temperaturu: -40\u00b0C-d\u0259n +60\u00b0C-y\u0259 q\u0259d\u0259r<br \/>\nEnerji T\u0259chizat\u0131: 12 VDC \u00b115%, maksimal g\u00fcc istehlak\u0131 5 W<br \/>\n\u00d6l\u00e7\u00fcl\u0259r v\u0259 \u00c7\u0259ki: 97 mm \u00d7 99.5 mm \u00d7 46.6 mm, t\u0259xmin\u0259n 300 q<\/p>\n","protected":false},"excerpt":{"rendered":"<p>Hikvision DS-2CE56D8T-IRS \u2014 2 MP \u00e7\u00f6z\u00fcn\u00fcrl\u00fckl\u00fc, ultra a\u015fa\u011f\u0131 i\u015f\u0131q h\u0259ssasiyy\u0259tin\u0259 malik v\u0259 daxili mikrofonlu dome tipli Turbo HD t\u0259hl\u00fck\u0259sizlik kameras\u0131d\u0131r. Bu model, gec\u0259 v\u0259 g\u00fcnd\u00fcz \u015f\u0259raitind\u0259 y\u00fcks\u0259k keyfiyy\u0259tli g\u00f6r\u00fcnt\u00fcl\u0259r t\u0259qdim edir v\u0259 daxili m\u00fc\u015fahid\u0259 sisteml\u0259ri \u00fc\u00e7\u00fcn ideal se\u00e7imdir.<\/p>\n","protected":false},"featured_media":19170,"comment_status":"open","ping_status":"closed","template":"","meta":[],"product_cat":[2802,4016,5271],"product_tag":[3382,3132,2941,3379,2942,3380,3385,3381,3383,2937,3260,2939,2934,3378,3135,3142,3071,3384],"class_list":{"0":"post-19169","1":"product","2":"type-product","3":"status-publish","4":"has-post-thumbnail","6":"product_cat-analoq","7":"product_cat-hikvision","8":"product_cat-thluksizlik-kamerasi","9":"product_tag-camerainstallation","10":"product_tag-cctv","11":"product_tag-hikvision","12":"product_tag-hikvisioncamera","13":"product_tag-hikvisioncctv","14":"product_tag-hikvisionsecurity","15":"product_tag-hikvisionsolutions","16":"product_tag-hikvisionsystem","17":"product_tag-hikvisiontechnology","18":"product_tag-homesecurity","19":"product_tag-ipcamera","20":"product_tag-securitycamera","21":"product_tag-smartsecurity","22":"product_tag-sumqayithikvision","23":"product_tag-surveillance","24":"product_tag-thluksizlik","25":"product_tag-thluksizlikkameralari","26":"product_tag-videosurveillance","27":"description-off","29":"first","30":"instock","31":"shipping-taxable","32":"purchasable","33":"product-type-simple"},"_links":{"self":[{"href":"https:\/\/setap.az\/index.php?rest_route=\/wp\/v2\/product\/19169","targetHints":{"allow":["GET"]}}],"collection":[{"href":"https:\/\/setap.az\/index.php?rest_route=\/wp\/v2\/product"}],"about":[{"href":"https:\/\/setap.az\/index.php?rest_route=\/wp\/v2\/types\/product"}],"replies":[{"embeddable":true,"href":"https:\/\/setap.az\/index.php?rest_route=%2Fwp%2Fv2%2Fcomments&post=19169"}],"wp:featuredmedia":[{"embeddable":true,"href":"https:\/\/setap.az\/index.php?rest_route=\/wp\/v2\/media\/19170"}],"wp:attachment":[{"href":"https:\/\/setap.az\/index.php?rest_route=%2Fwp%2Fv2%2Fmedia&parent=19169"}],"wp:term":[{"taxonomy":"product_cat","embeddable":true,"href":"https:\/\/setap.az\/index.php?rest_route=%2Fwp%2Fv2%2Fproduct_cat&post=19169"},{"taxonomy":"product_tag","embeddable":true,"href":"https:\/\/setap.az\/index.php?rest_route=%2Fwp%2Fv2%2Fproduct_tag&post=19169"}],"curies":[{"name":"wp","href":"https:\/\/api.w.org\/{rel}","templated":true}]}}