{"id":19193,"date":"2025-05-15T12:28:47","date_gmt":"2025-05-15T08:28:47","guid":{"rendered":"https:\/\/setap.az\/?post_type=product&#038;p=19193"},"modified":"2025-06-26T14:05:46","modified_gmt":"2025-06-26T10:05:46","slug":"hikvision-ds-2ce79d3t-it3zf-2-7-135-mm","status":"publish","type":"product","link":"https:\/\/setap.az\/?product=hikvision-ds-2ce79d3t-it3zf-2-7-135-mm","title":{"rendered":"Hikvision DS-2CE79D3T-IT3ZF (2.7-13,5 mm)"},"content":{"rendered":"<p>Hikvision DS-2CE79D3T-IT3ZF (2.7-13,5 mm)<br \/>\n&#8211; \u00c7oxformatl\u0131 TurboHD videokamera<br \/>\n&#8211; G\u00f6r\u00fcnt\u00fc keyfiyy\u0259ti: 2MP<br \/>\n&#8211; \u0130nfraq\u0131rm\u0131z\u0131 i\u015f\u0131qland\u0131rmal\u0131<br \/>\n&#8211; F\u0259rdi ev, ofis v\u0259 ya m\u00fc\u0259ssis\u0259 \u0259razisind\u0259<br \/>\nvideo n\u0259zar\u0259tin t\u0259\u015fkili \u00fc\u00e7\u00fcn \u0259la se\u00e7imdir<br \/>\n&#8211; Korpus material\u0131: Metal<br \/>\n&#8211; Video m\u00fc\u015fahid\u0259 keyfiyy\u0259ti: 1920 x 1080<br \/>\n&#8211; IR i\u015f\u0131qland\u0131rma: 70m<br \/>\n&#8211; Fokus m\u0259saf\u0259si: 2.7-13.5 mm<br \/>\n&#8211; \u0130\u015f temperaturu: -40*C\/+60*C<\/p>\n","protected":false},"excerpt":{"rendered":"<p>Hikvision DS-2CE79D3T-IT3ZF (2.7\u201313.5 mm) \u2014 2 MP \u00e7\u00f6z\u00fcn\u00fcrl\u00fckl\u00fc, motorlu varifokal lensli, EXIR 2.0 infraq\u0131rm\u0131z\u0131 texnologiyas\u0131 il\u0259 t\u0259chiz olunmu\u015f turret tipli analoq t\u0259hl\u00fck\u0259sizlik kameras\u0131d\u0131r. Bu model, gec\u0259 v\u0259 g\u00fcnd\u00fcz \u015f\u0259raitind\u0259 y\u00fcks\u0259k keyfiyy\u0259tli g\u00f6r\u00fcnt\u00fcl\u0259r t\u0259qdim edir v\u0259 daxili v\u0259 xarici m\u00fchitl\u0259rd\u0259 t\u0259hl\u00fck\u0259sizlik m\u00fc\u015fahid\u0259si \u00fc\u00e7\u00fcn ideal se\u00e7imdir <\/p>\n","protected":false},"featured_media":19194,"comment_status":"open","ping_status":"closed","template":"","meta":[],"product_cat":[4016,2849],"product_tag":[3382,3132,3379,3380,3385,3381,3383,2937,3260,2939,2934,3135,3142,3071,3384],"class_list":{"0":"post-19193","1":"product","2":"type-product","3":"status-publish","4":"has-post-thumbnail","6":"product_cat-hikvision","7":"product_cat-videokameralar","8":"product_tag-camerainstallation","9":"product_tag-cctv","10":"product_tag-hikvisioncamera","11":"product_tag-hikvisionsecurity","12":"product_tag-hikvisionsolutions","13":"product_tag-hikvisionsystem","14":"product_tag-hikvisiontechnology","15":"product_tag-homesecurity","16":"product_tag-ipcamera","17":"product_tag-securitycamera","18":"product_tag-smartsecurity","19":"product_tag-surveillance","20":"product_tag-thluksizlik","21":"product_tag-thluksizlikkameralari","22":"product_tag-videosurveillance","23":"description-off","25":"first","26":"instock","27":"shipping-taxable","28":"purchasable","29":"product-type-simple"},"_links":{"self":[{"href":"https:\/\/setap.az\/index.php?rest_route=\/wp\/v2\/product\/19193","targetHints":{"allow":["GET"]}}],"collection":[{"href":"https:\/\/setap.az\/index.php?rest_route=\/wp\/v2\/product"}],"about":[{"href":"https:\/\/setap.az\/index.php?rest_route=\/wp\/v2\/types\/product"}],"replies":[{"embeddable":true,"href":"https:\/\/setap.az\/index.php?rest_route=%2Fwp%2Fv2%2Fcomments&post=19193"}],"wp:featuredmedia":[{"embeddable":true,"href":"https:\/\/setap.az\/index.php?rest_route=\/wp\/v2\/media\/19194"}],"wp:attachment":[{"href":"https:\/\/setap.az\/index.php?rest_route=%2Fwp%2Fv2%2Fmedia&parent=19193"}],"wp:term":[{"taxonomy":"product_cat","embeddable":true,"href":"https:\/\/setap.az\/index.php?rest_route=%2Fwp%2Fv2%2Fproduct_cat&post=19193"},{"taxonomy":"product_tag","embeddable":true,"href":"https:\/\/setap.az\/index.php?rest_route=%2Fwp%2Fv2%2Fproduct_tag&post=19193"}],"curies":[{"name":"wp","href":"https:\/\/api.w.org\/{rel}","templated":true}]}}