{"id":19195,"date":"2025-05-15T12:35:29","date_gmt":"2025-05-15T08:35:29","guid":{"rendered":"https:\/\/setap.az\/?post_type=product&#038;p=19195"},"modified":"2026-01-10T17:43:11","modified_gmt":"2026-01-10T13:43:11","slug":"ds-2ce16d8t-it3zf","status":"publish","type":"product","link":"https:\/\/setap.az\/?product=ds-2ce16d8t-it3zf","title":{"rendered":"DS-2CE16D8T-IT3ZF 2MP Analoq Kamera"},"content":{"rendered":"<p>Hikvision DS\u20112CE16D8T\u2011IT3ZF 2MP Analoq (Turbo\u202fHD \/ HD\u2011TVI) tipli t\u0259hl\u00fck\u0259sizlik kameras\u0131<br \/>\n\u00c7\u00f6z\u00fcn\u00fcrl\u00fck: 2\u202fMP (1920\u00d71080 Full HD) \u2014 ayd\u0131n g\u00f6r\u00fcnt\u00fc.<br \/>\nSensor: 1\/3\u2033 Progressive Scan CMOS \u2014 y\u00fcks\u0259k keyfiyy\u0259tli g\u00f6r\u00fcnt\u00fc emal\u0131.<br \/>\nG\u00fcnd\u00fcz\/Gec\u0259 rejimi: ICR (Auto Day\/Night).<br \/>\nLens: 2.7\u201313.5\u202fmm motorlu varifocal lens (y\u0259ni zoom\/uzaqdan fokuslama \u00fc\u00e7\u00fcn DVR\u2011d\u0259n idar\u0259 oluna bil\u0259r).<br \/>\nFOV (bax\u0131\u015f buca\u011f\u0131): t\u0259xmin\u0259n 103\u00b0 \u2192 32.1\u00b0 aras\u0131 (zoom il\u0259 d\u0259yi\u015fir).<br \/>\nEXIR 2.0 IR \u2014 inki\u015faf etmi\u015f infraq\u0131rm\u0131z\u0131 gec\u0259 g\u00f6rm\u0259.<br \/>\nIR m\u0259saf\u0259si: t\u0259xmin\u0259n 80\u202fm\u2011\u0259 q\u0259d\u0259r gec\u0259 g\u00f6r\u00fcnt\u00fcs\u00fc.<br \/>\nUltra Low Light: \u00e7ox az i\u015f\u0131qda da t\u0259svir \u0259ld\u0259 etm\u0259 qabiliyy\u0259ti.<br \/>\nTrue WDR (~130\u202fdB): arxa i\u015f\u0131q, kontrastl\u0131 s\u0259hn\u0259l\u0259rd\u0259 daha balansl\u0131 g\u00f6r\u00fcnt\u00fc.<br \/>\n3D DNR: s\u0259s\u2011k\u00fcy\u00fc azald\u0131r, daha t\u0259miz video.<br \/>\nBLC \/ HLC: parlaql\u0131q d\u00fcz\u0259li\u015fi.<br \/>\n4\u2011\u00fc 1\u2011d\u0259 \u00e7\u0131x\u0131\u015f (TVI\/AHD\/CVI\/CVBS): m\u00fcxt\u0259lif DVR\/XVR sisteml\u0259ri il\u0259 uy\u011funluq.<br \/>\nKorpus: Bullet (silindrik) tipli kamera.<br \/>\nQorunma: IP67 \u2014 toz v\u0259 suya qar\u015f\u0131 y\u00fcks\u0259k s\u0259viyy\u0259d\u0259 qorunma.<br \/>\nMaterial: Metal korpus.<br \/>\n\u018fm\u0259liyyat \u015f\u0259raiti: \u221240\u202f\u00b0C \u2026 +60\u202f\u00b0C.<br \/>\nEnerji: 12\u202fV DC, max ~7.5\u202fW.<\/p>\n","protected":false},"excerpt":{"rendered":"<p>Hikvision DS-2CE16D8T-IT3ZF \u2014 2 MP \u00e7\u00f6z\u00fcn\u00fcrl\u00fckl\u00fc, motorlu varifokal lensli v\u0259 ultra a\u015fa\u011f\u0131 i\u015f\u0131q h\u0259ssasiyy\u0259tin\u0259 malik bullet tipli analoq t\u0259hl\u00fck\u0259sizlik kameras\u0131d\u0131r. Bu model, gec\u0259 v\u0259 g\u00fcnd\u00fcz \u015f\u0259raitind\u0259 y\u00fcks\u0259k keyfiyy\u0259tli g\u00f6r\u00fcnt\u00fcl\u0259r t\u0259qdim edir v\u0259 daxili v\u0259 xarici m\u00fchitl\u0259rd\u0259 t\u0259hl\u00fck\u0259sizlik m\u00fc\u015fahid\u0259si \u00fc\u00e7\u00fcn ideal se\u00e7imdir .<\/p>\n","protected":false},"featured_media":19196,"comment_status":"open","ping_status":"closed","template":"","meta":[],"product_cat":[2802,4016,5271,2841],"product_tag":[3382,3132,2941,3379,3380,3385,3381,3383,2937,3260,2939,2934,3378,3135,3142,3071,3597],"class_list":{"0":"post-19195","1":"product","2":"type-product","3":"status-publish","4":"has-post-thumbnail","6":"product_cat-analoq","7":"product_cat-hikvision","8":"product_cat-thluksizlik-kamerasi","9":"product_cat-videonzart","10":"product_tag-camerainstallation","11":"product_tag-cctv","12":"product_tag-hikvision","13":"product_tag-hikvisioncamera","14":"product_tag-hikvisionsecurity","15":"product_tag-hikvisionsolutions","16":"product_tag-hikvisionsystem","17":"product_tag-hikvisiontechnology","18":"product_tag-homesecurity","19":"product_tag-ipcamera","20":"product_tag-securitycamera","21":"product_tag-smartsecurity","22":"product_tag-sumqayithikvision","23":"product_tag-surveillance","24":"product_tag-thluksizlik","25":"product_tag-thluksizlikkameralari","26":"product_tag-videosurveillancewifikamera","27":"description-off","29":"first","30":"instock","31":"shipping-taxable","32":"purchasable","33":"product-type-simple"},"_links":{"self":[{"href":"https:\/\/setap.az\/index.php?rest_route=\/wp\/v2\/product\/19195","targetHints":{"allow":["GET"]}}],"collection":[{"href":"https:\/\/setap.az\/index.php?rest_route=\/wp\/v2\/product"}],"about":[{"href":"https:\/\/setap.az\/index.php?rest_route=\/wp\/v2\/types\/product"}],"replies":[{"embeddable":true,"href":"https:\/\/setap.az\/index.php?rest_route=%2Fwp%2Fv2%2Fcomments&post=19195"}],"wp:featuredmedia":[{"embeddable":true,"href":"https:\/\/setap.az\/index.php?rest_route=\/wp\/v2\/media\/19196"}],"wp:attachment":[{"href":"https:\/\/setap.az\/index.php?rest_route=%2Fwp%2Fv2%2Fmedia&parent=19195"}],"wp:term":[{"taxonomy":"product_cat","embeddable":true,"href":"https:\/\/setap.az\/index.php?rest_route=%2Fwp%2Fv2%2Fproduct_cat&post=19195"},{"taxonomy":"product_tag","embeddable":true,"href":"https:\/\/setap.az\/index.php?rest_route=%2Fwp%2Fv2%2Fproduct_tag&post=19195"}],"curies":[{"name":"wp","href":"https:\/\/api.w.org\/{rel}","templated":true}]}}