{"id":19197,"date":"2025-05-15T12:49:03","date_gmt":"2025-05-15T08:49:03","guid":{"rendered":"https:\/\/setap.az\/?post_type=product&#038;p=19197"},"modified":"2026-01-12T13:22:13","modified_gmt":"2026-01-12T09:22:13","slug":"dahua-dh-ipc-hdw1230t1-a","status":"publish","type":"product","link":"https:\/\/setap.az\/?product=dahua-dh-ipc-hdw1230t1-a","title":{"rendered":"Dahua DH-IPC-HDW1230T1-A 2MP IP Kamera"},"content":{"rendered":"<p>Dahua DH-IPC-HDW1230T1-A 2MP IP T\u0259hl\u00fck\u0259sizlik Kameras\u0131<br \/>\n\u2714Matris: 1\/2.7&#8243; 2MP Progressive Scan CMOS<br \/>\n\u2714Effektiv Piksel: 1920 \u00d7 1080 (Full HD)<br \/>\n\u2714Lens: 2.8 mm (sabit) \u2013 geni\u015f bax\u0131\u015f buca\u011f\u0131<br \/>\n\u2714Bax\u0131\u015f buca\u011f\u0131: H: 103\u00b0, V: 55\u00b0, D: 122\u00b0<br \/>\n\ud83d\udd39Gec\u0259 G\u00f6rm\u0259 v\u0259 \u0130\u015f\u0131qland\u0131rma<br \/>\n\u271430 metr\u0259 q\u0259d\u0259r IR Gec\u0259 G\u00f6rm\u0259 \u2013 Qaranl\u0131qda da y\u00fcks\u0259k keyfiyy\u0259tli g\u00f6r\u00fcnt\u00fc!<br \/>\n\u2714IR LED-l\u0259r avtomatik aktivl\u0259\u015fir v\u0259 a\u015fa\u011f\u0131 i\u015f\u0131qland\u0131rma \u015f\u0259raitind\u0259 effektiv i\u015fl\u0259yir.<br \/>\n\ud83d\udd39 Video v\u0259 S\u0259s X\u00fcsusiyy\u0259tl\u0259ri<br \/>\n\u2714H.265 \/ H.264 Video S\u0131x\u0131lma Texnologiyas\u0131 \u2013 Daha az yer tutur, daha \u00e7ox keyfiyy\u0259t t\u0259min edir.<br \/>\n\u2714Saniy\u0259d\u0259 25\/30 kadr s\u00fcr\u0259tind\u0259 1080p Full HD video qeydiyyat\u0131.<br \/>\n\u2714Geni\u015f dinamik diapazon (DWDR) v\u0259 3D DNR (R\u0259q\u0259msal S\u0259s Azaltma) texnologiyas\u0131 il\u0259 ayd\u0131n g\u00f6r\u00fcnt\u00fc.<br \/>\n\u2714Daxili Mikrofon v\u0259 \u0130kit\u0259r\u0259fli S\u0259s Rabit\u0259si \u2013 Kameradan dan\u0131\u015fmaq v\u0259 s\u0259si e\u015fitm\u0259k imkan\u0131!<br \/>\n\ud83d\udd39 T\u0259hl\u00fck\u0259sizlik v\u0259 Funksional X\u00fcsusiyy\u0259tl\u0259r<br \/>\n\u2714H\u0259r\u0259k\u0259t A\u015fkarlama v\u0259 Anomal X\u0259b\u0259rdarl\u0131qlar \u2013 H\u0259r\u0259k\u0259t oldu\u011fu zaman x\u0259b\u0259rdarl\u0131qlar al\u0131rs\u0131n\u0131z.<br \/>\n\u2714IP67 Suya v\u0259 Toza Dayan\u0131ql\u0131l\u0131q \u2013 A\u00e7\u0131q havada v\u0259 \u00e7\u0259tin \u015f\u0259raitl\u0259rd\u0259 istifad\u0259 \u00fc\u00e7\u00fcn ideal.<br \/>\n\u2714Daxili mikrofon \u2013 S\u0259sli n\u0259zar\u0259t imkan\u0131.<br \/>\n\u2714PoE (Power over Ethernet) d\u0259st\u0259yi \u2013 G\u00fcc v\u0259 m\u0259lumat\u0131 eyni kabel \u00fcz\u0259rind\u0259n \u00f6t\u00fcrm\u0259 imkan\u0131.<br \/>\n\ud83d\udd39 \u015e\u0259b\u0259k\u0259 v\u0259 Analoq Ba\u011flant\u0131lar<br \/>\n\u2714LAN Portu: 10\/100 Mbps Ethernet<br \/>\n\u2714ONVIF d\u0259st\u0259yi \u2013 M\u00fcxt\u0259lif NVR sisteml\u0259ri il\u0259 uy\u011funluq<br \/>\n\u2714Mobil T\u0259tbiq: Dahua DMSS App (iOS &#038; Android) \u2013 D\u00fcnyan\u0131n ist\u0259nil\u0259n yerind\u0259n idar\u0259 edin!<br \/>\n\ud83d\udd39 Yadda\u015f v\u0259 Qura\u015fd\u0131rma<br \/>\n\u2714MicroSD kart d\u0259st\u0259yi (256GB-a q\u0259d\u0259r) \u2013 Offline video saxlamaq \u00fc\u00e7\u00fcn.<br \/>\n\u2714Tavana v\u0259 divara montaj imkan\u0131.<\/p>\n","protected":false},"excerpt":{"rendered":"<p>Dahua DH-IPC-HDW1230T1-A (2.8mm) \u2013 2MP Full HD IP G\u00fcmb\u0259z Kamera<br \/>\n\u2714Dahua DH-IPC-HDW1230T1-A \u2013 ev v\u0259 i\u015f yerl\u0259ri \u00fc\u00e7\u00fcn ideal t\u0259hl\u00fck\u0259sizlik kameras\u0131d\u0131r. Full HD g\u00f6r\u00fcnt\u00fc, gec\u0259 g\u00f6rm\u0259, h\u0259r\u0259k\u0259t a\u015fkarlama v\u0259 ikit\u0259r\u0259fli s\u0259s rabit\u0259si kimi x\u00fcsusiyy\u0259tl\u0259r\u0259 malikdir. IP67 qoruma s\u0259viyy\u0259si say\u0259sind\u0259 h\u0259m daxili, h\u0259m d\u0259 xarici m\u0259kanlarda istifad\u0259 oluna bil\u0259r.<\/p>\n","protected":false},"featured_media":19198,"comment_status":"open","ping_status":"closed","template":"","meta":[],"product_cat":[4086,2803,5271],"product_tag":[3592,3591,3571,3570,3576,3589,3578,3588,3590,3574,3593],"class_list":{"0":"post-19197","1":"product","2":"type-product","3":"status-publish","4":"has-post-thumbnail","6":"product_cat-dahua","7":"product_cat-ip","8":"product_cat-thluksizlik-kamerasi","9":"product_tag-bizneshllr","10":"product_tag-biznesucun","11":"product_tag-dahuaazerbaijan","12":"product_tag-dahuaazrbaycan","13":"product_tag-dahuakameralari","14":"product_tag-dahuasiqnalizasiya","15":"product_tag-hllr","16":"product_tag-rahathyat","17":"product_tag-simsiz","18":"product_tag-thluksizlikkamerari","19":"product_tag-yenilik","20":"description-off","22":"first","23":"instock","24":"shipping-taxable","25":"purchasable","26":"product-type-simple"},"_links":{"self":[{"href":"https:\/\/setap.az\/index.php?rest_route=\/wp\/v2\/product\/19197","targetHints":{"allow":["GET"]}}],"collection":[{"href":"https:\/\/setap.az\/index.php?rest_route=\/wp\/v2\/product"}],"about":[{"href":"https:\/\/setap.az\/index.php?rest_route=\/wp\/v2\/types\/product"}],"replies":[{"embeddable":true,"href":"https:\/\/setap.az\/index.php?rest_route=%2Fwp%2Fv2%2Fcomments&post=19197"}],"wp:featuredmedia":[{"embeddable":true,"href":"https:\/\/setap.az\/index.php?rest_route=\/wp\/v2\/media\/19198"}],"wp:attachment":[{"href":"https:\/\/setap.az\/index.php?rest_route=%2Fwp%2Fv2%2Fmedia&parent=19197"}],"wp:term":[{"taxonomy":"product_cat","embeddable":true,"href":"https:\/\/setap.az\/index.php?rest_route=%2Fwp%2Fv2%2Fproduct_cat&post=19197"},{"taxonomy":"product_tag","embeddable":true,"href":"https:\/\/setap.az\/index.php?rest_route=%2Fwp%2Fv2%2Fproduct_tag&post=19197"}],"curies":[{"name":"wp","href":"https:\/\/api.w.org\/{rel}","templated":true}]}}