{"id":19203,"date":"2025-05-15T13:33:22","date_gmt":"2025-05-15T09:33:22","guid":{"rendered":"https:\/\/setap.az\/?post_type=product&#038;p=19203"},"modified":"2026-02-03T11:49:27","modified_gmt":"2026-02-03T07:49:27","slug":"hikvision-ds-2ce79h0t-it3ze-5-mp","status":"publish","type":"product","link":"https:\/\/setap.az\/?product=hikvision-ds-2ce79h0t-it3ze-5-mp","title":{"rendered":"Hikvision DS-2CE79H0T-IT3ZE \u2014 5 MP Analoq kamera"},"content":{"rendered":"<p>Hikvision DS-2CE79H0T-IT3ZE \u2014 5 MP Kamera<br \/>\nHikvision DS-2CE79H0T-IT3ZE \u2014 bu, 5 MP (2560\u00d71944) Turbo HD (HD-TVI) analog t\u0259hl\u00fck\u0259sizlik kameras\u0131d\u0131r v\u0259 motorlu varifokal lens, g\u00fccl\u00fc IR gec\u0259 g\u00f6r\u00fcnt\u00fcs\u00fc v\u0259 havan\u0131n t\u0259sirl\u0259rin\u0259 davaml\u0131 korpusla t\u0259chiz olunub.<br \/>\n5 MP CMOS sensor \u2014 y\u00fcks\u0259k q\u0259tnam\u0259 (2560 \u00d7 1944).<br \/>\nHD-TVI \/ analog video \u00e7\u0131x\u0131\u015f\u0131.<br \/>\n2.7 \u2013 13.5 mm motorized varifocal lens \u2014 zoom v\u0259 bax\u0131\u015f buca\u011f\u0131n\u0131 uzaqdan t\u0259nziml\u0259m\u0259k imkan\u0131.<br \/>\nG\u00f6r\u00fc\u015f buca\u011f\u0131 horizontal: t\u0259xmin\u0259n 95\u00b0\u200c\u2013\u200c26\u00b0.<br \/>\nSmart IR infraq\u0131rm\u0131z\u0131 i\u015f\u0131qland\u0131rma \u2014 gec\u0259 \u00fc\u00e7\u00fcn t\u0259xmin\u0259n 40 m effektli IR m\u0259saf\u0259si.<br \/>\nIR Cut Filter (Day\/Night) \u2014 avtomatik g\u00fcn\/gec\u0259 ke\u00e7idi.<br \/>\nDigital WDR \u2014 y\u00fcks\u0259k kontrastl\u0131 s\u0259hn\u0259l\u0259r \u00fc\u00e7\u00fcn daha ayd\u0131n g\u00f6r\u00fcnt\u00fc.<br \/>\n2D DNR s\u0259s-k\u00fcy\u00fcn azald\u0131lmas\u0131.<br \/>\nBLC, HLC, Global AE funksiyalar\u0131.<br \/>\nIP67 su v\u0259 tozdan qorunma \u2014 \u00e7\u00f6ld\u0259 istifad\u0259y\u0259 uy\u011fundur.<br \/>\nMetal korpus \u2014 davaml\u0131 struktur.<br \/>\n\u0130\u015fl\u0259m\u0259 temperaturu: -40 \u00b0C \u2026 +60 \u00b0C.<br \/>\n\u00d6l\u00e7\u00fc: 123.87 \u00d7 110.24 \u00d7 134.3 mm; \u00e7\u0259kisi ~595 g.<br \/>\nG\u00fcc: 12 VDC\/PoC (Power over Coaxial) d\u0259st\u0259yi.<br \/>\nTurbo HD TVI sisteml\u0259ri v\u0259 5 MP-\u0259 q\u0259d\u0259r HDTVI qeydiyyat cihazlar\u0131 il\u0259 uy\u011fun. <\/p>\n","protected":false},"excerpt":{"rendered":"<p>Hikvision DS-2CE79H0T-IT3ZE \u2014 5 MP \u00e7\u00f6z\u00fcn\u00fcrl\u00fckl\u00fc, motorlu varifokal lensli, Power over Coax (PoC) d\u0259st\u0259yi olan v\u0259 EXIR infraq\u0131rm\u0131z\u0131 texnologiyas\u0131 il\u0259 t\u0259chiz olunmu\u015f turret tipli analoq t\u0259hl\u00fck\u0259sizlik kameras\u0131d\u0131r. Bu model, gec\u0259 v\u0259 g\u00fcnd\u00fcz \u015f\u0259raitind\u0259 y\u00fcks\u0259k keyfiyy\u0259tli g\u00f6r\u00fcnt\u00fcl\u0259r t\u0259qdim edir v\u0259 daxili v\u0259 xarici m\u00fchitl\u0259rd\u0259 t\u0259hl\u00fck\u0259sizlik m\u00fc\u015fahid\u0259si \u00fc\u00e7\u00fcn ideal se\u00e7imdir .<\/p>\n","protected":false},"featured_media":19204,"comment_status":"open","ping_status":"closed","template":"","meta":[],"product_cat":[2802,4016,5271,2841],"product_tag":[3382,3132,2941,3379,3380,3385,3381,3383,2937,3260,2939,2934,3378,3135,3142,3071,3384],"class_list":{"0":"post-19203","1":"product","2":"type-product","3":"status-publish","4":"has-post-thumbnail","6":"product_cat-analoq","7":"product_cat-hikvision","8":"product_cat-thluksizlik-kamerasi","9":"product_cat-videonzart","10":"product_tag-camerainstallation","11":"product_tag-cctv","12":"product_tag-hikvision","13":"product_tag-hikvisioncamera","14":"product_tag-hikvisionsecurity","15":"product_tag-hikvisionsolutions","16":"product_tag-hikvisionsystem","17":"product_tag-hikvisiontechnology","18":"product_tag-homesecurity","19":"product_tag-ipcamera","20":"product_tag-securitycamera","21":"product_tag-smartsecurity","22":"product_tag-sumqayithikvision","23":"product_tag-surveillance","24":"product_tag-thluksizlik","25":"product_tag-thluksizlikkameralari","26":"product_tag-videosurveillance","27":"description-off","29":"first","30":"instock","31":"shipping-taxable","32":"purchasable","33":"product-type-simple"},"_links":{"self":[{"href":"https:\/\/setap.az\/index.php?rest_route=\/wp\/v2\/product\/19203","targetHints":{"allow":["GET"]}}],"collection":[{"href":"https:\/\/setap.az\/index.php?rest_route=\/wp\/v2\/product"}],"about":[{"href":"https:\/\/setap.az\/index.php?rest_route=\/wp\/v2\/types\/product"}],"replies":[{"embeddable":true,"href":"https:\/\/setap.az\/index.php?rest_route=%2Fwp%2Fv2%2Fcomments&post=19203"}],"wp:featuredmedia":[{"embeddable":true,"href":"https:\/\/setap.az\/index.php?rest_route=\/wp\/v2\/media\/19204"}],"wp:attachment":[{"href":"https:\/\/setap.az\/index.php?rest_route=%2Fwp%2Fv2%2Fmedia&parent=19203"}],"wp:term":[{"taxonomy":"product_cat","embeddable":true,"href":"https:\/\/setap.az\/index.php?rest_route=%2Fwp%2Fv2%2Fproduct_cat&post=19203"},{"taxonomy":"product_tag","embeddable":true,"href":"https:\/\/setap.az\/index.php?rest_route=%2Fwp%2Fv2%2Fproduct_tag&post=19203"}],"curies":[{"name":"wp","href":"https:\/\/api.w.org\/{rel}","templated":true}]}}