{"id":19205,"date":"2025-05-15T13:38:47","date_gmt":"2025-05-15T09:38:47","guid":{"rendered":"https:\/\/setap.az\/?post_type=product&#038;p=19205"},"modified":"2026-01-10T17:40:02","modified_gmt":"2026-01-10T13:40:02","slug":"hikvision-2ce12df3t-f-gec%c9%99-r%c9%99ngli-hd-kamera","status":"publish","type":"product","link":"https:\/\/setap.az\/?product=hikvision-2ce12df3t-f-gec%c9%99-r%c9%99ngli-hd-kamera","title":{"rendered":"&#8220;Hikvision 2CE12DF3T-F&#8221; Gec\u0259 r\u0259ngli 2MP Analoq HD kamera"},"content":{"rendered":"<p>Hikvision DS-2CE12DF3T-F 2MP Analoq (HD-TVI) t\u0259hl\u00fck\u0259sizlik kameras\u0131<br \/>\nQ\u0259tnam\u0259: 2 MP (1920\u00d71080 Full HD) \u2014 ayd\u0131n v\u0259 detall\u0131 g\u00f6r\u00fcnt\u00fc.<br \/>\nSensor: 2 MP CMOS sensor \u2014 keyfiyy\u0259tli g\u00fcnd\u00fcz v\u0259 gec\u0259 t\u0259sviri.<br \/>\nG\u00fcnd\u00fcz \/ Gec\u0259: ColorVu texnologiyas\u0131 il\u0259 24\/7 r\u0259ngli g\u00f6r\u00fcnt\u00fc.<br \/>\nGec\u0259g\u00f6rm\u0259 v\u0259 i\u015f\u0131qland\u0131rma<br \/>\nSmart White Light \u2014 kamera gec\u0259 zaman\u0131 a\u011f i\u015f\u0131q il\u0259 m\u00fchit\u0259 i\u015f\u0131q verir v\u0259 t\u0259xmin\u0259n 40 m-\u0259 q\u0259d\u0259r ayd\u0131n g\u00f6r\u00fcnt\u00fc \u0259ld\u0259 edir.<br \/>\nIR \/ i\u015f\u0131qland\u0131rma LED i\u015f\u0131qla r\u0259ngli gec\u0259 t\u0259sviri t\u0259min olunur.<br \/>\nLens v\u0259 bax\u0131\u015f buca\u011f\u0131<br \/>\nBu kamera sabit obyektivlidir (fokus d\u0259yi\u015fmir) v\u0259 bir ne\u00e7\u0259 lens variant\u0131 il\u0259 sat\u0131la bil\u0259r:<br \/>\n\u2714 2.8 mm \u2014 geni\u015f bucaq (\u224898\u00b0)<br \/>\n\u2714 3.6 mm \u2014 orta bucaq (\u224877\u00b0)<br \/>\n\u2714 6 mm \u2014 dar bucaq (\u224851\u00b0)<br \/>\nTrue WDR (\u2248130 dB) \u2014 arxa i\u015f\u0131q v\u0259 k\u0259skin kontrast\u0131 balansla\u015fd\u0131r\u0131r.<br \/>\n3D\/2D DNR \u2014 s\u0259s-k\u00fcy azald\u0131r, daha t\u0259miz g\u00f6r\u00fcnt\u00fc verir.<br \/>\nBLC\/HLC, Anti-banding v\u0259 dig\u0259r g\u00f6r\u00fcnt\u00fc t\u0259nziml\u0259m\u0259l\u0259ri d\u0259st\u0259kl\u0259nir.<br \/>\nPrivacy Mask: 4 proqramla\u015fd\u0131r\u0131la bil\u0259n m\u0259xfilik zonas\u0131.<br \/>\nBu kamera 4-\u00fc 1-d\u0259 siqnal \u00e7\u0131x\u0131\u015f\u0131n\u0131 d\u0259st\u0259kl\u0259yir, y\u0259ni bir portla TVI \/ AHD \/ CVI \/ CVBS formatlar\u0131na uy\u011fun t\u0259svir verir v\u0259 buna g\u00f6r\u0259 daha \u00e7ox DVR\/XVR il\u0259 uy\u011funla\u015fma t\u0259min edir.<br \/>\nKorpus tipi: Bullet (silindrik) \u2014 a\u00e7\u0131q hava \u00fc\u00e7\u00fcn uy\u011fundur.<br \/>\nQorunma: IP67 \u2013 suya v\u0259 toza qar\u015f\u0131 y\u00fcks\u0259k davaml\u0131l\u0131q.<br \/>\nMaterial: Metal korpus.<br \/>\nEnerji: 12 V DC g\u0259rginlik.<br \/>\n\u0130\u015f temperaturu: \u221240\u00b0C \u2026 +60\u00b0C.<\/p>\n","protected":false},"excerpt":{"rendered":"<p>Hikvision DS-2CE12DF3T-F \u2014 2 MP \u00e7\u00f6z\u00fcn\u00fcrl\u00fckl\u00fc, ColorVu texnologiyas\u0131 il\u0259 t\u0259chiz olunmu\u015f v\u0259 gec\u0259-g\u00fcnd\u00fcz r\u0259ngli g\u00f6r\u00fcnt\u00fc t\u0259min ed\u0259n bullet tipli analoq t\u0259hl\u00fck\u0259sizlik kameras\u0131d\u0131r. Bu model, a\u015fa\u011f\u0131 i\u015f\u0131q \u015f\u0259raitind\u0259 bel\u0259 y\u00fcks\u0259k keyfiyy\u0259tli v\u0259 r\u0259ngli g\u00f6r\u00fcnt\u00fcl\u0259r t\u0259qdim ed\u0259r\u0259k, t\u0259hl\u00fck\u0259sizlik v\u0259 m\u00fc\u015fahid\u0259 ehtiyaclar\u0131n\u0131z\u0131 effektiv \u015f\u0259kild\u0259 qar\u015f\u0131lay\u0131r .<\/p>\n","protected":false},"featured_media":19206,"comment_status":"open","ping_status":"closed","template":"","meta":[],"product_cat":[2802,4016,5271,2841],"product_tag":[3382,3132,2941,3379,2942,3380,3385,3381,3383,2937,3260,2939,2934,3378,3135,3142,3071,3384],"class_list":{"0":"post-19205","1":"product","2":"type-product","3":"status-publish","4":"has-post-thumbnail","6":"product_cat-analoq","7":"product_cat-hikvision","8":"product_cat-thluksizlik-kamerasi","9":"product_cat-videonzart","10":"product_tag-camerainstallation","11":"product_tag-cctv","12":"product_tag-hikvision","13":"product_tag-hikvisioncamera","14":"product_tag-hikvisioncctv","15":"product_tag-hikvisionsecurity","16":"product_tag-hikvisionsolutions","17":"product_tag-hikvisionsystem","18":"product_tag-hikvisiontechnology","19":"product_tag-homesecurity","20":"product_tag-ipcamera","21":"product_tag-securitycamera","22":"product_tag-smartsecurity","23":"product_tag-sumqayithikvision","24":"product_tag-surveillance","25":"product_tag-thluksizlik","26":"product_tag-thluksizlikkameralari","27":"product_tag-videosurveillance","28":"description-off","30":"first","31":"instock","32":"shipping-taxable","33":"purchasable","34":"product-type-simple"},"_links":{"self":[{"href":"https:\/\/setap.az\/index.php?rest_route=\/wp\/v2\/product\/19205","targetHints":{"allow":["GET"]}}],"collection":[{"href":"https:\/\/setap.az\/index.php?rest_route=\/wp\/v2\/product"}],"about":[{"href":"https:\/\/setap.az\/index.php?rest_route=\/wp\/v2\/types\/product"}],"replies":[{"embeddable":true,"href":"https:\/\/setap.az\/index.php?rest_route=%2Fwp%2Fv2%2Fcomments&post=19205"}],"wp:featuredmedia":[{"embeddable":true,"href":"https:\/\/setap.az\/index.php?rest_route=\/wp\/v2\/media\/19206"}],"wp:attachment":[{"href":"https:\/\/setap.az\/index.php?rest_route=%2Fwp%2Fv2%2Fmedia&parent=19205"}],"wp:term":[{"taxonomy":"product_cat","embeddable":true,"href":"https:\/\/setap.az\/index.php?rest_route=%2Fwp%2Fv2%2Fproduct_cat&post=19205"},{"taxonomy":"product_tag","embeddable":true,"href":"https:\/\/setap.az\/index.php?rest_route=%2Fwp%2Fv2%2Fproduct_tag&post=19205"}],"curies":[{"name":"wp","href":"https:\/\/api.w.org\/{rel}","templated":true}]}}