{"id":19207,"date":"2025-05-15T14:29:34","date_gmt":"2025-05-15T10:29:34","guid":{"rendered":"https:\/\/setap.az\/?post_type=product&#038;p=19207"},"modified":"2026-01-10T17:36:34","modified_gmt":"2026-01-10T13:36:34","slug":"ds-2ce12df3t-pirxos","status":"publish","type":"product","link":"https:\/\/setap.az\/?product=ds-2ce12df3t-pirxos","title":{"rendered":"DS-2CE12DF3T-PIRXOS 2MP Analoq Kamera"},"content":{"rendered":"<p>Hikvision DS-2CE12DF3T-PIRXOS 2MP Analoq HD-TVI t\u0259hl\u00fck\u0259sizlik kameras\u0131d\u0131r<br \/>\n\u00c7\u00f6z\u00fcn\u00fcrl\u00fck: 2 MP Full HD (1920\u00d71080) g\u00f6r\u00fcnt\u00fc.<br \/>\nKamera tipi: Bullet (silindrik) analoq kamera.<br \/>\nQo\u015fulma: HD-TVI (TVI\/AHD\/CVI\/CVBS \u201c4-\u00fc 1-d\u0259\u201d format) vasit\u0259sil\u0259 DVR-\u0259 qo\u015fulur.<br \/>\nKorpus: Metal + plastik, IP67 \u2014 suya v\u0259 toza qar\u015f\u0131 qorunma.<br \/>\nG\u00fcnd\u00fcz\/Gec\u0259: 24\/7 r\u0259ngli g\u00f6r\u00fcnt\u00fc (ColorVu texnologiyas\u0131).<br \/>\nWDR \/ 3D DNR: Geni\u015f dinamik aral\u0131q v\u0259 s\u0259s-k\u00fcy azald\u0131c\u0131 texnologiyalar.<br \/>\n\u2714 Smart White Light \u2014 gec\u0259 i\u015f\u0131qland\u0131rmas\u0131 il\u0259 t\u0259xmin\u0259n 40 m-\u0259 q\u0259d\u0259r ayd\u0131n g\u00f6r\u00fcnt\u00fc.<br \/>\n\u2714 PIR H\u0259r\u0259k\u0259t Sensoru \u2014 insan\u0131n istilik h\u0259r\u0259k\u0259tini a\u015fkar edir (t\u0259xmin\u0259n 11 m, 110\u00b0 bucaq).<br \/>\n\u2714 Aktiv sirena + strobe i\u015f\u0131q \u2014 \u015f\u00fcbh\u0259li v\u0259ziyy\u0259td\u0259 s\u0259sli siqnal v\u0259 i\u015f\u0131qla x\u0259b\u0259rdarl\u0131q verir.<br \/>\n\u2714 Daxili mikrofon v\u0259 spiker \u2014 audio giri\u015f\/\u00e7\u0131x\u0131\u015f var, DVR \u00fcz\u0259rind\u0259n s\u0259sli x\u0259b\u0259rdarl\u0131qlar m\u00fcmk\u00fcnd\u00fcr.<br \/>\nBu model sabit obyektivli olur v\u0259 bir ne\u00e7\u0259 variantda sat\u0131la bil\u0259r:<br \/>\n\u2022 2.8 mm \u2014 geni\u015f bucaq (\u224898\u00b0 \u00fcf\u00fcqi)<br \/>\n\u2022 3.6 mm \u2014 orta bucaq (\u224877\u00b0 \u00fcf\u00fcqi)<br \/>\n\u2022 6 mm \u2014 dar bucaq (\u224851\u00b0 \u00fcf\u00fcqi)<br \/>\nVideo \u00e7\u0131x\u0131\u015f\u0131: 1 \u0259d\u0259d HD analoq (TVI)<br \/>\nAlarm \u00e7\u0131x\u0131\u015f\u0131: 1 x\u0259tt<br \/>\nPIR: H\u0259r\u0259k\u0259t olduqda aktivl\u0259\u015fir<br \/>\nFlash sirena: Q\u0131rm\u0131z\u0131-mavi i\u015f\u0131q v\u0259 s\u0259s siqnal\u0131 il\u0259 qorxu effekti yaratma<br \/>\nMotion detection: DVR-d\u0259 4 sah\u0259 \u00fczr\u0259 h\u0259r\u0259k\u0259t a\u015fkarlanmas\u0131 d\u0259st\u0259yi<br \/>\nEnerji: 12 V DC (maks. 11.4 W)<br \/>\n\u0130\u015f temperaturu: \u221240 \u00b0C \u2026 +60 \u00b0C<br \/>\nHava n\u0259mlik: \u2264 90% (kondensasiya olmadan)<\/p>\n","protected":false},"excerpt":{"rendered":"<p>Hikvision DS-2CE12DF3T-PIRXOS, t\u0259hl\u00fck\u0259sizlik v\u0259 n\u0259zar\u0259t sisteml\u0259ri \u00fc\u00e7\u00fcn n\u0259z\u0259rd\u0259 tutulmu\u015f 2 MP-lik r\u0259ngli g\u00f6r\u00fcnt\u00fc t\u0259qdim ed\u0259n bullet tipli analog HD kamerad\u0131r. Bu model ColorVu texnologiyas\u0131, PIR sensoru v\u0259 aktiv x\u0259b\u0259rdarl\u0131q funksiyalar\u0131 il\u0259 t\u0259chiz olunub.<br \/>\nDS-2CE12DF3T-PIRXOS modeli, x\u00fcsusil\u0259 gec\u0259 v\u0259 z\u0259if i\u015f\u0131q \u015f\u0259raitind\u0259 r\u0259ngli g\u00f6r\u00fcnt\u00fc t\u0259min etm\u0259 qabiliyy\u0259ti il\u0259 se\u00e7ilir. PIR sensoru v\u0259 aktiv x\u0259b\u0259rdarl\u0131q funksiyalar\u0131 il\u0259 birlikd\u0259, bu kamera t\u0259hl\u00fck\u0259sizlik sisteml\u0259rind\u0259 effektiv n\u0259zar\u0259t v\u0259 m\u00fcdaxil\u0259 imkanlar\u0131 t\u0259qdim edir.<\/p>\n","protected":false},"featured_media":19208,"comment_status":"open","ping_status":"closed","template":"","meta":[],"product_cat":[2802,4016,5271,2841],"product_tag":[3382,3132,2941,3379,3380,3385,3381,3383,2937,3260,2939,2934,3378,3135,3142,3071,3384],"class_list":{"0":"post-19207","1":"product","2":"type-product","3":"status-publish","4":"has-post-thumbnail","6":"product_cat-analoq","7":"product_cat-hikvision","8":"product_cat-thluksizlik-kamerasi","9":"product_cat-videonzart","10":"product_tag-camerainstallation","11":"product_tag-cctv","12":"product_tag-hikvision","13":"product_tag-hikvisioncamera","14":"product_tag-hikvisionsecurity","15":"product_tag-hikvisionsolutions","16":"product_tag-hikvisionsystem","17":"product_tag-hikvisiontechnology","18":"product_tag-homesecurity","19":"product_tag-ipcamera","20":"product_tag-securitycamera","21":"product_tag-smartsecurity","22":"product_tag-sumqayithikvision","23":"product_tag-surveillance","24":"product_tag-thluksizlik","25":"product_tag-thluksizlikkameralari","26":"product_tag-videosurveillance","27":"description-off","29":"first","30":"instock","31":"shipping-taxable","32":"purchasable","33":"product-type-simple"},"_links":{"self":[{"href":"https:\/\/setap.az\/index.php?rest_route=\/wp\/v2\/product\/19207","targetHints":{"allow":["GET"]}}],"collection":[{"href":"https:\/\/setap.az\/index.php?rest_route=\/wp\/v2\/product"}],"about":[{"href":"https:\/\/setap.az\/index.php?rest_route=\/wp\/v2\/types\/product"}],"replies":[{"embeddable":true,"href":"https:\/\/setap.az\/index.php?rest_route=%2Fwp%2Fv2%2Fcomments&post=19207"}],"wp:featuredmedia":[{"embeddable":true,"href":"https:\/\/setap.az\/index.php?rest_route=\/wp\/v2\/media\/19208"}],"wp:attachment":[{"href":"https:\/\/setap.az\/index.php?rest_route=%2Fwp%2Fv2%2Fmedia&parent=19207"}],"wp:term":[{"taxonomy":"product_cat","embeddable":true,"href":"https:\/\/setap.az\/index.php?rest_route=%2Fwp%2Fv2%2Fproduct_cat&post=19207"},{"taxonomy":"product_tag","embeddable":true,"href":"https:\/\/setap.az\/index.php?rest_route=%2Fwp%2Fv2%2Fproduct_tag&post=19207"}],"curies":[{"name":"wp","href":"https:\/\/api.w.org\/{rel}","templated":true}]}}